{"id":22727,"date":"2026-02-04T00:04:10","date_gmt":"2026-02-03T21:04:10","guid":{"rendered":"https:\/\/a-pant.ee\/product\/elektrosamokat-ninebot-kickscooter-es2\/"},"modified":"2026-02-22T12:48:38","modified_gmt":"2026-02-22T09:48:38","slug":"elektro-samokat-segway-ninebot-d38e-zaryadka","status":"publish","type":"product","link":"https:\/\/a-pant.ee\/ru\/product\/elektro-samokat-segway-ninebot-d38e-zaryadka\/","title":{"rendered":"\u042d\u043b\u0435\u043a\u0442\u0440\u043e-\u0441\u0430\u043c\u043e\u043a\u0430\u0442 Segway Ninebot D38E + \u0437\u0430\u0440\u044f\u0434\u043a\u0430"},"content":{"rendered":"\n<div id=\"description\"><div><p><b> Elektriline t\u00f5ukeratas Segway Ninebot Kickscooter ES2 <\/b> \u00a0heas seisu- ja t\u00f6\u00f6korras! <\/p><p> laadija <\/p><p> L\u00fchidalt toote kohta <br \/> Maksimaalne koormus 100 kg <br \/> L\u00fc\u00fca kuni 25 km ilma laadimata <br \/> Kaal 12,5 kg <br \/> Kujundusv\u00f5istluse omadused, kokkupandav, helendavad rattad, valatud rattad <br \/> Elektrilise t\u00f5ukeratta ekraani omadused, p\u00fcsikiiruse regulaator, Bluetoothi \u200b\u200btugi, esilaterna (laterna), nutitelefoni rakendamine <br \/> Asendusvahend <br \/> Raami materiaalne alumiiniumsulam <br \/> Rattaratas on pol\u00fcuretaan <br \/> Pidurijuhendi t\u00fc\u00fcp <\/p><\/div><\/div>\n","protected":false},"excerpt":{"rendered":"<p>Elektriline t\u00f5ukeratas Segway Ninebot Kickscooter ES2 \u00a0heas seisu- ja t\u00f6\u00f6korras! laadija L\u00fchidalt toote kohta Maksimaalne koormus 100 kg L\u00fc\u00fca kuni 25 km ilma laadimata Kaal 12,5 kg Kujundusv\u00f5istluse omadused, kokkupandav, helendavad rattad, valatud rattad Elektrilise t\u00f5ukeratta ekraani omadused, p\u00fcsikiiruse regulaator, Bluetoothi \u200b\u200btugi, esilaterna (laterna), nutitelefoni rakendamine Asendusvahend Raami materiaalne alumiiniumsulam Rattaratas on pol\u00fcuretaan Pidurijuhendi t\u00fc\u00fcp<\/p>\n","protected":false},"featured_media":22728,"comment_status":"closed","ping_status":"open","template":"","meta":{"inline_featured_image":false},"product_brand":[],"product_cat":[215],"product_tag":[],"class_list":{"0":"post-22727","1":"product","2":"type-product","3":"status-publish","4":"has-post-thumbnail","6":"product_cat-elektricheskie-samokaty","7":"product_shipping_class-oversize","8":"pa_asukoht-mustamae","9":"pa_seisukord-ispolzovano","11":"first","12":"instock","13":"taxable","14":"shipping-taxable","15":"purchasable","16":"product-type-simple"},"_links":{"self":[{"href":"https:\/\/a-pant.ee\/ru\/wp-json\/wp\/v2\/product\/22727","targetHints":{"allow":["GET"]}}],"collection":[{"href":"https:\/\/a-pant.ee\/ru\/wp-json\/wp\/v2\/product"}],"about":[{"href":"https:\/\/a-pant.ee\/ru\/wp-json\/wp\/v2\/types\/product"}],"replies":[{"embeddable":true,"href":"https:\/\/a-pant.ee\/ru\/wp-json\/wp\/v2\/comments?post=22727"}],"wp:featuredmedia":[{"embeddable":true,"href":"https:\/\/a-pant.ee\/ru\/wp-json\/wp\/v2\/media\/22728"}],"wp:attachment":[{"href":"https:\/\/a-pant.ee\/ru\/wp-json\/wp\/v2\/media?parent=22727"}],"wp:term":[{"taxonomy":"product_brand","embeddable":true,"href":"https:\/\/a-pant.ee\/ru\/wp-json\/wp\/v2\/product_brand?post=22727"},{"taxonomy":"product_cat","embeddable":true,"href":"https:\/\/a-pant.ee\/ru\/wp-json\/wp\/v2\/product_cat?post=22727"},{"taxonomy":"product_tag","embeddable":true,"href":"https:\/\/a-pant.ee\/ru\/wp-json\/wp\/v2\/product_tag?post=22727"}],"curies":[{"name":"wp","href":"https:\/\/api.w.org\/{rel}","templated":true}]}}