{"id":22721,"date":"2026-02-04T00:04:10","date_gmt":"2026-02-03T21:04:10","guid":{"rendered":"https:\/\/a-pant.ee\/product\/naushniki-a-jays-four-polnyy-komplekt\/"},"modified":"2026-02-22T12:48:38","modified_gmt":"2026-02-22T09:48:38","slug":"naushniki-a-jays-four-polnyj-komplekt","status":"publish","type":"product","link":"https:\/\/a-pant.ee\/ru\/product\/naushniki-a-jays-four-polnyj-komplekt\/","title":{"rendered":"\u041d\u0430\u0443\u0448\u043d\u0438\u043a\u0438 a-JAYS Four \u041f\u043e\u043b\u043d\u044b\u0439 \u041a\u043e\u043c\u043f\u043b\u0435\u043a\u0442"},"content":{"rendered":"\n<p> K\u00f5rvaklapid a-JAYS Four T\u00e4iskomplekt, heas seisu- ja t\u00f6\u00f6korras! <\/p><p> KIRJELDUS <\/p>\n","protected":false},"excerpt":{"rendered":"<p>K\u00f5rvaklapid a-JAYS Four T\u00e4iskomplekt, heas seisu- ja t\u00f6\u00f6korras! KIRJELDUS<\/p>\n","protected":false},"featured_media":22722,"comment_status":"closed","ping_status":"open","template":"","meta":{"inline_featured_image":false},"product_brand":[],"product_cat":[168],"product_tag":[],"class_list":{"0":"post-22721","1":"product","2":"type-product","3":"status-publish","4":"has-post-thumbnail","6":"product_cat-naushniki","7":"pa_asukoht-lasnamae","8":"pa_seisukord-ispolzovano","10":"first","11":"instock","12":"taxable","13":"shipping-taxable","14":"purchasable","15":"product-type-simple"},"_links":{"self":[{"href":"https:\/\/a-pant.ee\/ru\/wp-json\/wp\/v2\/product\/22721","targetHints":{"allow":["GET"]}}],"collection":[{"href":"https:\/\/a-pant.ee\/ru\/wp-json\/wp\/v2\/product"}],"about":[{"href":"https:\/\/a-pant.ee\/ru\/wp-json\/wp\/v2\/types\/product"}],"replies":[{"embeddable":true,"href":"https:\/\/a-pant.ee\/ru\/wp-json\/wp\/v2\/comments?post=22721"}],"wp:featuredmedia":[{"embeddable":true,"href":"https:\/\/a-pant.ee\/ru\/wp-json\/wp\/v2\/media\/22722"}],"wp:attachment":[{"href":"https:\/\/a-pant.ee\/ru\/wp-json\/wp\/v2\/media?parent=22721"}],"wp:term":[{"taxonomy":"product_brand","embeddable":true,"href":"https:\/\/a-pant.ee\/ru\/wp-json\/wp\/v2\/product_brand?post=22721"},{"taxonomy":"product_cat","embeddable":true,"href":"https:\/\/a-pant.ee\/ru\/wp-json\/wp\/v2\/product_cat?post=22721"},{"taxonomy":"product_tag","embeddable":true,"href":"https:\/\/a-pant.ee\/ru\/wp-json\/wp\/v2\/product_tag?post=22721"}],"curies":[{"name":"wp","href":"https:\/\/api.w.org\/{rel}","templated":true}]}}