{"id":22682,"date":"2026-02-04T00:04:10","date_gmt":"2026-02-03T21:04:10","guid":{"rendered":"https:\/\/a-pant.ee\/product\/klyuch-1-2-80-400nm-2-way-v-sonic\/"},"modified":"2026-02-22T12:48:37","modified_gmt":"2026-02-22T09:48:37","slug":"klyuch-1-2-80-400nm-2-way-v-sonic-chemodan","status":"publish","type":"product","link":"https:\/\/a-pant.ee\/ru\/product\/klyuch-1-2-80-400nm-2-way-v-sonic-chemodan\/","title":{"rendered":"\u041a\u043b\u044e\u0447 1\/2&#187; 80-400NM 2-WAY V SONIC + \u0447\u0435\u043c\u043e\u0434\u0430\u043d"},"content":{"rendered":"\n<div id=\"description\"><div><p> Momentiv\u00f5ti 1\/2 80-400NM 2-WAY V SONIC + kohver\u00a0, heas seisu- ja t\u00f6\u00f6korras! <\/p><p> KIRJELDUS <\/p><p> Profikasutamiseks m\u00f5eldud momentv\u00f5ti. mis t\u00f6\u00f6tab kahte pidi. Vaateakna sees m\u00f5\u00f5teskaala h\u00f5lbustab soovitud momendi seadmist. Kattev momendivahemik 80-400 Nm. mis katab ka uuemate s\u00f5idukite ja maasturite ning busside pingutusmomendid. <\/p><\/div><\/div><div><p> Kaupa ei v\u00f5eta vastu <\/p><\/div>\n","protected":false},"excerpt":{"rendered":"<p>Momentiv\u00f5ti 1\/2 80-400NM 2-WAY V SONIC + kohver\u00a0, heas seisu- ja t\u00f6\u00f6korras! KIRJELDUS Profikasutamiseks m\u00f5eldud momentv\u00f5ti. mis t\u00f6\u00f6tab kahte pidi. Vaateakna sees m\u00f5\u00f5teskaala h\u00f5lbustab soovitud momendi seadmist. Kattev momendivahemik 80-400 Nm. mis katab ka uuemate s\u00f5idukite ja maasturite ning busside pingutusmomendid. Kaupa ei v\u00f5eta vastu<\/p>\n","protected":false},"featured_media":22683,"comment_status":"closed","ping_status":"open","template":"","meta":{"inline_featured_image":false},"product_brand":[],"product_cat":[158],"product_tag":[],"class_list":{"0":"post-22682","1":"product","2":"type-product","3":"status-publish","4":"has-post-thumbnail","6":"product_cat-vse-dlya-avtomobilya","7":"pa_asukoht-lasnamae","8":"pa_seisukord-ispolzovano","10":"first","11":"instock","12":"taxable","13":"shipping-taxable","14":"purchasable","15":"product-type-simple"},"_links":{"self":[{"href":"https:\/\/a-pant.ee\/ru\/wp-json\/wp\/v2\/product\/22682","targetHints":{"allow":["GET"]}}],"collection":[{"href":"https:\/\/a-pant.ee\/ru\/wp-json\/wp\/v2\/product"}],"about":[{"href":"https:\/\/a-pant.ee\/ru\/wp-json\/wp\/v2\/types\/product"}],"replies":[{"embeddable":true,"href":"https:\/\/a-pant.ee\/ru\/wp-json\/wp\/v2\/comments?post=22682"}],"wp:featuredmedia":[{"embeddable":true,"href":"https:\/\/a-pant.ee\/ru\/wp-json\/wp\/v2\/media\/22683"}],"wp:attachment":[{"href":"https:\/\/a-pant.ee\/ru\/wp-json\/wp\/v2\/media?parent=22682"}],"wp:term":[{"taxonomy":"product_brand","embeddable":true,"href":"https:\/\/a-pant.ee\/ru\/wp-json\/wp\/v2\/product_brand?post=22682"},{"taxonomy":"product_cat","embeddable":true,"href":"https:\/\/a-pant.ee\/ru\/wp-json\/wp\/v2\/product_cat?post=22682"},{"taxonomy":"product_tag","embeddable":true,"href":"https:\/\/a-pant.ee\/ru\/wp-json\/wp\/v2\/product_tag?post=22682"}],"curies":[{"name":"wp","href":"https:\/\/api.w.org\/{rel}","templated":true}]}}