{"id":22677,"date":"2026-02-04T00:04:10","date_gmt":"2026-02-03T21:04:10","guid":{"rendered":"https:\/\/a-pant.ee\/product\/mobilnyy-telefon-huawei-y5-ii-4g-2sim-cun-l21\/"},"modified":"2026-02-22T12:48:37","modified_gmt":"2026-02-22T09:48:37","slug":"mobilnyj-telefon-huawei-y5-ii-4g-2sim-cun-l21","status":"publish","type":"product","link":"https:\/\/a-pant.ee\/ru\/product\/mobilnyj-telefon-huawei-y5-ii-4g-2sim-cun-l21\/","title":{"rendered":"\u041c\u043e\u0431\u0438\u043b\u044c\u043d\u044b\u0439 \u0442\u0435\u043b\u0435\u0444\u043e\u043d Huawei Y5 II 4G 2SIM\/CUN-L21"},"content":{"rendered":"\n<p> Mobiiltelefon Huawei Y5 II 4G 2SIM\/CUN-L21, heas seisu- ja t\u00f6\u00f6korras! <\/p><p> KIRJELDUS <\/p><p> Memory 1024 <br \/> V\u00e4rv must <br \/> Ekraani suurus 5&#8243; <br \/> Bluetooth Jah <br \/> Fm raadio Jah <br \/> Cpu MT6735P,4 1.3GHz <br \/> Pakendi maht 0.0008143 <br \/> Gprs Jah <br \/> Edge Jah <br \/> 3g Jah <br \/> Hsdpa Jah <br \/> Wifi Jah <\/p>\n","protected":false},"excerpt":{"rendered":"<p>Mobiiltelefon Huawei Y5 II 4G 2SIM\/CUN-L21, heas seisu- ja t\u00f6\u00f6korras! KIRJELDUS Memory 1024 V\u00e4rv must Ekraani suurus 5&#8243; Bluetooth Jah Fm raadio Jah Cpu MT6735P,4 1.3GHz Pakendi maht 0.0008143 Gprs Jah Edge Jah 3g Jah Hsdpa Jah Wifi Jah<\/p>\n","protected":false},"featured_media":22678,"comment_status":"closed","ping_status":"closed","template":"","meta":{"inline_featured_image":false},"product_brand":[],"product_cat":[171],"product_tag":[],"class_list":{"0":"post-22677","1":"product","2":"type-product","3":"status-publish","4":"has-post-thumbnail","6":"product_cat-mobilnye-telefony","7":"pa_asukoht-mustamae","8":"pa_seisukord-ispolzovano","10":"first","11":"outofstock","12":"taxable","13":"shipping-taxable","14":"purchasable","15":"product-type-simple"},"_links":{"self":[{"href":"https:\/\/a-pant.ee\/ru\/wp-json\/wp\/v2\/product\/22677","targetHints":{"allow":["GET"]}}],"collection":[{"href":"https:\/\/a-pant.ee\/ru\/wp-json\/wp\/v2\/product"}],"about":[{"href":"https:\/\/a-pant.ee\/ru\/wp-json\/wp\/v2\/types\/product"}],"replies":[{"embeddable":true,"href":"https:\/\/a-pant.ee\/ru\/wp-json\/wp\/v2\/comments?post=22677"}],"wp:featuredmedia":[{"embeddable":true,"href":"https:\/\/a-pant.ee\/ru\/wp-json\/wp\/v2\/media\/22678"}],"wp:attachment":[{"href":"https:\/\/a-pant.ee\/ru\/wp-json\/wp\/v2\/media?parent=22677"}],"wp:term":[{"taxonomy":"product_brand","embeddable":true,"href":"https:\/\/a-pant.ee\/ru\/wp-json\/wp\/v2\/product_brand?post=22677"},{"taxonomy":"product_cat","embeddable":true,"href":"https:\/\/a-pant.ee\/ru\/wp-json\/wp\/v2\/product_cat?post=22677"},{"taxonomy":"product_tag","embeddable":true,"href":"https:\/\/a-pant.ee\/ru\/wp-json\/wp\/v2\/product_tag?post=22677"}],"curies":[{"name":"wp","href":"https:\/\/api.w.org\/{rel}","templated":true}]}}