{"id":22671,"date":"2026-02-04T00:04:10","date_gmt":"2026-02-03T21:04:10","guid":{"rendered":"https:\/\/a-pant.ee\/product\/dizelnaya-vodyhoduvka-hpg-zb-k45\/"},"modified":"2026-02-22T12:48:37","modified_gmt":"2026-02-22T09:48:37","slug":"dizelnaya-vozduhoduvka-hpg-zb-k45","status":"publish","type":"product","link":"https:\/\/a-pant.ee\/ru\/product\/dizelnaya-vozduhoduvka-hpg-zb-k45\/","title":{"rendered":"\u0414\u0438\u0437\u0435\u043b\u044c\u043d\u0430\u044f \u0432\u043e\u0437\u0434\u0443\u0445\u043e\u0434\u0443\u0432\u043a\u0430 HPG ZB-K45"},"content":{"rendered":"\n<div id=\"description\"><div><p><b> Diiselpuhur HPG ZB-K45\u00a0 <\/b> , heas seisu- ja t\u00f6\u00f6korras! <\/p><p> V\u00f5imsus: 13 kW, 220 V, 60\/50 Hz. <br \/> K\u00fctusekulu: 1,3 l\/h. <br \/> K\u00fctusepaak: 19 l. <br \/> K\u00f6etav ala: 101 m\u00b2. <br \/> Ilma termostaadita. <br \/> Kaal: 12,7 kg. <\/p><\/div><\/div>\n","protected":false},"excerpt":{"rendered":"<p>Diiselpuhur HPG ZB-K45\u00a0 , heas seisu- ja t\u00f6\u00f6korras! V\u00f5imsus: 13 kW, 220 V, 60\/50 Hz. K\u00fctusekulu: 1,3 l\/h. K\u00fctusepaak: 19 l. K\u00f6etav ala: 101 m\u00b2. Ilma termostaadita. Kaal: 12,7 kg.<\/p>\n","protected":false},"featured_media":22672,"comment_status":"closed","ping_status":"closed","template":"","meta":{"inline_featured_image":false},"product_brand":[],"product_cat":[246],"product_tag":[],"class_list":{"0":"post-22671","1":"product","2":"type-product","3":"status-publish","4":"has-post-thumbnail","6":"product_cat-instrumenty-drugoe","7":"product_shipping_class-oversize","8":"pa_asukoht-mustamae","9":"pa_seisukord-ispolzovano","11":"first","12":"instock","13":"taxable","14":"shipping-taxable","15":"purchasable","16":"product-type-simple"},"_links":{"self":[{"href":"https:\/\/a-pant.ee\/ru\/wp-json\/wp\/v2\/product\/22671","targetHints":{"allow":["GET"]}}],"collection":[{"href":"https:\/\/a-pant.ee\/ru\/wp-json\/wp\/v2\/product"}],"about":[{"href":"https:\/\/a-pant.ee\/ru\/wp-json\/wp\/v2\/types\/product"}],"replies":[{"embeddable":true,"href":"https:\/\/a-pant.ee\/ru\/wp-json\/wp\/v2\/comments?post=22671"}],"wp:featuredmedia":[{"embeddable":true,"href":"https:\/\/a-pant.ee\/ru\/wp-json\/wp\/v2\/media\/22672"}],"wp:attachment":[{"href":"https:\/\/a-pant.ee\/ru\/wp-json\/wp\/v2\/media?parent=22671"}],"wp:term":[{"taxonomy":"product_brand","embeddable":true,"href":"https:\/\/a-pant.ee\/ru\/wp-json\/wp\/v2\/product_brand?post=22671"},{"taxonomy":"product_cat","embeddable":true,"href":"https:\/\/a-pant.ee\/ru\/wp-json\/wp\/v2\/product_cat?post=22671"},{"taxonomy":"product_tag","embeddable":true,"href":"https:\/\/a-pant.ee\/ru\/wp-json\/wp\/v2\/product_tag?post=22671"}],"curies":[{"name":"wp","href":"https:\/\/api.w.org\/{rel}","templated":true}]}}