{"id":22660,"date":"2026-02-04T00:04:10","date_gmt":"2026-02-03T21:04:10","guid":{"rendered":"https:\/\/a-pant.ee\/product\/akkumulyatornyy-udarnyy-shurupovert-makita-dtd152z\/"},"modified":"2026-02-22T12:48:37","modified_gmt":"2026-02-22T09:48:37","slug":"akkumulyatornyj-udarnyj-shurupovert-makita-dtd152z-3ah","status":"publish","type":"product","link":"https:\/\/a-pant.ee\/ru\/product\/akkumulyatornyj-udarnyj-shurupovert-makita-dtd152z-3ah\/","title":{"rendered":"\u0410\u043a\u043a\u0443\u043c\u0443\u043b\u044f\u0442\u043e\u0440\u043d\u044b\u0439 \u0443\u0434\u0430\u0440\u043d\u044b\u0439 \u0448\u0443\u0440\u0443\u043f\u043e\u0432\u0435\u0440\u0442 Makita DTD152Z 3ah"},"content":{"rendered":"\n<div id=\"description\"><div><p><b> Aku-trell Makita DTD152Z 3ah\u00a0 <\/b> , heas seisu- ja t\u00f6\u00f6korras! <\/p><p> Aku pinge 18 V <br \/> Maksimaalne p\u00f6\u00f6rdemoment <br \/> 165 Nm <br \/> Kaal <br \/> 1,12 kg <br \/> Makita 18V LXT akus\u00fcsteem <br \/> Pakkimiskarp <br \/> Konstruktsioonis on kasutatud otsikuid ilma padrunita, kohtvalgusti lamp <br \/> Funktsioonid \u00fclekoormuskaitse, tagurdamine, kiiruse reguleerimine, mootoripidur <br \/> Natuke padrun t\u00fc\u00fcpi <br \/> Max t\u00fchik\u00e4igul 2900 p\/min <\/p><\/div><\/div>\n","protected":false},"excerpt":{"rendered":"<p>Aku-trell Makita DTD152Z 3ah\u00a0 , heas seisu- ja t\u00f6\u00f6korras! Aku pinge 18 V Maksimaalne p\u00f6\u00f6rdemoment 165 Nm Kaal 1,12 kg Makita 18V LXT akus\u00fcsteem Pakkimiskarp Konstruktsioonis on kasutatud otsikuid ilma padrunita, kohtvalgusti lamp Funktsioonid \u00fclekoormuskaitse, tagurdamine, kiiruse reguleerimine, mootoripidur Natuke padrun t\u00fc\u00fcpi Max t\u00fchik\u00e4igul 2900 p\/min<\/p>\n","protected":false},"featured_media":22661,"comment_status":"closed","ping_status":"open","template":"","meta":{"inline_featured_image":false},"product_brand":[],"product_cat":[221],"product_tag":[],"class_list":{"0":"post-22660","1":"product","2":"type-product","3":"status-publish","4":"has-post-thumbnail","6":"product_cat-akkumulyatornye-dreli","7":"pa_asukoht-mustamae","8":"pa_seisukord-ispolzovano","10":"first","11":"instock","12":"taxable","13":"shipping-taxable","14":"purchasable","15":"product-type-simple"},"_links":{"self":[{"href":"https:\/\/a-pant.ee\/ru\/wp-json\/wp\/v2\/product\/22660","targetHints":{"allow":["GET"]}}],"collection":[{"href":"https:\/\/a-pant.ee\/ru\/wp-json\/wp\/v2\/product"}],"about":[{"href":"https:\/\/a-pant.ee\/ru\/wp-json\/wp\/v2\/types\/product"}],"replies":[{"embeddable":true,"href":"https:\/\/a-pant.ee\/ru\/wp-json\/wp\/v2\/comments?post=22660"}],"wp:featuredmedia":[{"embeddable":true,"href":"https:\/\/a-pant.ee\/ru\/wp-json\/wp\/v2\/media\/22661"}],"wp:attachment":[{"href":"https:\/\/a-pant.ee\/ru\/wp-json\/wp\/v2\/media?parent=22660"}],"wp:term":[{"taxonomy":"product_brand","embeddable":true,"href":"https:\/\/a-pant.ee\/ru\/wp-json\/wp\/v2\/product_brand?post=22660"},{"taxonomy":"product_cat","embeddable":true,"href":"https:\/\/a-pant.ee\/ru\/wp-json\/wp\/v2\/product_cat?post=22660"},{"taxonomy":"product_tag","embeddable":true,"href":"https:\/\/a-pant.ee\/ru\/wp-json\/wp\/v2\/product_tag?post=22660"}],"curies":[{"name":"wp","href":"https:\/\/api.w.org\/{rel}","templated":true}]}}