{"id":22655,"date":"2026-02-04T00:04:10","date_gmt":"2026-02-03T21:04:10","guid":{"rendered":"https:\/\/a-pant.ee\/product\/lazernyj-uroven-bosch-gll-3-50\/"},"modified":"2026-02-22T12:48:37","modified_gmt":"2026-02-22T09:48:37","slug":"lazernyj-uroven-bosch-gll-3-50-chemodan","status":"publish","type":"product","link":"https:\/\/a-pant.ee\/ru\/product\/lazernyj-uroven-bosch-gll-3-50-chemodan\/","title":{"rendered":"\u041b\u0430\u0437\u0435\u0440\u043d\u044b\u0439 \u0443\u0440\u043e\u0432\u0435\u043d\u044c BOSCH GLL 3-50 + \u0427\u0435\u043c\u043e\u0434\u0430\u043d"},"content":{"rendered":"\n<p> Ristlaser BOSCH GLL 3-50 + Kohver, heas seisu- ja t\u00f6\u00f6korras! <\/p><p> KIRJELDUS <\/p><p> Tala v\u00e4rv on punane <br \/> T\u00fc\u00fcpi laseriga lineaarne <br \/> Kiirte arv 3 <br \/> Tala t\u00fc\u00fcp on vertikaalne, horisontaalne, rist <br \/> Ehitusvahemik ilma vastuv\u00f5tjata 10 m <br \/> T\u00e4psus 0,3 mm\/m <br \/> STITOD STRICE 1\/4 &#171;, 5\/8&#187; <br \/> Automaatne v\u00e4ljal\u00fclituse funktsioonid, Plumb Line, joondamise lahti\u00fchendamine, p\u00f6\u00f6rlemisp\u00f5hja <br \/> Valguse n\u00e4idustused <\/p>\n","protected":false},"excerpt":{"rendered":"<p>Ristlaser BOSCH GLL 3-50 + Kohver, heas seisu- ja t\u00f6\u00f6korras! KIRJELDUS Tala v\u00e4rv on punane T\u00fc\u00fcpi laseriga lineaarne Kiirte arv 3 Tala t\u00fc\u00fcp on vertikaalne, horisontaalne, rist Ehitusvahemik ilma vastuv\u00f5tjata 10 m T\u00e4psus 0,3 mm\/m STITOD STRICE 1\/4 &#171;, 5\/8&#187; Automaatne v\u00e4ljal\u00fclituse funktsioonid, Plumb Line, joondamise lahti\u00fchendamine, p\u00f6\u00f6rlemisp\u00f5hja Valguse n\u00e4idustused<\/p>\n","protected":false},"featured_media":22656,"comment_status":"closed","ping_status":"open","template":"","meta":{"inline_featured_image":false},"product_brand":[],"product_cat":[232],"product_tag":[],"class_list":{"0":"post-22655","1":"product","2":"type-product","3":"status-publish","4":"has-post-thumbnail","6":"product_cat-lazernye-niveliry","7":"pa_asukoht-mustamae","8":"pa_seisukord-ispolzovano","10":"first","11":"instock","12":"taxable","13":"shipping-taxable","14":"purchasable","15":"product-type-simple"},"_links":{"self":[{"href":"https:\/\/a-pant.ee\/ru\/wp-json\/wp\/v2\/product\/22655","targetHints":{"allow":["GET"]}}],"collection":[{"href":"https:\/\/a-pant.ee\/ru\/wp-json\/wp\/v2\/product"}],"about":[{"href":"https:\/\/a-pant.ee\/ru\/wp-json\/wp\/v2\/types\/product"}],"replies":[{"embeddable":true,"href":"https:\/\/a-pant.ee\/ru\/wp-json\/wp\/v2\/comments?post=22655"}],"wp:featuredmedia":[{"embeddable":true,"href":"https:\/\/a-pant.ee\/ru\/wp-json\/wp\/v2\/media\/22656"}],"wp:attachment":[{"href":"https:\/\/a-pant.ee\/ru\/wp-json\/wp\/v2\/media?parent=22655"}],"wp:term":[{"taxonomy":"product_brand","embeddable":true,"href":"https:\/\/a-pant.ee\/ru\/wp-json\/wp\/v2\/product_brand?post=22655"},{"taxonomy":"product_cat","embeddable":true,"href":"https:\/\/a-pant.ee\/ru\/wp-json\/wp\/v2\/product_cat?post=22655"},{"taxonomy":"product_tag","embeddable":true,"href":"https:\/\/a-pant.ee\/ru\/wp-json\/wp\/v2\/product_tag?post=22655"}],"curies":[{"name":"wp","href":"https:\/\/api.w.org\/{rel}","templated":true}]}}