{"id":22618,"date":"2026-02-03T23:56:05","date_gmt":"2026-02-03T20:56:05","guid":{"rendered":"https:\/\/a-pant.ee\/product\/noutbuk-dell-latitude-7490-zaryadka\/"},"modified":"2026-02-22T12:48:41","modified_gmt":"2026-02-22T09:48:41","slug":"noutbuk-dell-latitude-7490-zaryadka","status":"publish","type":"product","link":"https:\/\/a-pant.ee\/ru\/product\/noutbuk-dell-latitude-7490-zaryadka\/","title":{"rendered":"\u041d\u043e\u0443\u0442\u0431\u0443\u043a Dell Latitude 7490 + \u0437\u0430\u0440\u044f\u0434\u043a\u0430"},"content":{"rendered":"\n<div id=\"description\"><div><p><b> Sulearvuti Dell Latitude 7490 + laadija\u00a0 <\/b> , heas seisu- ja t\u00f6\u00f6korras! <\/p><p> KIRJELDUS <\/p><p> Protsessor (CPU): Intel(R) Core(TM) i5-8350U CPU 1.70ghzz(8cpuz) -1.9ghzz <\/p><p> Operatiiv m\u00e4lu: 8 GB <\/p><p> Videokaart : Intel(R) HD Graphics 620 128mb <\/p><p> K\u00f5vaketas: LITEON CV8-8E256-11 SATA 256GB <\/p><p> Operatsioonis\u00fcsteem: Windows 10 Pro 64-bit <\/p><\/div><\/div>\n","protected":false},"excerpt":{"rendered":"<p>Sulearvuti Dell Latitude 7490 + laadija\u00a0 , heas seisu- ja t\u00f6\u00f6korras! KIRJELDUS Protsessor (CPU): Intel(R) Core(TM) i5-8350U CPU 1.70ghzz(8cpuz) -1.9ghzz Operatiiv m\u00e4lu: 8 GB Videokaart : Intel(R) HD Graphics 620 128mb K\u00f5vaketas: LITEON CV8-8E256-11 SATA 256GB Operatsioonis\u00fcsteem: Windows 10 Pro 64-bit<\/p>\n","protected":false},"featured_media":22619,"comment_status":"closed","ping_status":"open","template":"","meta":{"inline_featured_image":false},"product_brand":[],"product_cat":[179],"product_tag":[],"class_list":{"0":"post-22618","1":"product","2":"type-product","3":"status-publish","4":"has-post-thumbnail","6":"product_cat-noutbuki","7":"pa_asukoht-mustamae","8":"pa_seisukord-ispolzovano","10":"first","11":"instock","12":"taxable","13":"shipping-taxable","14":"purchasable","15":"product-type-simple"},"_links":{"self":[{"href":"https:\/\/a-pant.ee\/ru\/wp-json\/wp\/v2\/product\/22618","targetHints":{"allow":["GET"]}}],"collection":[{"href":"https:\/\/a-pant.ee\/ru\/wp-json\/wp\/v2\/product"}],"about":[{"href":"https:\/\/a-pant.ee\/ru\/wp-json\/wp\/v2\/types\/product"}],"replies":[{"embeddable":true,"href":"https:\/\/a-pant.ee\/ru\/wp-json\/wp\/v2\/comments?post=22618"}],"wp:featuredmedia":[{"embeddable":true,"href":"https:\/\/a-pant.ee\/ru\/wp-json\/wp\/v2\/media\/22619"}],"wp:attachment":[{"href":"https:\/\/a-pant.ee\/ru\/wp-json\/wp\/v2\/media?parent=22618"}],"wp:term":[{"taxonomy":"product_brand","embeddable":true,"href":"https:\/\/a-pant.ee\/ru\/wp-json\/wp\/v2\/product_brand?post=22618"},{"taxonomy":"product_cat","embeddable":true,"href":"https:\/\/a-pant.ee\/ru\/wp-json\/wp\/v2\/product_cat?post=22618"},{"taxonomy":"product_tag","embeddable":true,"href":"https:\/\/a-pant.ee\/ru\/wp-json\/wp\/v2\/product_tag?post=22618"}],"curies":[{"name":"wp","href":"https:\/\/api.w.org\/{rel}","templated":true}]}}