{"id":22605,"date":"2026-02-03T23:56:05","date_gmt":"2026-02-03T20:56:05","guid":{"rendered":"https:\/\/a-pant.ee\/product\/sportivnye-chasy-suunto-5-bez-zaryadki\/"},"modified":"2026-02-22T12:48:40","modified_gmt":"2026-02-22T09:48:40","slug":"sportivnye-chasy-suunto-5-bez-zaryadki","status":"publish","type":"product","link":"https:\/\/a-pant.ee\/ru\/product\/sportivnye-chasy-suunto-5-bez-zaryadki\/","title":{"rendered":"\u0421\u043f\u043e\u0440\u0442\u0438\u0432\u043d\u044b\u0435 \u0427\u0430\u0441\u044b Suunto 5 \u0411\u0435\u0437 \u0417\u0430\u0440\u044f\u0434\u043a\u0438"},"content":{"rendered":"\n<p> Spordikell Suunto 5 ilma laadjata, heas seisu- ja t\u00f6\u00f6korras! <\/p><p> KIRJELDUS <\/p><div><div> Sari: <\/div><div> Suunto 5 <\/div><\/div><div><div> Varustus: <\/div><div> ainult vaadata <\/div><\/div><div><div> Integreeritud pulsikell: <\/div><div> jah <\/div><\/div><div><div> Rinna pulsikell kaasas: <\/div><div> ei <\/div><\/div><div><div> Integreeritud GPS: <\/div><div> jah <\/div><\/div><div><div> T\u00f6\u00f6aeg ilma GPS-ita: <\/div><div> kuni 14 p\u00e4eva <\/div><\/div><div><div> GPS \u00f5igel ajal: <\/div><div> rohkem kui 10 tundi <\/div><\/div><div><div> P\u00e4ikesepatarei: <\/div><div> ei <\/div><\/div><div><div> Veekindel \u00a0: <\/div><div> 50 m <\/div><\/div><div><div> Jooksmine: <\/div><div> jah <\/div><\/div><div><div> Fitness: <\/div><div> jah <\/div><\/div><div><div> Multsport: <\/div><div> jah <\/div><\/div><div><div> Turism: <\/div><div> jah <\/div><\/div><div><div> Muusika: <\/div><div> ei <\/div><\/div><div><div> Tasumine tundide kaupa: <\/div><div> Ei <\/div><\/div><div><div> Topo kaart: <\/div><div> ei <\/div><\/div><div><div> LED taskulamp: <\/div><div> ei <\/div><\/div><div><div> Telefonik\u00f5ned LTE: <\/div><div> ei <\/div><\/div><div><div> Ekraani t\u00fc\u00fcp: <\/div><div> Dot Matrix <\/div><\/div>\n","protected":false},"excerpt":{"rendered":"<p>Spordikell Suunto 5 ilma laadjata, heas seisu- ja t\u00f6\u00f6korras! KIRJELDUS Sari: Suunto 5 Varustus: ainult vaadata Integreeritud pulsikell: jah Rinna pulsikell kaasas: ei Integreeritud GPS: jah T\u00f6\u00f6aeg ilma GPS-ita: kuni 14 p\u00e4eva GPS \u00f5igel ajal: rohkem kui 10 tundi P\u00e4ikesepatarei: ei Veekindel \u00a0: 50 m Jooksmine: jah Fitness: jah Multsport: jah Turism: jah Muusika: ei [&hellip;]<\/p>\n","protected":false},"featured_media":22606,"comment_status":"closed","ping_status":"open","template":"","meta":{"inline_featured_image":false},"product_brand":[],"product_cat":[176],"product_tag":[],"class_list":{"0":"post-22605","1":"product","2":"type-product","3":"status-publish","4":"has-post-thumbnail","6":"product_cat-smart-chasy","7":"pa_asukoht-mustamae","8":"pa_seisukord-ispolzovano","10":"first","11":"instock","12":"taxable","13":"shipping-taxable","14":"purchasable","15":"product-type-simple"},"_links":{"self":[{"href":"https:\/\/a-pant.ee\/ru\/wp-json\/wp\/v2\/product\/22605","targetHints":{"allow":["GET"]}}],"collection":[{"href":"https:\/\/a-pant.ee\/ru\/wp-json\/wp\/v2\/product"}],"about":[{"href":"https:\/\/a-pant.ee\/ru\/wp-json\/wp\/v2\/types\/product"}],"replies":[{"embeddable":true,"href":"https:\/\/a-pant.ee\/ru\/wp-json\/wp\/v2\/comments?post=22605"}],"wp:featuredmedia":[{"embeddable":true,"href":"https:\/\/a-pant.ee\/ru\/wp-json\/wp\/v2\/media\/22606"}],"wp:attachment":[{"href":"https:\/\/a-pant.ee\/ru\/wp-json\/wp\/v2\/media?parent=22605"}],"wp:term":[{"taxonomy":"product_brand","embeddable":true,"href":"https:\/\/a-pant.ee\/ru\/wp-json\/wp\/v2\/product_brand?post=22605"},{"taxonomy":"product_cat","embeddable":true,"href":"https:\/\/a-pant.ee\/ru\/wp-json\/wp\/v2\/product_cat?post=22605"},{"taxonomy":"product_tag","embeddable":true,"href":"https:\/\/a-pant.ee\/ru\/wp-json\/wp\/v2\/product_tag?post=22605"}],"curies":[{"name":"wp","href":"https:\/\/api.w.org\/{rel}","templated":true}]}}