{"id":22591,"date":"2026-02-03T23:56:05","date_gmt":"2026-02-03T20:56:05","guid":{"rendered":"https:\/\/a-pant.ee\/product\/noutbuk-asus-vivobook-x507u-zaryadka\/"},"modified":"2026-02-22T12:48:40","modified_gmt":"2026-02-22T09:48:40","slug":"noutbuk-asus-vivobook-x507u-zaryadku","status":"publish","type":"product","link":"https:\/\/a-pant.ee\/ru\/product\/noutbuk-asus-vivobook-x507u-zaryadku\/","title":{"rendered":"\u041d\u043e\u0443\u0442\u0431\u0443\u043a Asus Vivobook X507U + \u0437\u0430\u0440\u044f\u0434\u043a\u0443"},"content":{"rendered":"\n<p> \u00a0S\u00fclearvuti Asus Vivobook X507U + laadija, heas seisu- ja t\u00f6\u00f6korras! <\/p><p> KIRJELDUS <\/p><p> Protsessor: Intel (R) Core TM i5-7200U CPU 2.50Ghz (4 Cpus) 2,7Ghz <\/p><p> Operatiiv m\u00e4lu: 4GB (4096 MB) <\/p><p> Videokaart: Intel \u00ae HD Graphics 620 &#8212; 2GB <\/p><p> K\u00f5vakettas: Hitachi (HGST) Travelstar HDD 500GB <\/p><p> Windows: 10 Home 64 bit <\/p>\n","protected":false},"excerpt":{"rendered":"<p>\u00a0S\u00fclearvuti Asus Vivobook X507U + laadija, heas seisu- ja t\u00f6\u00f6korras! KIRJELDUS Protsessor: Intel (R) Core TM i5-7200U CPU 2.50Ghz (4 Cpus) 2,7Ghz Operatiiv m\u00e4lu: 4GB (4096 MB) Videokaart: Intel \u00ae HD Graphics 620 &#8212; 2GB K\u00f5vakettas: Hitachi (HGST) Travelstar HDD 500GB Windows: 10 Home 64 bit<\/p>\n","protected":false},"featured_media":22592,"comment_status":"closed","ping_status":"closed","template":"","meta":{"inline_featured_image":false},"product_brand":[],"product_cat":[179],"product_tag":[],"class_list":{"0":"post-22591","1":"product","2":"type-product","3":"status-publish","4":"has-post-thumbnail","6":"product_cat-noutbuki","7":"pa_asukoht-mustamae","8":"pa_seisukord-ispolzovano","10":"first","11":"instock","12":"sale","13":"taxable","14":"shipping-taxable","15":"purchasable","16":"product-type-simple"},"_links":{"self":[{"href":"https:\/\/a-pant.ee\/ru\/wp-json\/wp\/v2\/product\/22591","targetHints":{"allow":["GET"]}}],"collection":[{"href":"https:\/\/a-pant.ee\/ru\/wp-json\/wp\/v2\/product"}],"about":[{"href":"https:\/\/a-pant.ee\/ru\/wp-json\/wp\/v2\/types\/product"}],"replies":[{"embeddable":true,"href":"https:\/\/a-pant.ee\/ru\/wp-json\/wp\/v2\/comments?post=22591"}],"wp:featuredmedia":[{"embeddable":true,"href":"https:\/\/a-pant.ee\/ru\/wp-json\/wp\/v2\/media\/22592"}],"wp:attachment":[{"href":"https:\/\/a-pant.ee\/ru\/wp-json\/wp\/v2\/media?parent=22591"}],"wp:term":[{"taxonomy":"product_brand","embeddable":true,"href":"https:\/\/a-pant.ee\/ru\/wp-json\/wp\/v2\/product_brand?post=22591"},{"taxonomy":"product_cat","embeddable":true,"href":"https:\/\/a-pant.ee\/ru\/wp-json\/wp\/v2\/product_cat?post=22591"},{"taxonomy":"product_tag","embeddable":true,"href":"https:\/\/a-pant.ee\/ru\/wp-json\/wp\/v2\/product_tag?post=22591"}],"curies":[{"name":"wp","href":"https:\/\/api.w.org\/{rel}","templated":true}]}}