{"id":22585,"date":"2026-02-03T23:56:05","date_gmt":"2026-02-03T20:56:05","guid":{"rendered":"https:\/\/a-pant.ee\/product\/dreli-shurupoverty-milwaukee-m18-fuel-fdd2\/"},"modified":"2026-02-22T12:48:40","modified_gmt":"2026-02-22T09:48:40","slug":"drel-shurupovert-milwaukee-m18-fuel-fdd2-aku-5-0ach","status":"publish","type":"product","link":"https:\/\/a-pant.ee\/ru\/product\/drel-shurupovert-milwaukee-m18-fuel-fdd2-aku-5-0ach\/","title":{"rendered":"\u0414\u0440\u0435\u043b\u044c-\u0448\u0443\u0440\u0443\u043f\u043e\u0432\u0435\u0440\u0442 Milwaukee M18 FUEL FDD2 + \u0430\u043a\u0443 5.0\u0410\u0447"},"content":{"rendered":"\n<p> Akutrell Milwaukee M18 FUEL FDD2 + aku 5.0ah, heas seisu- ja t\u00f6\u00f6korras! <\/p><p> KIRJELDUS <\/p><p> P\u00f6\u00f6rete arv: 0 &#8212; 550 \/ 0 &#8212; 2000 p\/min <br \/> Maks p\u00f6\u00f6rdemoment: 135 Nm <br \/> Maks metallipuuri m\u00f5\u00f5t: 16 mm <br \/> Maks puidupuuri m\u00f5\u00f5t: 89 mm <br \/> Padruni m\u00f5\u00f5t: 13 mm <br \/> Kaal koos 5,0 Ah akuga: 2.1 kg <\/p>\n","protected":false},"excerpt":{"rendered":"<p>Akutrell Milwaukee M18 FUEL FDD2 + aku 5.0ah, heas seisu- ja t\u00f6\u00f6korras! KIRJELDUS P\u00f6\u00f6rete arv: 0 &#8212; 550 \/ 0 &#8212; 2000 p\/min Maks p\u00f6\u00f6rdemoment: 135 Nm Maks metallipuuri m\u00f5\u00f5t: 16 mm Maks puidupuuri m\u00f5\u00f5t: 89 mm Padruni m\u00f5\u00f5t: 13 mm Kaal koos 5,0 Ah akuga: 2.1 kg<\/p>\n","protected":false},"featured_media":22586,"comment_status":"closed","ping_status":"open","template":"","meta":{"inline_featured_image":false},"product_brand":[],"product_cat":[221],"product_tag":[],"class_list":{"0":"post-22585","1":"product","2":"type-product","3":"status-publish","4":"has-post-thumbnail","6":"product_cat-akkumulyatornye-dreli","7":"pa_asukoht-mustamae","8":"pa_seisukord-ispolzovano","10":"first","11":"instock","12":"taxable","13":"shipping-taxable","14":"purchasable","15":"product-type-simple"},"_links":{"self":[{"href":"https:\/\/a-pant.ee\/ru\/wp-json\/wp\/v2\/product\/22585","targetHints":{"allow":["GET"]}}],"collection":[{"href":"https:\/\/a-pant.ee\/ru\/wp-json\/wp\/v2\/product"}],"about":[{"href":"https:\/\/a-pant.ee\/ru\/wp-json\/wp\/v2\/types\/product"}],"replies":[{"embeddable":true,"href":"https:\/\/a-pant.ee\/ru\/wp-json\/wp\/v2\/comments?post=22585"}],"wp:featuredmedia":[{"embeddable":true,"href":"https:\/\/a-pant.ee\/ru\/wp-json\/wp\/v2\/media\/22586"}],"wp:attachment":[{"href":"https:\/\/a-pant.ee\/ru\/wp-json\/wp\/v2\/media?parent=22585"}],"wp:term":[{"taxonomy":"product_brand","embeddable":true,"href":"https:\/\/a-pant.ee\/ru\/wp-json\/wp\/v2\/product_brand?post=22585"},{"taxonomy":"product_cat","embeddable":true,"href":"https:\/\/a-pant.ee\/ru\/wp-json\/wp\/v2\/product_cat?post=22585"},{"taxonomy":"product_tag","embeddable":true,"href":"https:\/\/a-pant.ee\/ru\/wp-json\/wp\/v2\/product_tag?post=22585"}],"curies":[{"name":"wp","href":"https:\/\/api.w.org\/{rel}","templated":true}]}}