{"id":22578,"date":"2026-02-03T23:56:05","date_gmt":"2026-02-03T20:56:05","guid":{"rendered":"https:\/\/a-pant.ee\/product\/udarnyj-gajkovert-makita-dtw251z\/"},"modified":"2026-02-22T12:48:40","modified_gmt":"2026-02-22T09:48:40","slug":"gajkovyort-makita-dtw285-bez-aku","status":"publish","type":"product","link":"https:\/\/a-pant.ee\/ru\/product\/gajkovyort-makita-dtw285-bez-aku\/","title":{"rendered":"\u0413\u0430\u0439\u043a\u043e\u0432\u0451\u0440\u0442 Makita DTW285 \u0431\u0435\u0437 \u0430\u043a\u0443"},"content":{"rendered":"\n<p> Akul\u00f6\u00f6kmutrikeeraja Makita DTW251Z + juhend + karp Uus, heas seisu- ja t\u00f6\u00f6korras! <\/p><p> KIRJELDUS <\/p><p> Maksimaalne pingutusmoment 230 Nm <\/p><p> P\u00f6\u00f6retearv 0-2100 min-1 <\/p><p> L\u00f6\u00f6gisagedus 0-3200 min-1 <\/p><p> T\u00f6\u00f6riistakinnitus 1\/2 \u201c <\/p><p> Aku nominaalpinge 18 v <\/p><p> Akukeemia (Ni-Cd \/ Ni-MH \/ Li-ion) Li-ion <\/p><p> Aku kaitses\u00fcsteem <\/p><p> Heliv\u00f5imsuse tase (LWA)105 dB(A) <\/p><p> Helir\u00f5hu tase (LpA)94 dB(A) <\/p><p> M\u00e4\u00e4ramatu m\u00fcra (K faktor)3 dB(A) <\/p><p> Vibratsioonitase (3 teljel), poltide kinnitamisel 11,0 m\/sec\u00b2 <\/p><p> M\u00e4\u00e4ramatu vibratsioon (K faktor)1,5 m\/sec\u00b2 <\/p><p> Kaal koos standardse akuga (EPTA-Protseduur 01\/2003)1,7 kg <\/p><p> M\u00f5\u00f5dud (PxLxK): 165 x 79 x 234 mm <\/p><p> K\u00f5rgpingutuspoldi pingutusv\u00f5ime M10-M14 <\/p><p> Standardse poldi pingutusv\u00f5ime M10-M16 <\/p>\n","protected":false},"excerpt":{"rendered":"<p>Akul\u00f6\u00f6kmutrikeeraja Makita DTW251Z + juhend + karp Uus, heas seisu- ja t\u00f6\u00f6korras! KIRJELDUS Maksimaalne pingutusmoment 230 Nm P\u00f6\u00f6retearv 0-2100 min-1 L\u00f6\u00f6gisagedus 0-3200 min-1 T\u00f6\u00f6riistakinnitus 1\/2 \u201c Aku nominaalpinge 18 v Akukeemia (Ni-Cd \/ Ni-MH \/ Li-ion) Li-ion Aku kaitses\u00fcsteem Heliv\u00f5imsuse tase (LWA)105 dB(A) Helir\u00f5hu tase (LpA)94 dB(A) M\u00e4\u00e4ramatu m\u00fcra (K faktor)3 dB(A) Vibratsioonitase (3 teljel), [&hellip;]<\/p>\n","protected":false},"featured_media":22579,"comment_status":"closed","ping_status":"open","template":"","meta":{"inline_featured_image":false},"product_brand":[],"product_cat":[221],"product_tag":[],"class_list":{"0":"post-22578","1":"product","2":"type-product","3":"status-publish","4":"has-post-thumbnail","6":"product_cat-akkumulyatornye-dreli","7":"pa_asukoht-mustamae","8":"pa_seisukord-ispolzovano","10":"first","11":"instock","12":"taxable","13":"shipping-taxable","14":"purchasable","15":"product-type-simple"},"_links":{"self":[{"href":"https:\/\/a-pant.ee\/ru\/wp-json\/wp\/v2\/product\/22578","targetHints":{"allow":["GET"]}}],"collection":[{"href":"https:\/\/a-pant.ee\/ru\/wp-json\/wp\/v2\/product"}],"about":[{"href":"https:\/\/a-pant.ee\/ru\/wp-json\/wp\/v2\/types\/product"}],"replies":[{"embeddable":true,"href":"https:\/\/a-pant.ee\/ru\/wp-json\/wp\/v2\/comments?post=22578"}],"wp:featuredmedia":[{"embeddable":true,"href":"https:\/\/a-pant.ee\/ru\/wp-json\/wp\/v2\/media\/22579"}],"wp:attachment":[{"href":"https:\/\/a-pant.ee\/ru\/wp-json\/wp\/v2\/media?parent=22578"}],"wp:term":[{"taxonomy":"product_brand","embeddable":true,"href":"https:\/\/a-pant.ee\/ru\/wp-json\/wp\/v2\/product_brand?post=22578"},{"taxonomy":"product_cat","embeddable":true,"href":"https:\/\/a-pant.ee\/ru\/wp-json\/wp\/v2\/product_cat?post=22578"},{"taxonomy":"product_tag","embeddable":true,"href":"https:\/\/a-pant.ee\/ru\/wp-json\/wp\/v2\/product_tag?post=22578"}],"curies":[{"name":"wp","href":"https:\/\/api.w.org\/{rel}","templated":true}]}}