{"id":22571,"date":"2026-02-03T23:56:05","date_gmt":"2026-02-03T20:56:05","guid":{"rendered":"https:\/\/a-pant.ee\/product\/umnye-chasy-apple-watch-series-3-42mm\/"},"modified":"2026-02-22T12:48:40","modified_gmt":"2026-02-22T09:48:40","slug":"umnye-chasy-apple-watch-series-3-42mm-zaryadka","status":"publish","type":"product","link":"https:\/\/a-pant.ee\/ru\/product\/umnye-chasy-apple-watch-series-3-42mm-zaryadka\/","title":{"rendered":"\u0423\u043c\u043d\u044b\u0435 \u0447\u0430\u0441\u044b  Apple watch series 3 42mm + \u0437\u0430\u0440\u044f\u0434\u043a\u0430"},"content":{"rendered":"\n<p> \u00a0Nutikellad Apple watch series 3 42mm + laadija, heas seisu- ja t\u00f6\u00f6korras! <\/p><p> KIRJELDUS <\/p><p> 1,65&#8243; puutetundlik ekraan <\/p><p> WatchOS 4, kahetuumaline protsessor <\/p><p> 8 GB sisem\u00e4lu, Bluetooth 4.2 &amp; WiFi \u00fchendus <\/p><p> Integreeritud GPS, altimeeter ja pulsiandur <\/p><p> Veekindel \u2013 sobib ujumiseks <\/p>\n","protected":false},"excerpt":{"rendered":"<p>\u00a0Nutikellad Apple watch series 3 42mm + laadija, heas seisu- ja t\u00f6\u00f6korras! KIRJELDUS 1,65&#8243; puutetundlik ekraan WatchOS 4, kahetuumaline protsessor 8 GB sisem\u00e4lu, Bluetooth 4.2 &amp; WiFi \u00fchendus Integreeritud GPS, altimeeter ja pulsiandur Veekindel \u2013 sobib ujumiseks<\/p>\n","protected":false},"featured_media":22572,"comment_status":"closed","ping_status":"closed","template":"","meta":{"inline_featured_image":false},"product_brand":[],"product_cat":[176],"product_tag":[],"class_list":{"0":"post-22571","1":"product","2":"type-product","3":"status-publish","4":"has-post-thumbnail","6":"product_cat-smart-chasy","7":"pa_asukoht-lasnamae","8":"pa_seisukord-ispolzovano","10":"first","11":"outofstock","12":"taxable","13":"shipping-taxable","14":"purchasable","15":"product-type-simple"},"_links":{"self":[{"href":"https:\/\/a-pant.ee\/ru\/wp-json\/wp\/v2\/product\/22571","targetHints":{"allow":["GET"]}}],"collection":[{"href":"https:\/\/a-pant.ee\/ru\/wp-json\/wp\/v2\/product"}],"about":[{"href":"https:\/\/a-pant.ee\/ru\/wp-json\/wp\/v2\/types\/product"}],"replies":[{"embeddable":true,"href":"https:\/\/a-pant.ee\/ru\/wp-json\/wp\/v2\/comments?post=22571"}],"wp:featuredmedia":[{"embeddable":true,"href":"https:\/\/a-pant.ee\/ru\/wp-json\/wp\/v2\/media\/22572"}],"wp:attachment":[{"href":"https:\/\/a-pant.ee\/ru\/wp-json\/wp\/v2\/media?parent=22571"}],"wp:term":[{"taxonomy":"product_brand","embeddable":true,"href":"https:\/\/a-pant.ee\/ru\/wp-json\/wp\/v2\/product_brand?post=22571"},{"taxonomy":"product_cat","embeddable":true,"href":"https:\/\/a-pant.ee\/ru\/wp-json\/wp\/v2\/product_cat?post=22571"},{"taxonomy":"product_tag","embeddable":true,"href":"https:\/\/a-pant.ee\/ru\/wp-json\/wp\/v2\/product_tag?post=22571"}],"curies":[{"name":"wp","href":"https:\/\/api.w.org\/{rel}","templated":true}]}}