{"id":22565,"date":"2026-02-03T23:56:05","date_gmt":"2026-02-03T20:56:05","guid":{"rendered":"https:\/\/a-pant.ee\/product\/smartfon-oneplus-nord-ce-5g-8-128-gb\/"},"modified":"2026-02-22T12:48:40","modified_gmt":"2026-02-22T09:48:40","slug":"smartfon-oneplus-nord-ce-5g-8-128-gb","status":"publish","type":"product","link":"https:\/\/a-pant.ee\/ru\/product\/smartfon-oneplus-nord-ce-5g-8-128-gb\/","title":{"rendered":"\u0421\u043c\u0430\u0440\u0442\u0444\u043e\u043d OnePlus Nord CE 5G 8\/128 \u0413\u0411"},"content":{"rendered":"\n<div id=\"description\"><div><p><b> Telefon OnePlus Nord CE 5G 8\/128GB\u00a0 <\/b> heas seisu- ja t\u00f6\u00f6korras! <\/p><p> Ekraan 6.43 &#171;(2400&#215;1080) AMOLED 90 Hz <br \/> Ehitatud -m\u00e4lu 128 GB <br \/> Ram 8 GB <br \/> 3 kaamerat 64 MP, 8 MP, 2 MP <br \/> Aku 4500 mah <br \/> Protsessor <br \/> Qualcomm Snapdragon 750G <br \/> SIM -kaardid 2 (Nano Sim) <br \/> Androidi operatsioonis\u00fcsteem 11 <br \/> Bluetooth, NFC, Wi-Fi traadita liidesed <br \/> Suhtlusstandard 3G, 4G LTE, 5G <br \/> Kaal 170 g <\/p><\/div><\/div>\n","protected":false},"excerpt":{"rendered":"<p>Telefon OnePlus Nord CE 5G 8\/128GB\u00a0 heas seisu- ja t\u00f6\u00f6korras! Ekraan 6.43 &#171;(2400&#215;1080) AMOLED 90 Hz Ehitatud -m\u00e4lu 128 GB Ram 8 GB 3 kaamerat 64 MP, 8 MP, 2 MP Aku 4500 mah Protsessor Qualcomm Snapdragon 750G SIM -kaardid 2 (Nano Sim) Androidi operatsioonis\u00fcsteem 11 Bluetooth, NFC, Wi-Fi traadita liidesed Suhtlusstandard 3G, 4G LTE, [&hellip;]<\/p>\n","protected":false},"featured_media":22566,"comment_status":"closed","ping_status":"open","template":"","meta":{"inline_featured_image":false},"product_brand":[],"product_cat":[171],"product_tag":[],"class_list":{"0":"post-22565","1":"product","2":"type-product","3":"status-publish","4":"has-post-thumbnail","6":"product_cat-mobilnye-telefony","7":"pa_asukoht-mustamae","8":"pa_seisukord-ispolzovano","10":"first","11":"instock","12":"taxable","13":"shipping-taxable","14":"purchasable","15":"product-type-simple"},"_links":{"self":[{"href":"https:\/\/a-pant.ee\/ru\/wp-json\/wp\/v2\/product\/22565","targetHints":{"allow":["GET"]}}],"collection":[{"href":"https:\/\/a-pant.ee\/ru\/wp-json\/wp\/v2\/product"}],"about":[{"href":"https:\/\/a-pant.ee\/ru\/wp-json\/wp\/v2\/types\/product"}],"replies":[{"embeddable":true,"href":"https:\/\/a-pant.ee\/ru\/wp-json\/wp\/v2\/comments?post=22565"}],"wp:featuredmedia":[{"embeddable":true,"href":"https:\/\/a-pant.ee\/ru\/wp-json\/wp\/v2\/media\/22566"}],"wp:attachment":[{"href":"https:\/\/a-pant.ee\/ru\/wp-json\/wp\/v2\/media?parent=22565"}],"wp:term":[{"taxonomy":"product_brand","embeddable":true,"href":"https:\/\/a-pant.ee\/ru\/wp-json\/wp\/v2\/product_brand?post=22565"},{"taxonomy":"product_cat","embeddable":true,"href":"https:\/\/a-pant.ee\/ru\/wp-json\/wp\/v2\/product_cat?post=22565"},{"taxonomy":"product_tag","embeddable":true,"href":"https:\/\/a-pant.ee\/ru\/wp-json\/wp\/v2\/product_tag?post=22565"}],"curies":[{"name":"wp","href":"https:\/\/api.w.org\/{rel}","templated":true}]}}