{"id":22549,"date":"2026-02-03T23:56:05","date_gmt":"2026-02-03T20:56:05","guid":{"rendered":"https:\/\/a-pant.ee\/product\/televizor-samsung-le-26b450-bez-pulta\/"},"modified":"2026-02-22T12:48:39","modified_gmt":"2026-02-22T09:48:39","slug":"televizor-samsung-le-26b450-bez-pulta","status":"publish","type":"product","link":"https:\/\/a-pant.ee\/ru\/product\/televizor-samsung-le-26b450-bez-pulta\/","title":{"rendered":"\u0422\u0435\u043b\u0435\u0432\u0438\u0437\u043e\u0440 Samsung LE-26B450 \u0411\u0435\u0437 \u041f\u0443\u043b\u044c\u0442\u0430"},"content":{"rendered":"\n<p> Teler Samsung LE-26B450 Ilma Pultita, heas seisu- ja t\u00f6\u00f6korras! <\/p><p> KIRJELDUS <\/p><p> Diagonaal 26 &#187; <br \/> Resolutsiooni HD HD <br \/> \u00dchendused ja liidesed AV-sisend, Scart, sisend HDMI, sisend HDMI X 2, VGA sisend, heli optiline, komposiitvideo sisend, komponendi video sisend, CI pesa <br \/> Resolutsioon 1366&#215;768 <br \/> Heli v\u00f5imsus 10 W <\/p>\n","protected":false},"excerpt":{"rendered":"<p>Teler Samsung LE-26B450 Ilma Pultita, heas seisu- ja t\u00f6\u00f6korras! KIRJELDUS Diagonaal 26 &#187; Resolutsiooni HD HD \u00dchendused ja liidesed AV-sisend, Scart, sisend HDMI, sisend HDMI X 2, VGA sisend, heli optiline, komposiitvideo sisend, komponendi video sisend, CI pesa Resolutsioon 1366&#215;768 Heli v\u00f5imsus 10 W<\/p>\n","protected":false},"featured_media":22550,"comment_status":"closed","ping_status":"open","template":"","meta":{"inline_featured_image":false},"product_brand":[],"product_cat":[181],"product_tag":[],"class_list":{"0":"post-22549","1":"product","2":"type-product","3":"status-publish","4":"has-post-thumbnail","6":"product_cat-televizory","7":"product_shipping_class-oversize","8":"pa_asukoht-mustamae","9":"pa_seisukord-ispolzovano","11":"first","12":"instock","13":"taxable","14":"shipping-taxable","15":"purchasable","16":"product-type-simple"},"_links":{"self":[{"href":"https:\/\/a-pant.ee\/ru\/wp-json\/wp\/v2\/product\/22549","targetHints":{"allow":["GET"]}}],"collection":[{"href":"https:\/\/a-pant.ee\/ru\/wp-json\/wp\/v2\/product"}],"about":[{"href":"https:\/\/a-pant.ee\/ru\/wp-json\/wp\/v2\/types\/product"}],"replies":[{"embeddable":true,"href":"https:\/\/a-pant.ee\/ru\/wp-json\/wp\/v2\/comments?post=22549"}],"wp:featuredmedia":[{"embeddable":true,"href":"https:\/\/a-pant.ee\/ru\/wp-json\/wp\/v2\/media\/22550"}],"wp:attachment":[{"href":"https:\/\/a-pant.ee\/ru\/wp-json\/wp\/v2\/media?parent=22549"}],"wp:term":[{"taxonomy":"product_brand","embeddable":true,"href":"https:\/\/a-pant.ee\/ru\/wp-json\/wp\/v2\/product_brand?post=22549"},{"taxonomy":"product_cat","embeddable":true,"href":"https:\/\/a-pant.ee\/ru\/wp-json\/wp\/v2\/product_cat?post=22549"},{"taxonomy":"product_tag","embeddable":true,"href":"https:\/\/a-pant.ee\/ru\/wp-json\/wp\/v2\/product_tag?post=22549"}],"curies":[{"name":"wp","href":"https:\/\/api.w.org\/{rel}","templated":true}]}}