{"id":22536,"date":"2026-02-03T23:56:05","date_gmt":"2026-02-03T20:56:05","guid":{"rendered":"https:\/\/a-pant.ee\/product\/akkumulyatornaya-drel-shurupovert-makita-ddf482z\/"},"modified":"2026-02-22T12:48:39","modified_gmt":"2026-02-22T09:48:39","slug":"akkumulyatornaya-drel-shurupovert-makita-ddf482z-3ah","status":"publish","type":"product","link":"https:\/\/a-pant.ee\/ru\/product\/akkumulyatornaya-drel-shurupovert-makita-ddf482z-3ah\/","title":{"rendered":"\u0410\u043a\u043a\u0443\u043c\u0443\u043b\u044f\u0442\u043e\u0440\u043d\u0430\u044f \u0434\u0440\u0435\u043b\u044c-\u0448\u0443\u0440\u0443\u043f\u043e\u0432\u0435\u0440\u0442 Makita DDF482Z + 3ah"},"content":{"rendered":"\n<div id=\"description\"><div><p><b> Aku-trell Makita DDF482 + 3ah <\/b> \u00a0, heas seisu- ja t\u00f6\u00f6korras! <\/p><p> Aku pinge 18 sisse <br \/> Maksimaalne p\u00f6\u00f6rdemoment <br \/> 62 n \u00b7 m <br \/> Max. Puurimise l\u00e4bim\u00f5\u00f5t (puit) <br \/> 38 mm <br \/> Max. Puurimise l\u00e4bim\u00f5\u00f5t (metall) <br \/> 13 mm <br \/> Kaal <br \/> 1,5 kg <br \/> Makita 18V LXT akus\u00fcsteem <br \/> Spindli fikseerimise, nupude lukustamise, punktvalgustuse lambi kujunduse omadused <br \/> Kasseti l\u00e4bim\u00f5\u00f5t on 1,5\u201313 mm <br \/> P\u00f6\u00f6rdfunktsioonid, mootori pidur, p\u00f6\u00f6rlemissageduse reguleerimine <br \/> Kasseti t\u00fc\u00fcp on kiire <br \/> Max. T\u00fchik\u00e4igu p\u00f6\u00f6rlemiste arv 1900 p \/ min <\/p><\/div><\/div>\n","protected":false},"excerpt":{"rendered":"<p>Aku-trell Makita DDF482 + 3ah \u00a0, heas seisu- ja t\u00f6\u00f6korras! Aku pinge 18 sisse Maksimaalne p\u00f6\u00f6rdemoment 62 n \u00b7 m Max. Puurimise l\u00e4bim\u00f5\u00f5t (puit) 38 mm Max. Puurimise l\u00e4bim\u00f5\u00f5t (metall) 13 mm Kaal 1,5 kg Makita 18V LXT akus\u00fcsteem Spindli fikseerimise, nupude lukustamise, punktvalgustuse lambi kujunduse omadused Kasseti l\u00e4bim\u00f5\u00f5t on 1,5\u201313 mm P\u00f6\u00f6rdfunktsioonid, mootori pidur, [&hellip;]<\/p>\n","protected":false},"featured_media":22537,"comment_status":"closed","ping_status":"closed","template":"","meta":{"inline_featured_image":false},"product_brand":[],"product_cat":[221],"product_tag":[],"class_list":{"0":"post-22536","1":"product","2":"type-product","3":"status-publish","4":"has-post-thumbnail","6":"product_cat-akkumulyatornye-dreli","7":"pa_asukoht-mustamae","8":"pa_seisukord-ispolzovano","10":"first","11":"outofstock","12":"taxable","13":"shipping-taxable","14":"purchasable","15":"product-type-simple"},"_links":{"self":[{"href":"https:\/\/a-pant.ee\/ru\/wp-json\/wp\/v2\/product\/22536","targetHints":{"allow":["GET"]}}],"collection":[{"href":"https:\/\/a-pant.ee\/ru\/wp-json\/wp\/v2\/product"}],"about":[{"href":"https:\/\/a-pant.ee\/ru\/wp-json\/wp\/v2\/types\/product"}],"replies":[{"embeddable":true,"href":"https:\/\/a-pant.ee\/ru\/wp-json\/wp\/v2\/comments?post=22536"}],"wp:featuredmedia":[{"embeddable":true,"href":"https:\/\/a-pant.ee\/ru\/wp-json\/wp\/v2\/media\/22537"}],"wp:attachment":[{"href":"https:\/\/a-pant.ee\/ru\/wp-json\/wp\/v2\/media?parent=22536"}],"wp:term":[{"taxonomy":"product_brand","embeddable":true,"href":"https:\/\/a-pant.ee\/ru\/wp-json\/wp\/v2\/product_brand?post=22536"},{"taxonomy":"product_cat","embeddable":true,"href":"https:\/\/a-pant.ee\/ru\/wp-json\/wp\/v2\/product_cat?post=22536"},{"taxonomy":"product_tag","embeddable":true,"href":"https:\/\/a-pant.ee\/ru\/wp-json\/wp\/v2\/product_tag?post=22536"}],"curies":[{"name":"wp","href":"https:\/\/api.w.org\/{rel}","templated":true}]}}