{"id":22520,"date":"2026-02-03T23:56:05","date_gmt":"2026-02-03T20:56:05","guid":{"rendered":"https:\/\/a-pant.ee\/product\/akkumulyatornyy-bank-baseus-8000-ah\/"},"modified":"2026-02-22T12:48:39","modified_gmt":"2026-02-22T09:48:39","slug":"akkumulyatornyj-bank-baseus-8000-ah-zaryadka","status":"publish","type":"product","link":"https:\/\/a-pant.ee\/ru\/product\/akkumulyatornyj-bank-baseus-8000-ah-zaryadka\/","title":{"rendered":"\u0410\u043a\u043a\u0443\u043c\u0443\u043b\u044f\u0442\u043e\u0440\u043d\u044b\u0439 \u0431\u0430\u043d\u043a Baseus 8000 Ah + \u0437\u0430\u0440\u044f\u0434\u043a\u0430"},"content":{"rendered":"\n<p> Akupowerpank Baseus 8000 Ah + laadija\u00a0, heas seisu- ja t\u00f6\u00f6korras! <\/p><p> KIRJELDUS <\/p><p> Toote t\u00fc\u00fcp Akulaadijad-akud (Power Banks) <\/p><p> Kaubam\u00e4rk Baseus <\/p><p> Liidesed Micro USB, Qi Wireless, USB 2.0 <\/p><p> V\u00e4rv Must <\/p><p> Aku maht 8000 mAh <\/p><p> P\u00e4ikesepatarei Ei <\/p><p> Indikaatoriga Jah <\/p><p> T\u00e4iendav info Kahe (2) seadme samaaegne laadimisv\u00f5imalus! <\/p>\n","protected":false},"excerpt":{"rendered":"<p>Akupowerpank Baseus 8000 Ah + laadija\u00a0, heas seisu- ja t\u00f6\u00f6korras! KIRJELDUS Toote t\u00fc\u00fcp Akulaadijad-akud (Power Banks) Kaubam\u00e4rk Baseus Liidesed Micro USB, Qi Wireless, USB 2.0 V\u00e4rv Must Aku maht 8000 mAh P\u00e4ikesepatarei Ei Indikaatoriga Jah T\u00e4iendav info Kahe (2) seadme samaaegne laadimisv\u00f5imalus!<\/p>\n","protected":false},"featured_media":22521,"comment_status":"closed","ping_status":"open","template":"","meta":{"inline_featured_image":false},"product_brand":[],"product_cat":[162],"product_tag":[],"class_list":{"0":"post-22520","1":"product","2":"type-product","3":"status-publish","4":"has-post-thumbnail","6":"product_cat-elektronika-drugoe","7":"pa_asukoht-lasnamae","8":"pa_seisukord-ispolzovano","10":"first","11":"instock","12":"taxable","13":"shipping-taxable","14":"purchasable","15":"product-type-simple"},"_links":{"self":[{"href":"https:\/\/a-pant.ee\/ru\/wp-json\/wp\/v2\/product\/22520","targetHints":{"allow":["GET"]}}],"collection":[{"href":"https:\/\/a-pant.ee\/ru\/wp-json\/wp\/v2\/product"}],"about":[{"href":"https:\/\/a-pant.ee\/ru\/wp-json\/wp\/v2\/types\/product"}],"replies":[{"embeddable":true,"href":"https:\/\/a-pant.ee\/ru\/wp-json\/wp\/v2\/comments?post=22520"}],"wp:featuredmedia":[{"embeddable":true,"href":"https:\/\/a-pant.ee\/ru\/wp-json\/wp\/v2\/media\/22521"}],"wp:attachment":[{"href":"https:\/\/a-pant.ee\/ru\/wp-json\/wp\/v2\/media?parent=22520"}],"wp:term":[{"taxonomy":"product_brand","embeddable":true,"href":"https:\/\/a-pant.ee\/ru\/wp-json\/wp\/v2\/product_brand?post=22520"},{"taxonomy":"product_cat","embeddable":true,"href":"https:\/\/a-pant.ee\/ru\/wp-json\/wp\/v2\/product_cat?post=22520"},{"taxonomy":"product_tag","embeddable":true,"href":"https:\/\/a-pant.ee\/ru\/wp-json\/wp\/v2\/product_tag?post=22520"}],"curies":[{"name":"wp","href":"https:\/\/api.w.org\/{rel}","templated":true}]}}