{"id":22509,"date":"2026-02-03T23:46:10","date_gmt":"2026-02-03T20:46:10","guid":{"rendered":"https:\/\/a-pant.ee\/product\/bessprovodnye-naushniki-sony-linkbuds-wf-l900\/"},"modified":"2026-02-22T12:50:43","modified_gmt":"2026-02-22T09:50:43","slug":"besprovodnye-naushniki-sony-linkbuds-wf-l900-novye","status":"publish","type":"product","link":"https:\/\/a-pant.ee\/ru\/product\/besprovodnye-naushniki-sony-linkbuds-wf-l900-novye\/","title":{"rendered":"\u0411\u0435\u0441\u043f\u0440\u043e\u0432\u043e\u0434\u043d\u044b\u0435 \u043d\u0430\u0443\u0448\u043d\u0438\u043a\u0438  Sony LinkBuds WF-L900 ( \u043d\u043e\u0432\u044b\u0435 )"},"content":{"rendered":"\n<p> K\u00f5rvaklappid Sony LinkBuds WF-L900\u00a0, heas seisu- ja t\u00f6\u00f6korras! <\/p><p> KIRJELDUS <\/p><p> Sagedusala (Hz): <\/p><p> 20 &#8212; 20000 Hz <\/p><p> M\u00fcrasummutus: on <\/p><p> Sisseehitatud mikrofon: on <\/p><p> Helitugevuse regulaator: on <\/p><p> Aku t\u00f6\u00f6aeg: kuni 11 tundi <\/p>\n","protected":false},"excerpt":{"rendered":"<p>K\u00f5rvaklappid Sony LinkBuds WF-L900\u00a0, heas seisu- ja t\u00f6\u00f6korras! KIRJELDUS Sagedusala (Hz): 20 &#8212; 20000 Hz M\u00fcrasummutus: on Sisseehitatud mikrofon: on Helitugevuse regulaator: on Aku t\u00f6\u00f6aeg: kuni 11 tundi<\/p>\n","protected":false},"featured_media":22510,"comment_status":"closed","ping_status":"open","template":"","meta":{"inline_featured_image":false},"product_brand":[],"product_cat":[168],"product_tag":[],"class_list":{"0":"post-22509","1":"product","2":"type-product","3":"status-publish","4":"has-post-thumbnail","6":"product_cat-naushniki","7":"pa_asukoht-lasnamae","8":"pa_seisukord-ispolzovano","10":"first","11":"instock","12":"taxable","13":"shipping-taxable","14":"purchasable","15":"product-type-simple"},"_links":{"self":[{"href":"https:\/\/a-pant.ee\/ru\/wp-json\/wp\/v2\/product\/22509","targetHints":{"allow":["GET"]}}],"collection":[{"href":"https:\/\/a-pant.ee\/ru\/wp-json\/wp\/v2\/product"}],"about":[{"href":"https:\/\/a-pant.ee\/ru\/wp-json\/wp\/v2\/types\/product"}],"replies":[{"embeddable":true,"href":"https:\/\/a-pant.ee\/ru\/wp-json\/wp\/v2\/comments?post=22509"}],"wp:featuredmedia":[{"embeddable":true,"href":"https:\/\/a-pant.ee\/ru\/wp-json\/wp\/v2\/media\/22510"}],"wp:attachment":[{"href":"https:\/\/a-pant.ee\/ru\/wp-json\/wp\/v2\/media?parent=22509"}],"wp:term":[{"taxonomy":"product_brand","embeddable":true,"href":"https:\/\/a-pant.ee\/ru\/wp-json\/wp\/v2\/product_brand?post=22509"},{"taxonomy":"product_cat","embeddable":true,"href":"https:\/\/a-pant.ee\/ru\/wp-json\/wp\/v2\/product_cat?post=22509"},{"taxonomy":"product_tag","embeddable":true,"href":"https:\/\/a-pant.ee\/ru\/wp-json\/wp\/v2\/product_tag?post=22509"}],"curies":[{"name":"wp","href":"https:\/\/api.w.org\/{rel}","templated":true}]}}