{"id":22502,"date":"2026-02-03T23:46:10","date_gmt":"2026-02-03T20:46:10","guid":{"rendered":"https:\/\/a-pant.ee\/product\/pnevmaticheskiy-gaykovert-ikh-create-1-2-1890-nm\/"},"modified":"2026-02-22T12:50:43","modified_gmt":"2026-02-22T09:50:43","slug":"pnevmaticheskij-gajkovert-ikh-create-1-2-1890-nm","status":"publish","type":"product","link":"https:\/\/a-pant.ee\/ru\/product\/pnevmaticheskij-gajkovert-ikh-create-1-2-1890-nm\/","title":{"rendered":"\u041f\u043d\u0435\u0432\u043c\u0430\u0442\u0438\u0447\u0435\u0441\u043a\u0438\u0439 \u0433\u0430\u0439\u043a\u043e\u0432\u0435\u0440\u0442 ikh Create 1\/2&#8243; 1890 \u041d\u043c"},"content":{"rendered":"\n<div id=\"description\"><div><p><b> Pneumaatiline Poltp\u00fcstol ikh votti 1\/2&#8243; 1890 Nm\u00a0 <\/b> , heas seisu- ja t\u00f6\u00f6korras! <\/p><p> s\u00f5ita 1\/2&#8243; &#8212; t\u00f6\u00f6moment 203 &#8212; 1084 Nm &#8212; Max. p\u00f6\u00f6rdemoment 1355 Nm &#8212; mutri purunemise moment 1890 Nm &#8212; kiirus ilma koormuseta 7500 p\/min &#8212; \u00f5hukulu 990 l\/min &#8212; t\u00f6\u00f6r\u00f5hk 6,2 baari &#8212; \u00f5hu sisselaskeava 1\/4&#8243; &#8212; voolik min. \u00d8 10 mm &#8212; \u00f5hu v\u00e4ljalaskeava altpoolt &#8212; topeltl\u00f6\u00f6gimehhanism &#8212; komposiitkorpus &#8212; pikkus 165 mm &#8212; kaal 1,8 kg <\/p><\/div><\/div>\n","protected":false},"excerpt":{"rendered":"<p>Pneumaatiline Poltp\u00fcstol ikh votti 1\/2&#8243; 1890 Nm\u00a0 , heas seisu- ja t\u00f6\u00f6korras! s\u00f5ita 1\/2&#8243; &#8212; t\u00f6\u00f6moment 203 &#8212; 1084 Nm &#8212; Max. p\u00f6\u00f6rdemoment 1355 Nm &#8212; mutri purunemise moment 1890 Nm &#8212; kiirus ilma koormuseta 7500 p\/min &#8212; \u00f5hukulu 990 l\/min &#8212; t\u00f6\u00f6r\u00f5hk 6,2 baari &#8212; \u00f5hu sisselaskeava 1\/4&#8243; &#8212; voolik min. \u00d8 10 mm [&hellip;]<\/p>\n","protected":false},"featured_media":22503,"comment_status":"closed","ping_status":"open","template":"","meta":{"inline_featured_image":false},"product_brand":[],"product_cat":[236],"product_tag":[],"class_list":{"0":"post-22502","1":"product","2":"type-product","3":"status-publish","4":"has-post-thumbnail","6":"product_cat-pnevmaticheskij-instrument","7":"pa_asukoht-lasnamae","8":"pa_seisukord-ispolzovano","10":"first","11":"instock","12":"taxable","13":"shipping-taxable","14":"purchasable","15":"product-type-simple"},"_links":{"self":[{"href":"https:\/\/a-pant.ee\/ru\/wp-json\/wp\/v2\/product\/22502","targetHints":{"allow":["GET"]}}],"collection":[{"href":"https:\/\/a-pant.ee\/ru\/wp-json\/wp\/v2\/product"}],"about":[{"href":"https:\/\/a-pant.ee\/ru\/wp-json\/wp\/v2\/types\/product"}],"replies":[{"embeddable":true,"href":"https:\/\/a-pant.ee\/ru\/wp-json\/wp\/v2\/comments?post=22502"}],"wp:featuredmedia":[{"embeddable":true,"href":"https:\/\/a-pant.ee\/ru\/wp-json\/wp\/v2\/media\/22503"}],"wp:attachment":[{"href":"https:\/\/a-pant.ee\/ru\/wp-json\/wp\/v2\/media?parent=22502"}],"wp:term":[{"taxonomy":"product_brand","embeddable":true,"href":"https:\/\/a-pant.ee\/ru\/wp-json\/wp\/v2\/product_brand?post=22502"},{"taxonomy":"product_cat","embeddable":true,"href":"https:\/\/a-pant.ee\/ru\/wp-json\/wp\/v2\/product_cat?post=22502"},{"taxonomy":"product_tag","embeddable":true,"href":"https:\/\/a-pant.ee\/ru\/wp-json\/wp\/v2\/product_tag?post=22502"}],"curies":[{"name":"wp","href":"https:\/\/api.w.org\/{rel}","templated":true}]}}