{"id":22490,"date":"2026-02-03T23:46:10","date_gmt":"2026-02-03T20:46:10","guid":{"rendered":"https:\/\/a-pant.ee\/product\/mobilnyj-telefon-xiaomi-redmi-9a-zaryadka\/"},"modified":"2026-02-22T12:50:43","modified_gmt":"2026-02-22T09:50:43","slug":"mobilnyj-telefon-xiaomi-redmi-9a-zaryadka","status":"publish","type":"product","link":"https:\/\/a-pant.ee\/ru\/product\/mobilnyj-telefon-xiaomi-redmi-9a-zaryadka\/","title":{"rendered":"\u041c\u043e\u0431\u0438\u043b\u044c\u043d\u044b\u0439 \u0442\u0435\u043b\u0435\u0444\u043e\u043d Xiaomi Redmi 9A + \u0417\u0430\u0440\u044f\u0434\u043a\u0430"},"content":{"rendered":"\n<p> Mobiiltelefon Xiaomi Redmi 9A + Laadija, heas seisu- ja t\u00f6\u00f6korras! <\/p><p> KIRJELDUS <\/p><p> Ekraan 6.53 &#171;(1600&#215;720) IPS <br \/> Ehitatud -m\u00e4lu 32 GB <br \/> Ram 2 GB <br \/> Kaamera 13 MP <br \/> Aku 5000 mAh <br \/> Protsessor <br \/> MediaTek Helio G25 <br \/> SIM -kaardid 2 (Nano Sim) <br \/> Android 10 operatsioonis\u00fcsteem <br \/> Bluetoothi \u200b\u200btraadita liidesed, Wi-Fi <br \/> Side Standard 3G, 4G LTE <br \/> Kaal 194 g <\/p>\n","protected":false},"excerpt":{"rendered":"<p>Mobiiltelefon Xiaomi Redmi 9A + Laadija, heas seisu- ja t\u00f6\u00f6korras! KIRJELDUS Ekraan 6.53 &#171;(1600&#215;720) IPS Ehitatud -m\u00e4lu 32 GB Ram 2 GB Kaamera 13 MP Aku 5000 mAh Protsessor MediaTek Helio G25 SIM -kaardid 2 (Nano Sim) Android 10 operatsioonis\u00fcsteem Bluetoothi \u200b\u200btraadita liidesed, Wi-Fi Side Standard 3G, 4G LTE Kaal 194 g<\/p>\n","protected":false},"featured_media":22491,"comment_status":"closed","ping_status":"closed","template":"","meta":{"inline_featured_image":false},"product_brand":[],"product_cat":[171],"product_tag":[],"class_list":{"0":"post-22490","1":"product","2":"type-product","3":"status-publish","4":"has-post-thumbnail","6":"product_cat-mobilnye-telefony","7":"pa_asukoht-mustamae","8":"pa_seisukord-ispolzovano","10":"first","11":"outofstock","12":"taxable","13":"shipping-taxable","14":"purchasable","15":"product-type-simple"},"_links":{"self":[{"href":"https:\/\/a-pant.ee\/ru\/wp-json\/wp\/v2\/product\/22490","targetHints":{"allow":["GET"]}}],"collection":[{"href":"https:\/\/a-pant.ee\/ru\/wp-json\/wp\/v2\/product"}],"about":[{"href":"https:\/\/a-pant.ee\/ru\/wp-json\/wp\/v2\/types\/product"}],"replies":[{"embeddable":true,"href":"https:\/\/a-pant.ee\/ru\/wp-json\/wp\/v2\/comments?post=22490"}],"wp:featuredmedia":[{"embeddable":true,"href":"https:\/\/a-pant.ee\/ru\/wp-json\/wp\/v2\/media\/22491"}],"wp:attachment":[{"href":"https:\/\/a-pant.ee\/ru\/wp-json\/wp\/v2\/media?parent=22490"}],"wp:term":[{"taxonomy":"product_brand","embeddable":true,"href":"https:\/\/a-pant.ee\/ru\/wp-json\/wp\/v2\/product_brand?post=22490"},{"taxonomy":"product_cat","embeddable":true,"href":"https:\/\/a-pant.ee\/ru\/wp-json\/wp\/v2\/product_cat?post=22490"},{"taxonomy":"product_tag","embeddable":true,"href":"https:\/\/a-pant.ee\/ru\/wp-json\/wp\/v2\/product_tag?post=22490"}],"curies":[{"name":"wp","href":"https:\/\/api.w.org\/{rel}","templated":true}]}}