{"id":22485,"date":"2026-02-03T23:46:10","date_gmt":"2026-02-03T20:46:10","guid":{"rendered":"https:\/\/a-pant.ee\/product\/mobilnyj-telefon-realme-c21y-4-64-gb\/"},"modified":"2026-02-22T12:50:43","modified_gmt":"2026-02-22T09:50:43","slug":"mobilnyj-telefon-realme-c21y-4-64-gb-provod","status":"publish","type":"product","link":"https:\/\/a-pant.ee\/ru\/product\/mobilnyj-telefon-realme-c21y-4-64-gb-provod\/","title":{"rendered":"\u041c\u043e\u0431\u0438\u043b\u044c\u043d\u044b\u0439 \u0442\u0435\u043b\u0435\u0444\u043e\u043d Realme C21Y 4\/64 GB + \u041f\u0440\u043e\u0432\u043e\u0434"},"content":{"rendered":"\n<p> Mobiiltelefon Realme C21Y 4\/64 GB + Juhe, heas seisu- ja t\u00f6\u00f6korras! <\/p><p> KIRJELDUS <\/p><p> Ekraan 6.5 &#171;(1600&#215;720) IPS 60 Hz <br \/> Ehitatud -m\u00e4lu 64 GB <br \/> Ram 4 GB <br \/> 3 kaamerat 13 megapikslit, 2 MP, 2 MP <br \/> Aku 5000 mAh <br \/> Protsessor <br \/> Unisoc Tiger T610 <br \/> SIM -kaardid 2 (Nano Sim) <br \/> Androidi operatsioonis\u00fcsteem 11 <br \/> NFC, Bluetooth, Wi-Fi traadita liidesed <br \/> Suhtlusstandard 4G LTE, 3G <br \/> Kaal 200 g <\/p>\n","protected":false},"excerpt":{"rendered":"<p>Mobiiltelefon Realme C21Y 4\/64 GB + Juhe, heas seisu- ja t\u00f6\u00f6korras! KIRJELDUS Ekraan 6.5 &#171;(1600&#215;720) IPS 60 Hz Ehitatud -m\u00e4lu 64 GB Ram 4 GB 3 kaamerat 13 megapikslit, 2 MP, 2 MP Aku 5000 mAh Protsessor Unisoc Tiger T610 SIM -kaardid 2 (Nano Sim) Androidi operatsioonis\u00fcsteem 11 NFC, Bluetooth, Wi-Fi traadita liidesed Suhtlusstandard 4G [&hellip;]<\/p>\n","protected":false},"featured_media":22486,"comment_status":"closed","ping_status":"closed","template":"","meta":{"inline_featured_image":false},"product_brand":[],"product_cat":[171],"product_tag":[],"class_list":{"0":"post-22485","1":"product","2":"type-product","3":"status-publish","4":"has-post-thumbnail","6":"product_cat-mobilnye-telefony","7":"pa_asukoht-mustamae","8":"pa_seisukord-ispolzovano","10":"first","11":"outofstock","12":"taxable","13":"shipping-taxable","14":"purchasable","15":"product-type-simple"},"_links":{"self":[{"href":"https:\/\/a-pant.ee\/ru\/wp-json\/wp\/v2\/product\/22485","targetHints":{"allow":["GET"]}}],"collection":[{"href":"https:\/\/a-pant.ee\/ru\/wp-json\/wp\/v2\/product"}],"about":[{"href":"https:\/\/a-pant.ee\/ru\/wp-json\/wp\/v2\/types\/product"}],"replies":[{"embeddable":true,"href":"https:\/\/a-pant.ee\/ru\/wp-json\/wp\/v2\/comments?post=22485"}],"wp:featuredmedia":[{"embeddable":true,"href":"https:\/\/a-pant.ee\/ru\/wp-json\/wp\/v2\/media\/22486"}],"wp:attachment":[{"href":"https:\/\/a-pant.ee\/ru\/wp-json\/wp\/v2\/media?parent=22485"}],"wp:term":[{"taxonomy":"product_brand","embeddable":true,"href":"https:\/\/a-pant.ee\/ru\/wp-json\/wp\/v2\/product_brand?post=22485"},{"taxonomy":"product_cat","embeddable":true,"href":"https:\/\/a-pant.ee\/ru\/wp-json\/wp\/v2\/product_cat?post=22485"},{"taxonomy":"product_tag","embeddable":true,"href":"https:\/\/a-pant.ee\/ru\/wp-json\/wp\/v2\/product_tag?post=22485"}],"curies":[{"name":"wp","href":"https:\/\/api.w.org\/{rel}","templated":true}]}}