{"id":22470,"date":"2026-02-03T23:46:10","date_gmt":"2026-02-03T20:46:10","guid":{"rendered":"https:\/\/a-pant.ee\/product\/akum-perforator-bosch-gbh-36-v-li-professional\/"},"modified":"2026-02-22T12:50:43","modified_gmt":"2026-02-22T09:50:43","slug":"akum-perforator-bosch-gbh-36-v-li-professional","status":"publish","type":"product","link":"https:\/\/a-pant.ee\/ru\/product\/akum-perforator-bosch-gbh-36-v-li-professional\/","title":{"rendered":"\u0410\u043a\u0443\u043c. \u043f\u0435\u0440\u0444\u043e\u0440\u0430\u0442\u043e\u0440 Bosch GBH 36 V-LI Professional"},"content":{"rendered":"\n<div id=\"description\"><div><p><b> Aku-puurvasar Bosch GBH 36 V-LI Professional + aku + laadija\u00a0 <\/b> heas seisu- ja t\u00f6\u00f6korras! <\/p><p> Tootja Bosch <br \/> Kaal 4,265 kg <br \/> Kogukaal koos pakendiga 9,56 kg <br \/> Pakendi m\u00f5\u00f5tmed 500x380x145 mm <br \/> T\u00f6\u00f6riista suurus 367&#215;219 mm <br \/> Professionaalne \/ amat\u00f6\u00f6riprofessionaal <br \/> Mootori t\u00fc\u00fcp on aku <br \/> Aku pinge 36 V <br \/> Aku maht 2,6 AH <br \/> Aku arv ja maht 2&#215;2.6 AH <br \/> Kinnituspuur \/ puurida SDS-pluss <br \/> T\u00fchik\u00e4igu kiirus 0-960 min-1 <br \/> Revolutsioonide maksimaalne arv 960 \/min <br \/> L\u00f6\u00f6kide arv 0-4260 min-1 <br \/> Max. M\u00d5JU Energia 3 J <br \/> Max. \u00d8 Betoon 26 mm <br \/> Max. \u00d8 S\u00f5it 30 mm <br \/> Max. \u00d8 metalli puurimine 13 mm <br \/> Perforaatori puurimise t\u00f6\u00f6re\u017eiim (puit, metall, plast &#8230;), puurimine l\u00f6\u00f6giga (kivi, tellis, betoon &#8230;), l\u00f6\u00f6gid ilma p\u00f6\u00f6rlemiseta (t\u00f6\u00f6tage s\u00f5\u00f5rikutega) <br \/> B subakuleerib s\u00fcgavuse piirajat <br \/> Komplektis &#8212; laadija jah <br \/> Kas komplekti kuulub jah <br \/> Pinge \/ sagedus 36 V \/ alalisvool <\/p><\/div><\/div>\n","protected":false},"excerpt":{"rendered":"<p>Aku-puurvasar Bosch GBH 36 V-LI Professional + aku + laadija\u00a0 heas seisu- ja t\u00f6\u00f6korras! Tootja Bosch Kaal 4,265 kg Kogukaal koos pakendiga 9,56 kg Pakendi m\u00f5\u00f5tmed 500x380x145 mm T\u00f6\u00f6riista suurus 367&#215;219 mm Professionaalne \/ amat\u00f6\u00f6riprofessionaal Mootori t\u00fc\u00fcp on aku Aku pinge 36 V Aku maht 2,6 AH Aku arv ja maht 2&#215;2.6 AH Kinnituspuur \/ [&hellip;]<\/p>\n","protected":false},"featured_media":22471,"comment_status":"closed","ping_status":"open","template":"","meta":{"inline_featured_image":false},"product_brand":[],"product_cat":[239],"product_tag":[],"class_list":{"0":"post-22470","1":"product","2":"type-product","3":"status-publish","4":"has-post-thumbnail","6":"product_cat-perforatory-i-dreli","7":"pa_asukoht-lasnamae","8":"pa_seisukord-ispolzovano","10":"first","11":"instock","12":"taxable","13":"shipping-taxable","14":"purchasable","15":"product-type-simple"},"_links":{"self":[{"href":"https:\/\/a-pant.ee\/ru\/wp-json\/wp\/v2\/product\/22470","targetHints":{"allow":["GET"]}}],"collection":[{"href":"https:\/\/a-pant.ee\/ru\/wp-json\/wp\/v2\/product"}],"about":[{"href":"https:\/\/a-pant.ee\/ru\/wp-json\/wp\/v2\/types\/product"}],"replies":[{"embeddable":true,"href":"https:\/\/a-pant.ee\/ru\/wp-json\/wp\/v2\/comments?post=22470"}],"wp:featuredmedia":[{"embeddable":true,"href":"https:\/\/a-pant.ee\/ru\/wp-json\/wp\/v2\/media\/22471"}],"wp:attachment":[{"href":"https:\/\/a-pant.ee\/ru\/wp-json\/wp\/v2\/media?parent=22470"}],"wp:term":[{"taxonomy":"product_brand","embeddable":true,"href":"https:\/\/a-pant.ee\/ru\/wp-json\/wp\/v2\/product_brand?post=22470"},{"taxonomy":"product_cat","embeddable":true,"href":"https:\/\/a-pant.ee\/ru\/wp-json\/wp\/v2\/product_cat?post=22470"},{"taxonomy":"product_tag","embeddable":true,"href":"https:\/\/a-pant.ee\/ru\/wp-json\/wp\/v2\/product_tag?post=22470"}],"curies":[{"name":"wp","href":"https:\/\/api.w.org\/{rel}","templated":true}]}}