{"id":22435,"date":"2026-02-03T23:46:10","date_gmt":"2026-02-03T20:46:10","guid":{"rendered":"https:\/\/a-pant.ee\/product\/akudrel-skil-f0152842aa-zaryadka\/"},"modified":"2026-02-22T12:50:42","modified_gmt":"2026-02-22T09:50:42","slug":"aku-drel-skil-f0152842aa-zaryadka","status":"publish","type":"product","link":"https:\/\/a-pant.ee\/ru\/product\/aku-drel-skil-f0152842aa-zaryadka\/","title":{"rendered":"\u0410\u043a\u0443-\u0434\u0440\u0435\u043b\u044c Skil F0152842AA + \u0437\u0430\u0440\u044f\u0434\u043a\u0430"},"content":{"rendered":"\n<div id=\"description\"><div><p><b> Akukruvikeeraja-trell Skil F0152842AA + laadija\u00a0 <\/b> heas seisu- ja t\u00f6\u00f6korras! <\/p><p> P\u00f6\u00f6rete arv t\u00fchik\u00e4igul 0-1500, 0-400 <br \/> K\u00e4ikude arv 2 <br \/> Maksimaalne p\u00f6\u00f6rdemoment, Nm 45 <br \/> Haaratsi l\u00e4bim\u00f5\u00f5t 10 mm <br \/> Maks. puurimisaugu l\u00e4bim\u00f5\u00f5t puidus 35 mm <br \/> Maks. puurimisaugu l\u00e4bim\u00f5\u00f5t terases 10 mm <br \/> Maks. puurimisaugu l\u00e4bim\u00f5\u00f5t betoonis 10 mm <br \/> L\u00f6\u00f6kre\u017eiim Ei <br \/> Toiteallikas <br \/> Aku t\u00fc\u00fcp Li-ion <br \/> Aku maht 1500 mAh <br \/> Aku kuulub komplekti Jah <br \/> Akude arv komplektis 1 <br \/> Aku pinge 18 V <br \/> Laadija kuulub komplekti Jah <br \/> Laadimistaseme indikaator Jah <br \/> Lisaks <br \/> Kohver kuulub komplekti Ei <br \/> Otsakute komplekt kuulub komplekti Ei <br \/> Sisseehitatud LED valgustus Jah <\/p><\/div><\/div>\n","protected":false},"excerpt":{"rendered":"<p>Akukruvikeeraja-trell Skil F0152842AA + laadija\u00a0 heas seisu- ja t\u00f6\u00f6korras! P\u00f6\u00f6rete arv t\u00fchik\u00e4igul 0-1500, 0-400 K\u00e4ikude arv 2 Maksimaalne p\u00f6\u00f6rdemoment, Nm 45 Haaratsi l\u00e4bim\u00f5\u00f5t 10 mm Maks. puurimisaugu l\u00e4bim\u00f5\u00f5t puidus 35 mm Maks. puurimisaugu l\u00e4bim\u00f5\u00f5t terases 10 mm Maks. puurimisaugu l\u00e4bim\u00f5\u00f5t betoonis 10 mm L\u00f6\u00f6kre\u017eiim Ei Toiteallikas Aku t\u00fc\u00fcp Li-ion Aku maht 1500 mAh Aku kuulub [&hellip;]<\/p>\n","protected":false},"featured_media":22436,"comment_status":"closed","ping_status":"open","template":"","meta":{"inline_featured_image":false},"product_brand":[],"product_cat":[221],"product_tag":[],"class_list":{"0":"post-22435","1":"product","2":"type-product","3":"status-publish","4":"has-post-thumbnail","6":"product_cat-akkumulyatornye-dreli","7":"pa_asukoht-lasnamae","8":"pa_seisukord-ispolzovano","10":"first","11":"instock","12":"taxable","13":"shipping-taxable","14":"purchasable","15":"product-type-simple"},"_links":{"self":[{"href":"https:\/\/a-pant.ee\/ru\/wp-json\/wp\/v2\/product\/22435","targetHints":{"allow":["GET"]}}],"collection":[{"href":"https:\/\/a-pant.ee\/ru\/wp-json\/wp\/v2\/product"}],"about":[{"href":"https:\/\/a-pant.ee\/ru\/wp-json\/wp\/v2\/types\/product"}],"replies":[{"embeddable":true,"href":"https:\/\/a-pant.ee\/ru\/wp-json\/wp\/v2\/comments?post=22435"}],"wp:featuredmedia":[{"embeddable":true,"href":"https:\/\/a-pant.ee\/ru\/wp-json\/wp\/v2\/media\/22436"}],"wp:attachment":[{"href":"https:\/\/a-pant.ee\/ru\/wp-json\/wp\/v2\/media?parent=22435"}],"wp:term":[{"taxonomy":"product_brand","embeddable":true,"href":"https:\/\/a-pant.ee\/ru\/wp-json\/wp\/v2\/product_brand?post=22435"},{"taxonomy":"product_cat","embeddable":true,"href":"https:\/\/a-pant.ee\/ru\/wp-json\/wp\/v2\/product_cat?post=22435"},{"taxonomy":"product_tag","embeddable":true,"href":"https:\/\/a-pant.ee\/ru\/wp-json\/wp\/v2\/product_tag?post=22435"}],"curies":[{"name":"wp","href":"https:\/\/api.w.org\/{rel}","templated":true}]}}