{"id":22424,"date":"2026-02-03T23:46:10","date_gmt":"2026-02-03T20:46:10","guid":{"rendered":"https:\/\/a-pant.ee\/product\/akkumulyatornaya-udarnaya-drel-skil-2844ac\/"},"modified":"2026-02-22T12:50:41","modified_gmt":"2026-02-22T09:50:41","slug":"akkumulyatornaya-udarnaya-drel-skil-2844ac-aku-zaryadka","status":"publish","type":"product","link":"https:\/\/a-pant.ee\/ru\/product\/akkumulyatornaya-udarnaya-drel-skil-2844ac-aku-zaryadka\/","title":{"rendered":"\u0410\u043a\u043a\u0443\u043c\u0443\u043b\u044f\u0442\u043e\u0440\u043d\u0430\u044f \u0443\u0434\u0430\u0440\u043d\u0430\u044f \u0434\u0440\u0435\u043b\u044c Skil 2844AC + \u0430\u043a\u0443 + \u0437\u0430\u0440\u044f\u0434\u043a\u0430"},"content":{"rendered":"\n<p><strong> Akutrell Skil 2844AC + aku + laadija\u00a0, heas seisu- ja t\u00f6\u00f6korras! <\/strong><\/p><div id=\"description\"><div><p> Kiirus ilma koormuseta: 0-400-0-1500 p \/ min; <br \/> Kiiruse arv: 2 <br \/> Maagia l\u00e4bim\u00f5\u00f5t: 10 mm <br \/> Max. Puus augu puurimise l\u00e4bim\u00f5\u00f5t: 35 mm <br \/> Max. Augu puurimise l\u00e4bim\u00f5\u00f5t terases: 13 mm <br \/> Haamrire\u017eiimiga <br \/> \u0160okkide sagedus minutis: 22500 <br \/> Aku t\u00fc\u00fcp: liitium-ioon <br \/> Aku pinge: 18 tolli <br \/> Aku maht: 1500 Ma <br \/> Aku pinge: 18 tolli <br \/> Laadimistaseme indikaator <br \/> Ehitatud LED -valgustus <br \/> Kaal 1,4 kg <br \/> Komplektis: akud (2 tk), laadija. <\/p><\/div><\/div>\n","protected":false},"excerpt":{"rendered":"<p>Akutrell Skil 2844AC + aku + laadija\u00a0, heas seisu- ja t\u00f6\u00f6korras! Kiirus ilma koormuseta: 0-400-0-1500 p \/ min; Kiiruse arv: 2 Maagia l\u00e4bim\u00f5\u00f5t: 10 mm Max. Puus augu puurimise l\u00e4bim\u00f5\u00f5t: 35 mm Max. Augu puurimise l\u00e4bim\u00f5\u00f5t terases: 13 mm Haamrire\u017eiimiga \u0160okkide sagedus minutis: 22500 Aku t\u00fc\u00fcp: liitium-ioon Aku pinge: 18 tolli Aku maht: 1500 Ma [&hellip;]<\/p>\n","protected":false},"featured_media":22425,"comment_status":"closed","ping_status":"open","template":"","meta":{"inline_featured_image":false},"product_brand":[],"product_cat":[221],"product_tag":[],"class_list":{"0":"post-22424","1":"product","2":"type-product","3":"status-publish","4":"has-post-thumbnail","6":"product_cat-akkumulyatornye-dreli","7":"pa_asukoht-lasnamae","8":"pa_seisukord-ispolzovano","10":"first","11":"instock","12":"taxable","13":"shipping-taxable","14":"purchasable","15":"product-type-simple"},"_links":{"self":[{"href":"https:\/\/a-pant.ee\/ru\/wp-json\/wp\/v2\/product\/22424","targetHints":{"allow":["GET"]}}],"collection":[{"href":"https:\/\/a-pant.ee\/ru\/wp-json\/wp\/v2\/product"}],"about":[{"href":"https:\/\/a-pant.ee\/ru\/wp-json\/wp\/v2\/types\/product"}],"replies":[{"embeddable":true,"href":"https:\/\/a-pant.ee\/ru\/wp-json\/wp\/v2\/comments?post=22424"}],"wp:featuredmedia":[{"embeddable":true,"href":"https:\/\/a-pant.ee\/ru\/wp-json\/wp\/v2\/media\/22425"}],"wp:attachment":[{"href":"https:\/\/a-pant.ee\/ru\/wp-json\/wp\/v2\/media?parent=22424"}],"wp:term":[{"taxonomy":"product_brand","embeddable":true,"href":"https:\/\/a-pant.ee\/ru\/wp-json\/wp\/v2\/product_brand?post=22424"},{"taxonomy":"product_cat","embeddable":true,"href":"https:\/\/a-pant.ee\/ru\/wp-json\/wp\/v2\/product_cat?post=22424"},{"taxonomy":"product_tag","embeddable":true,"href":"https:\/\/a-pant.ee\/ru\/wp-json\/wp\/v2\/product_tag?post=22424"}],"curies":[{"name":"wp","href":"https:\/\/api.w.org\/{rel}","templated":true}]}}