{"id":22416,"date":"2026-02-03T23:46:10","date_gmt":"2026-02-03T20:46:10","guid":{"rendered":"https:\/\/a-pant.ee\/product\/rotacionnyj-instrument-nutool-flexydrive\/"},"modified":"2026-02-22T12:50:41","modified_gmt":"2026-02-22T09:50:41","slug":"rotaczionnyj-instrument-nutool-flexydrive-nasadki-korobka","status":"publish","type":"product","link":"https:\/\/a-pant.ee\/ru\/product\/rotaczionnyj-instrument-nutool-flexydrive-nasadki-korobka\/","title":{"rendered":"\u0420\u043e\u0442\u0430\u0446\u0438\u043e\u043d\u043d\u044b\u0439 \u0438\u043d\u0441\u0442\u0440\u0443\u043c\u0435\u043d\u0442 Nutool Flexydrive + \u043d\u0430\u0441\u0430\u0434\u043a\u0438 + \u043a\u043e\u0440\u043e\u0431\u043a\u0430"},"content":{"rendered":"\n<div id=\"description\"><div><p><b> P\u00f6\u00f6rlev t\u00f6\u00f6riist Nutool Flexydrive + kohver + ostik\u00a0 <\/b> heas seisu- ja t\u00f6\u00f6korras! <\/p><p> Toote t\u00fc\u00fcpP\u00f6\u00f6rlevad t\u00f6\u00f6riistad <\/p><p> Kaubam\u00e4rkNutool <\/p><p> MudelFlexydrive <\/p><p> Kaal1.85 kg <\/p><p> Elektrilise mootori t\u00fc\u00fcpHarjadega, Harjadeta <\/p><p> P\u00f6\u00f6rete arv t\u00fchik\u00e4igul8000 <\/p><p> Reguleeritav p\u00f6\u00f6rlemiskiirusEi <\/p><p> Haaratsi l\u00e4bim\u00f5\u00f5t3.2 mm <\/p><p> Aku kuulub komplektiJah <\/p><\/div><\/div>\n","protected":false},"excerpt":{"rendered":"<p>P\u00f6\u00f6rlev t\u00f6\u00f6riist Nutool Flexydrive + kohver + ostik\u00a0 heas seisu- ja t\u00f6\u00f6korras! Toote t\u00fc\u00fcpP\u00f6\u00f6rlevad t\u00f6\u00f6riistad Kaubam\u00e4rkNutool MudelFlexydrive Kaal1.85 kg Elektrilise mootori t\u00fc\u00fcpHarjadega, Harjadeta P\u00f6\u00f6rete arv t\u00fchik\u00e4igul8000 Reguleeritav p\u00f6\u00f6rlemiskiirusEi Haaratsi l\u00e4bim\u00f5\u00f5t3.2 mm Aku kuulub komplektiJah<\/p>\n","protected":false},"featured_media":22417,"comment_status":"closed","ping_status":"open","template":"","meta":{"inline_featured_image":false},"product_brand":[],"product_cat":[246],"product_tag":[],"class_list":{"0":"post-22416","1":"product","2":"type-product","3":"status-publish","4":"has-post-thumbnail","6":"product_cat-instrumenty-drugoe","7":"pa_asukoht-lasnamae","8":"pa_seisukord-ispolzovano","10":"first","11":"instock","12":"taxable","13":"shipping-taxable","14":"purchasable","15":"product-type-simple"},"_links":{"self":[{"href":"https:\/\/a-pant.ee\/ru\/wp-json\/wp\/v2\/product\/22416","targetHints":{"allow":["GET"]}}],"collection":[{"href":"https:\/\/a-pant.ee\/ru\/wp-json\/wp\/v2\/product"}],"about":[{"href":"https:\/\/a-pant.ee\/ru\/wp-json\/wp\/v2\/types\/product"}],"replies":[{"embeddable":true,"href":"https:\/\/a-pant.ee\/ru\/wp-json\/wp\/v2\/comments?post=22416"}],"wp:featuredmedia":[{"embeddable":true,"href":"https:\/\/a-pant.ee\/ru\/wp-json\/wp\/v2\/media\/22417"}],"wp:attachment":[{"href":"https:\/\/a-pant.ee\/ru\/wp-json\/wp\/v2\/media?parent=22416"}],"wp:term":[{"taxonomy":"product_brand","embeddable":true,"href":"https:\/\/a-pant.ee\/ru\/wp-json\/wp\/v2\/product_brand?post=22416"},{"taxonomy":"product_cat","embeddable":true,"href":"https:\/\/a-pant.ee\/ru\/wp-json\/wp\/v2\/product_cat?post=22416"},{"taxonomy":"product_tag","embeddable":true,"href":"https:\/\/a-pant.ee\/ru\/wp-json\/wp\/v2\/product_tag?post=22416"}],"curies":[{"name":"wp","href":"https:\/\/api.w.org\/{rel}","templated":true}]}}