{"id":22407,"date":"2026-02-03T23:46:10","date_gmt":"2026-02-03T20:46:10","guid":{"rendered":"https:\/\/a-pant.ee\/product\/umnye-chasy-apple-watch-series-3-42-mm\/"},"modified":"2026-02-22T12:50:41","modified_gmt":"2026-02-22T09:50:41","slug":"umnye-chasy-apple-watch-series-3-42-mm","status":"publish","type":"product","link":"https:\/\/a-pant.ee\/ru\/product\/umnye-chasy-apple-watch-series-3-42-mm\/","title":{"rendered":"\u0423\u043c\u043d\u044b\u0435 \u0447\u0430\u0441\u044b Apple Watch Series 3 42 \u043c\u043c"},"content":{"rendered":"\n<div id=\"description\"><div><p> \u00a0 <b> Nutikell Apple Watch Series 3 42mm + laadija\u00a0 <\/b> heas seisu- ja t\u00f6\u00f6korras! <\/p><p> Ekraan 1.65 &#171;(312&#215;390) OLED <br \/> Alumiiniumist materjal <br \/> Rihma suurus on 140\u2013210 <br \/> K\u00e4ev\u00f5ru materjal\/rihma silikoon <br \/> Kaitsekaitse l\u00f6\u00f6kide eest, niiskuse kaitse <br \/> \u00dchilduvus iOS <br \/> NFC, Wi-Fi traadita suhtlus, heliv\u00e4ljund Bluetooth-seadmetel, Bluetooth, GPS, GPS <br \/> J\u00e4lgida p\u00fcsiv impulsi m\u00f5\u00f5tmine, une j\u00e4lgimine, f\u00fc\u00fcsilise aktiivsuse j\u00e4lgimine, kiirendusm\u00f5\u00f5tur, kalorite j\u00e4lgimine <br \/> Aku maht 279 m. <br \/> Vaadake OS -i operatsioonis\u00fcsteemi <\/p><\/div><\/div>\n","protected":false},"excerpt":{"rendered":"<p>\u00a0 Nutikell Apple Watch Series 3 42mm + laadija\u00a0 heas seisu- ja t\u00f6\u00f6korras! Ekraan 1.65 &#171;(312&#215;390) OLED Alumiiniumist materjal Rihma suurus on 140\u2013210 K\u00e4ev\u00f5ru materjal\/rihma silikoon Kaitsekaitse l\u00f6\u00f6kide eest, niiskuse kaitse \u00dchilduvus iOS NFC, Wi-Fi traadita suhtlus, heliv\u00e4ljund Bluetooth-seadmetel, Bluetooth, GPS, GPS J\u00e4lgida p\u00fcsiv impulsi m\u00f5\u00f5tmine, une j\u00e4lgimine, f\u00fc\u00fcsilise aktiivsuse j\u00e4lgimine, kiirendusm\u00f5\u00f5tur, kalorite j\u00e4lgimine Aku [&hellip;]<\/p>\n","protected":false},"featured_media":22408,"comment_status":"closed","ping_status":"closed","template":"","meta":{"inline_featured_image":false},"product_brand":[],"product_cat":[176],"product_tag":[],"class_list":{"0":"post-22407","1":"product","2":"type-product","3":"status-publish","4":"has-post-thumbnail","6":"product_cat-smart-chasy","7":"pa_asukoht-mustamae","8":"pa_seisukord-ispolzovano","10":"first","11":"outofstock","12":"taxable","13":"shipping-taxable","14":"purchasable","15":"product-type-simple"},"_links":{"self":[{"href":"https:\/\/a-pant.ee\/ru\/wp-json\/wp\/v2\/product\/22407","targetHints":{"allow":["GET"]}}],"collection":[{"href":"https:\/\/a-pant.ee\/ru\/wp-json\/wp\/v2\/product"}],"about":[{"href":"https:\/\/a-pant.ee\/ru\/wp-json\/wp\/v2\/types\/product"}],"replies":[{"embeddable":true,"href":"https:\/\/a-pant.ee\/ru\/wp-json\/wp\/v2\/comments?post=22407"}],"wp:featuredmedia":[{"embeddable":true,"href":"https:\/\/a-pant.ee\/ru\/wp-json\/wp\/v2\/media\/22408"}],"wp:attachment":[{"href":"https:\/\/a-pant.ee\/ru\/wp-json\/wp\/v2\/media?parent=22407"}],"wp:term":[{"taxonomy":"product_brand","embeddable":true,"href":"https:\/\/a-pant.ee\/ru\/wp-json\/wp\/v2\/product_brand?post=22407"},{"taxonomy":"product_cat","embeddable":true,"href":"https:\/\/a-pant.ee\/ru\/wp-json\/wp\/v2\/product_cat?post=22407"},{"taxonomy":"product_tag","embeddable":true,"href":"https:\/\/a-pant.ee\/ru\/wp-json\/wp\/v2\/product_tag?post=22407"}],"curies":[{"name":"wp","href":"https:\/\/api.w.org\/{rel}","templated":true}]}}