{"id":22393,"date":"2026-02-03T23:46:10","date_gmt":"2026-02-03T20:46:10","guid":{"rendered":"https:\/\/a-pant.ee\/product\/akkumulyatornaya-otvertka-skil-2905\/"},"modified":"2026-02-22T12:48:41","modified_gmt":"2026-02-22T09:48:41","slug":"akkumulyatornaya-otvertka-skil-2905-aku-zaryadka","status":"publish","type":"product","link":"https:\/\/a-pant.ee\/ru\/product\/akkumulyatornaya-otvertka-skil-2905-aku-zaryadka\/","title":{"rendered":"\u0410\u043a\u043a\u0443\u043c\u0443\u043b\u044f\u0442\u043e\u0440\u043d\u0430\u044f o\u0442\u0432\u0435\u0440\u0442\u043a\u0430 Skil 2905 + \u0430\u043a\u0443 + \u0437\u0430\u0440\u044f\u0434\u043a\u0430"},"content":{"rendered":"\n<div id=\"description\"><div><p><b> Akutrell Skil 2905 + aku + laadija\u00a0 <\/b> , heas seisu- ja t\u00f6\u00f6korras! <\/p><p> Tooteomadused <br \/> Toote t\u00fc\u00fcp on kruvikeeraja <br \/> Okibr\u00e4nd <br \/> Mudel 2905AA <br \/> Kaal 1,6 kg <br \/> Revolutsioonide arv t\u00fchik\u00e4igul 0-2000 <br \/> Kiiruse arv 1 <br \/> Maksimaalne p\u00f6\u00f6rdemoment, NM 155 <br \/> \u0160okkide arv minutis 3000 <br \/> Elektrimootori t\u00fc\u00fcp pintslitega <br \/> Aku\/patareide li-ion t\u00fc\u00fcp <br \/> Aku maht 1500 mAh <br \/> Aku sisaldab jah <br \/> Kaasatud akude arv 1 <br \/> Aku pinge 18 &#8212; 20 V <br \/> Komplektis pole kohvrit <br \/> Laadimistaseme indikaator jah <br \/> Komplekti n\u00e4pun\u00e4iteid pole <br \/> LED -valgustus on paigaldatud <\/p><\/div><\/div>\n","protected":false},"excerpt":{"rendered":"<p>Akutrell Skil 2905 + aku + laadija\u00a0 , heas seisu- ja t\u00f6\u00f6korras! Tooteomadused Toote t\u00fc\u00fcp on kruvikeeraja Okibr\u00e4nd Mudel 2905AA Kaal 1,6 kg Revolutsioonide arv t\u00fchik\u00e4igul 0-2000 Kiiruse arv 1 Maksimaalne p\u00f6\u00f6rdemoment, NM 155 \u0160okkide arv minutis 3000 Elektrimootori t\u00fc\u00fcp pintslitega Aku\/patareide li-ion t\u00fc\u00fcp Aku maht 1500 mAh Aku sisaldab jah Kaasatud akude arv 1 [&hellip;]<\/p>\n","protected":false},"featured_media":22394,"comment_status":"closed","ping_status":"open","template":"","meta":{"inline_featured_image":false},"product_brand":[],"product_cat":[221],"product_tag":[],"class_list":{"0":"post-22393","1":"product","2":"type-product","3":"status-publish","4":"has-post-thumbnail","6":"product_cat-akkumulyatornye-dreli","7":"pa_asukoht-lasnamae","8":"pa_seisukord-ispolzovano","10":"first","11":"instock","12":"taxable","13":"shipping-taxable","14":"purchasable","15":"product-type-simple"},"_links":{"self":[{"href":"https:\/\/a-pant.ee\/ru\/wp-json\/wp\/v2\/product\/22393","targetHints":{"allow":["GET"]}}],"collection":[{"href":"https:\/\/a-pant.ee\/ru\/wp-json\/wp\/v2\/product"}],"about":[{"href":"https:\/\/a-pant.ee\/ru\/wp-json\/wp\/v2\/types\/product"}],"replies":[{"embeddable":true,"href":"https:\/\/a-pant.ee\/ru\/wp-json\/wp\/v2\/comments?post=22393"}],"wp:featuredmedia":[{"embeddable":true,"href":"https:\/\/a-pant.ee\/ru\/wp-json\/wp\/v2\/media\/22394"}],"wp:attachment":[{"href":"https:\/\/a-pant.ee\/ru\/wp-json\/wp\/v2\/media?parent=22393"}],"wp:term":[{"taxonomy":"product_brand","embeddable":true,"href":"https:\/\/a-pant.ee\/ru\/wp-json\/wp\/v2\/product_brand?post=22393"},{"taxonomy":"product_cat","embeddable":true,"href":"https:\/\/a-pant.ee\/ru\/wp-json\/wp\/v2\/product_cat?post=22393"},{"taxonomy":"product_tag","embeddable":true,"href":"https:\/\/a-pant.ee\/ru\/wp-json\/wp\/v2\/product_tag?post=22393"}],"curies":[{"name":"wp","href":"https:\/\/api.w.org\/{rel}","templated":true}]}}