{"id":22388,"date":"2026-02-03T23:46:10","date_gmt":"2026-02-03T20:46:10","guid":{"rendered":"https:\/\/a-pant.ee\/product\/muzhskie-chasy-aviator-f-serias-avw-85192g436\/"},"modified":"2026-02-22T12:48:41","modified_gmt":"2026-02-22T09:48:41","slug":"muzhskie-chasy-aviator-f-serias-avw-85192g436","status":"publish","type":"product","link":"https:\/\/a-pant.ee\/ru\/product\/muzhskie-chasy-aviator-f-serias-avw-85192g436\/","title":{"rendered":"\u041c\u0443\u0436\u0441\u043a\u0438\u0435 \u0447\u0430\u0441\u044b  Aviator F- Serias ( AVW 85192G436 )"},"content":{"rendered":"\n<p> \u00a0Meeste k\u00e4ekell Aviator F-Series ( AVW 85192G436 )\u00a0, heas seisu- ja t\u00f6\u00f6korras! <\/p><p> KIRJELDUS <\/p><p> Kellarihma materjal:Naturaalne nahk <\/p><p> Korpuse v\u00e4rv:Must <\/p><p> Korpuse materjal:Metall <\/p><p> Kellamehhanism: Kvarts <\/p><p> Klaasi materjal:Mineraalklaas <\/p><p> Veekindlus:Jah <\/p><p> Veekindluse tase:5 ATM <\/p><p> Kronograaf: On <\/p><p> Kella l\u00e4bim\u00f5\u00f5t:44 mm <\/p>\n","protected":false},"excerpt":{"rendered":"<p>\u00a0Meeste k\u00e4ekell Aviator F-Series ( AVW 85192G436 )\u00a0, heas seisu- ja t\u00f6\u00f6korras! KIRJELDUS Kellarihma materjal:Naturaalne nahk Korpuse v\u00e4rv:Must Korpuse materjal:Metall Kellamehhanism: Kvarts Klaasi materjal:Mineraalklaas Veekindlus:Jah Veekindluse tase:5 ATM Kronograaf: On Kella l\u00e4bim\u00f5\u00f5t:44 mm<\/p>\n","protected":false},"featured_media":22389,"comment_status":"closed","ping_status":"open","template":"","meta":{"inline_featured_image":false},"product_brand":[],"product_cat":[211],"product_tag":[],"class_list":{"0":"post-22388","1":"product","2":"type-product","3":"status-publish","4":"has-post-thumbnail","6":"product_cat-muzhskie-chasy","7":"pa_asukoht-lasnamae","8":"pa_seisukord-ispolzovano","10":"first","11":"instock","12":"taxable","13":"shipping-taxable","14":"purchasable","15":"product-type-simple"},"_links":{"self":[{"href":"https:\/\/a-pant.ee\/ru\/wp-json\/wp\/v2\/product\/22388","targetHints":{"allow":["GET"]}}],"collection":[{"href":"https:\/\/a-pant.ee\/ru\/wp-json\/wp\/v2\/product"}],"about":[{"href":"https:\/\/a-pant.ee\/ru\/wp-json\/wp\/v2\/types\/product"}],"replies":[{"embeddable":true,"href":"https:\/\/a-pant.ee\/ru\/wp-json\/wp\/v2\/comments?post=22388"}],"wp:featuredmedia":[{"embeddable":true,"href":"https:\/\/a-pant.ee\/ru\/wp-json\/wp\/v2\/media\/22389"}],"wp:attachment":[{"href":"https:\/\/a-pant.ee\/ru\/wp-json\/wp\/v2\/media?parent=22388"}],"wp:term":[{"taxonomy":"product_brand","embeddable":true,"href":"https:\/\/a-pant.ee\/ru\/wp-json\/wp\/v2\/product_brand?post=22388"},{"taxonomy":"product_cat","embeddable":true,"href":"https:\/\/a-pant.ee\/ru\/wp-json\/wp\/v2\/product_cat?post=22388"},{"taxonomy":"product_tag","embeddable":true,"href":"https:\/\/a-pant.ee\/ru\/wp-json\/wp\/v2\/product_tag?post=22388"}],"curies":[{"name":"wp","href":"https:\/\/api.w.org\/{rel}","templated":true}]}}