{"id":22383,"date":"2026-02-03T23:46:10","date_gmt":"2026-02-03T20:46:10","guid":{"rendered":"https:\/\/a-pant.ee\/product\/akkumulyatornaya-drel-shurupovert-milwaukee-c18-dd\/"},"modified":"2026-02-22T12:48:41","modified_gmt":"2026-02-22T09:48:41","slug":"akkumulyatornaya-drel-shurupovert-milwaukee-c18-dd-aku","status":"publish","type":"product","link":"https:\/\/a-pant.ee\/ru\/product\/akkumulyatornaya-drel-shurupovert-milwaukee-c18-dd-aku\/","title":{"rendered":"\u0410\u043a\u043a\u0443\u043c\u0443\u043b\u044f\u0442\u043e\u0440\u043d\u0430\u044f \u0434\u0440\u0435\u043b\u044c-\u0448\u0443\u0440\u0443\u043f\u043e\u0432\u0435\u0440\u0442 Milwaukee C18 DD + \u0410\u043a\u0443"},"content":{"rendered":"\n<p> Akutrell Milwaukee C18 DD + Aku, heas seisu- ja t\u00f6\u00f6korras! <\/p><p> KIRJELDUS <\/p><p> Aku pinge 18 sisse <br \/> Maksimaalne p\u00f6\u00f6rdemoment <br \/> 38 n \u00b7 m <br \/> Max. Puurimise l\u00e4bim\u00f5\u00f5t (puit) <br \/> 32 mm <br \/> Max. Puurimise l\u00e4bim\u00f5\u00f5t (metall) <br \/> 13 mm <br \/> Kaal <br \/> 1,8 kg <br \/> Aku maht 1,5 a \u00b7 h <\/p>\n","protected":false},"excerpt":{"rendered":"<p>Akutrell Milwaukee C18 DD + Aku, heas seisu- ja t\u00f6\u00f6korras! KIRJELDUS Aku pinge 18 sisse Maksimaalne p\u00f6\u00f6rdemoment 38 n \u00b7 m Max. Puurimise l\u00e4bim\u00f5\u00f5t (puit) 32 mm Max. Puurimise l\u00e4bim\u00f5\u00f5t (metall) 13 mm Kaal 1,8 kg Aku maht 1,5 a \u00b7 h<\/p>\n","protected":false},"featured_media":22384,"comment_status":"closed","ping_status":"open","template":"","meta":{"inline_featured_image":false},"product_brand":[],"product_cat":[221],"product_tag":[],"class_list":{"0":"post-22383","1":"product","2":"type-product","3":"status-publish","4":"has-post-thumbnail","6":"product_cat-akkumulyatornye-dreli","7":"pa_asukoht-lasnamae","8":"pa_seisukord-ispolzovano","10":"first","11":"instock","12":"taxable","13":"shipping-taxable","14":"purchasable","15":"product-type-simple"},"_links":{"self":[{"href":"https:\/\/a-pant.ee\/ru\/wp-json\/wp\/v2\/product\/22383","targetHints":{"allow":["GET"]}}],"collection":[{"href":"https:\/\/a-pant.ee\/ru\/wp-json\/wp\/v2\/product"}],"about":[{"href":"https:\/\/a-pant.ee\/ru\/wp-json\/wp\/v2\/types\/product"}],"replies":[{"embeddable":true,"href":"https:\/\/a-pant.ee\/ru\/wp-json\/wp\/v2\/comments?post=22383"}],"wp:featuredmedia":[{"embeddable":true,"href":"https:\/\/a-pant.ee\/ru\/wp-json\/wp\/v2\/media\/22384"}],"wp:attachment":[{"href":"https:\/\/a-pant.ee\/ru\/wp-json\/wp\/v2\/media?parent=22383"}],"wp:term":[{"taxonomy":"product_brand","embeddable":true,"href":"https:\/\/a-pant.ee\/ru\/wp-json\/wp\/v2\/product_brand?post=22383"},{"taxonomy":"product_cat","embeddable":true,"href":"https:\/\/a-pant.ee\/ru\/wp-json\/wp\/v2\/product_cat?post=22383"},{"taxonomy":"product_tag","embeddable":true,"href":"https:\/\/a-pant.ee\/ru\/wp-json\/wp\/v2\/product_tag?post=22383"}],"curies":[{"name":"wp","href":"https:\/\/api.w.org\/{rel}","templated":true}]}}