{"id":22377,"date":"2026-02-03T23:46:10","date_gmt":"2026-02-03T20:46:10","guid":{"rendered":"https:\/\/a-pant.ee\/product\/lazernyj-uroven-kapro-873\/"},"modified":"2026-02-22T12:48:41","modified_gmt":"2026-02-22T09:48:41","slug":"lazernyj-uroven-kapro-873","status":"publish","type":"product","link":"https:\/\/a-pant.ee\/ru\/product\/lazernyj-uroven-kapro-873\/","title":{"rendered":"\u041b\u0430\u0437\u0435\u0440\u043d\u044b\u0439 \u0443\u0440\u043e\u0432\u0435\u043d\u044c Kapro 873"},"content":{"rendered":"\n<p> Laaser Kapro 873\u00a0, heas seisu- ja t\u00f6\u00f6korras! <\/p><p> KIRJELDUS <\/p><p> Toote t\u00fc\u00fcp Lood <\/p><p> Kaubam\u00e4rk Kapro <\/p><p> Mudel 873 Prolaser Vector <\/p><p> T\u00f6\u00f6ala 30 m <\/p><p> M\u00f5\u00f5tmish\u00e4lve, mm\/m 0.2 <\/p><p> Impulssraadius Jah <\/p><p> M\u00f5\u00f5tmisasendid Horisontaalne, Vertikaalne <\/p><p> M\u00f5\u00f5tmisnurk 90 \u00b0 <\/p><p> Patareid AA <\/p><p> Patareide arv 3 <\/p><p> Laseri joone v\u00e4rv Punane <\/p><p> T\u00e4iendav info Isetasanduv. T\u00f6\u00f6ulatus kuni 30 meetrit. Laserdetektoriga t\u00f6\u00f6ulatus kuni 60 meetrit. T\u00e4psus \u00b1 0,2 mm \/ m. Kaitseklass IP65 <\/p>\n","protected":false},"excerpt":{"rendered":"<p>Laaser Kapro 873\u00a0, heas seisu- ja t\u00f6\u00f6korras! KIRJELDUS Toote t\u00fc\u00fcp Lood Kaubam\u00e4rk Kapro Mudel 873 Prolaser Vector T\u00f6\u00f6ala 30 m M\u00f5\u00f5tmish\u00e4lve, mm\/m 0.2 Impulssraadius Jah M\u00f5\u00f5tmisasendid Horisontaalne, Vertikaalne M\u00f5\u00f5tmisnurk 90 \u00b0 Patareid AA Patareide arv 3 Laseri joone v\u00e4rv Punane T\u00e4iendav info Isetasanduv. T\u00f6\u00f6ulatus kuni 30 meetrit. Laserdetektoriga t\u00f6\u00f6ulatus kuni 60 meetrit. T\u00e4psus \u00b1 0,2 [&hellip;]<\/p>\n","protected":false},"featured_media":22378,"comment_status":"closed","ping_status":"open","template":"","meta":{"inline_featured_image":false},"product_brand":[],"product_cat":[232],"product_tag":[],"class_list":{"0":"post-22377","1":"product","2":"type-product","3":"status-publish","4":"has-post-thumbnail","6":"product_cat-lazernye-niveliry","7":"pa_asukoht-lasnamae","8":"pa_seisukord-ispolzovano","10":"first","11":"instock","12":"taxable","13":"shipping-taxable","14":"purchasable","15":"product-type-simple"},"_links":{"self":[{"href":"https:\/\/a-pant.ee\/ru\/wp-json\/wp\/v2\/product\/22377","targetHints":{"allow":["GET"]}}],"collection":[{"href":"https:\/\/a-pant.ee\/ru\/wp-json\/wp\/v2\/product"}],"about":[{"href":"https:\/\/a-pant.ee\/ru\/wp-json\/wp\/v2\/types\/product"}],"replies":[{"embeddable":true,"href":"https:\/\/a-pant.ee\/ru\/wp-json\/wp\/v2\/comments?post=22377"}],"wp:featuredmedia":[{"embeddable":true,"href":"https:\/\/a-pant.ee\/ru\/wp-json\/wp\/v2\/media\/22378"}],"wp:attachment":[{"href":"https:\/\/a-pant.ee\/ru\/wp-json\/wp\/v2\/media?parent=22377"}],"wp:term":[{"taxonomy":"product_brand","embeddable":true,"href":"https:\/\/a-pant.ee\/ru\/wp-json\/wp\/v2\/product_brand?post=22377"},{"taxonomy":"product_cat","embeddable":true,"href":"https:\/\/a-pant.ee\/ru\/wp-json\/wp\/v2\/product_cat?post=22377"},{"taxonomy":"product_tag","embeddable":true,"href":"https:\/\/a-pant.ee\/ru\/wp-json\/wp\/v2\/product_tag?post=22377"}],"curies":[{"name":"wp","href":"https:\/\/api.w.org\/{rel}","templated":true}]}}