{"id":22371,"date":"2026-02-03T23:38:55","date_gmt":"2026-02-03T20:38:55","guid":{"rendered":"https:\/\/a-pant.ee\/product\/elektrosamokat-xiaomi-mi-electric-scooter-1s-zaryadka\/"},"modified":"2026-02-22T12:50:47","modified_gmt":"2026-02-22T09:50:47","slug":"samokat-xiaomi-mi-electric-scooter","status":"publish","type":"product","link":"https:\/\/a-pant.ee\/ru\/product\/samokat-xiaomi-mi-electric-scooter\/","title":{"rendered":"\u0421\u0430\u043c\u043e\u043a\u0430\u0442 Xiaomi Mi Electric Scooter"},"content":{"rendered":"\n<p> Elektrit\u00f5ukeratas Xiaomi Mi Electric Scooter 1S + Laadija + Ostudokument, heas seisu- ja t\u00f6\u00f6korras! <\/p><p> KIRJELDUS <\/p><p> Maksimaalne koormus 100 kg <br \/> Kaal 12,5 kg <br \/> Kujunduse voltimise omadused <br \/> Elektri vooluahela funktsioonid, tagumised m\u00f5\u00f5tmed\/stopp-signaal, esilaternad (laterna), Bluetoothi \u200b\u200btugi, nutitelefoni rakendus <br \/> Asendusvahend <br \/> Raami materiaalne alumiiniumsulam <br \/> Pidurijuhendi t\u00fc\u00fcp <br \/> Rooli k\u00f5rgus 114 cm <\/p>\n","protected":false},"excerpt":{"rendered":"<p>Elektrit\u00f5ukeratas Xiaomi Mi Electric Scooter 1S + Laadija + Ostudokument, heas seisu- ja t\u00f6\u00f6korras! KIRJELDUS Maksimaalne koormus 100 kg Kaal 12,5 kg Kujunduse voltimise omadused Elektri vooluahela funktsioonid, tagumised m\u00f5\u00f5tmed\/stopp-signaal, esilaternad (laterna), Bluetoothi \u200b\u200btugi, nutitelefoni rakendus Asendusvahend Raami materiaalne alumiiniumsulam Pidurijuhendi t\u00fc\u00fcp Rooli k\u00f5rgus 114 cm<\/p>\n","protected":false},"featured_media":22372,"comment_status":"closed","ping_status":"open","template":"","meta":{"inline_featured_image":false},"product_brand":[],"product_cat":[215],"product_tag":[],"class_list":{"0":"post-22371","1":"product","2":"type-product","3":"status-publish","4":"has-post-thumbnail","6":"product_cat-elektricheskie-samokaty","7":"product_shipping_class-oversize","8":"pa_asukoht-mustamae","9":"pa_seisukord-ispolzovano","11":"first","12":"instock","13":"taxable","14":"shipping-taxable","15":"purchasable","16":"product-type-simple"},"_links":{"self":[{"href":"https:\/\/a-pant.ee\/ru\/wp-json\/wp\/v2\/product\/22371","targetHints":{"allow":["GET"]}}],"collection":[{"href":"https:\/\/a-pant.ee\/ru\/wp-json\/wp\/v2\/product"}],"about":[{"href":"https:\/\/a-pant.ee\/ru\/wp-json\/wp\/v2\/types\/product"}],"replies":[{"embeddable":true,"href":"https:\/\/a-pant.ee\/ru\/wp-json\/wp\/v2\/comments?post=22371"}],"wp:featuredmedia":[{"embeddable":true,"href":"https:\/\/a-pant.ee\/ru\/wp-json\/wp\/v2\/media\/22372"}],"wp:attachment":[{"href":"https:\/\/a-pant.ee\/ru\/wp-json\/wp\/v2\/media?parent=22371"}],"wp:term":[{"taxonomy":"product_brand","embeddable":true,"href":"https:\/\/a-pant.ee\/ru\/wp-json\/wp\/v2\/product_brand?post=22371"},{"taxonomy":"product_cat","embeddable":true,"href":"https:\/\/a-pant.ee\/ru\/wp-json\/wp\/v2\/product_cat?post=22371"},{"taxonomy":"product_tag","embeddable":true,"href":"https:\/\/a-pant.ee\/ru\/wp-json\/wp\/v2\/product_tag?post=22371"}],"curies":[{"name":"wp","href":"https:\/\/api.w.org\/{rel}","templated":true}]}}