{"id":22356,"date":"2026-02-03T23:38:55","date_gmt":"2026-02-03T20:38:55","guid":{"rendered":"https:\/\/a-pant.ee\/product\/nabor-instrumentov-hikoki-kc12da\/"},"modified":"2026-02-22T12:50:46","modified_gmt":"2026-02-22T09:50:46","slug":"nabor-instrumentov-hikoki-kc12da-ds12da-wh12da","status":"publish","type":"product","link":"https:\/\/a-pant.ee\/ru\/product\/nabor-instrumentov-hikoki-kc12da-ds12da-wh12da\/","title":{"rendered":"\u041d\u0430\u0431\u043e\u0440 \u0438\u043d\u0441\u0442\u0440\u0443\u043c\u0435\u043d\u0442\u043e\u0432 Hikoki KC12DA (DS12DA + WH12DA)"},"content":{"rendered":"\n<div id=\"description\"><div><p><b> T\u00f6\u00f6riistakomplekt Hikoki KC12DA (DS12DA + WH12DA)\u00a0 <\/b> , heas seisu- ja t\u00f6\u00f6korras! <\/p><p><b> aku + laadija + kohver <\/b><\/p><p> Tootja Hikoki <br \/> Mootori t\u00fc\u00fcp on aku <br \/> Aku libion \u200b\u200b(liitium-ioon aku) t\u00fc\u00fcp <br \/> Aku pinge 12 V <br \/> Aku maht 2,5 ah <br \/> Aku arv ja maht 2&#215;2,5 AH <br \/> Professionaalne \/ amat\u00f6\u00f6r amat\u00f6\u00f6r <br \/> Hikoki DS12DAW4Z DRILL <br \/> Kruvikeeraja p\u00f6\u00f6rde arv on j\u00f5ude 0-350\/0-1400 min-1 <br \/> Max. \u00d8 Kruvikeeraja p\u00e4eva puitpuurid\/teras 29\/10 mm <br \/> Max. kruvikeeraja p\u00f6\u00f6rdemoment 38 nm <br \/> Kasseti l\u00e4bim\u00f5\u00f5t 0,8\u201310 mm <br \/> Hikoki WH12DAW4Z \u0161oki kruvikeeraja <br \/> \u0160okikruvikeeraja p\u00f6\u00f6rde arv t\u00fchik\u00e4igul 0-2700 Min-1 <br \/> \u0160okkkruvide sagedus 0-3200 min-1 <br \/> Max. \u0161oki kruvikeeraja p\u00f6\u00f6rdemoment 110 nm <br \/> Komplektis &#8212; laadija jah <br \/> Kas komplekti kuulub jah <br \/> LED -lamp Jah <\/p><\/div><\/div>\n","protected":false},"excerpt":{"rendered":"<p>T\u00f6\u00f6riistakomplekt Hikoki KC12DA (DS12DA + WH12DA)\u00a0 , heas seisu- ja t\u00f6\u00f6korras! aku + laadija + kohver Tootja Hikoki Mootori t\u00fc\u00fcp on aku Aku libion \u200b\u200b(liitium-ioon aku) t\u00fc\u00fcp Aku pinge 12 V Aku maht 2,5 ah Aku arv ja maht 2&#215;2,5 AH Professionaalne \/ amat\u00f6\u00f6r amat\u00f6\u00f6r Hikoki DS12DAW4Z DRILL Kruvikeeraja p\u00f6\u00f6rde arv on j\u00f5ude 0-350\/0-1400 min-1 [&hellip;]<\/p>\n","protected":false},"featured_media":22357,"comment_status":"closed","ping_status":"open","template":"","meta":{"inline_featured_image":false},"product_brand":[],"product_cat":[221],"product_tag":[],"class_list":{"0":"post-22356","1":"product","2":"type-product","3":"status-publish","4":"has-post-thumbnail","6":"product_cat-akkumulyatornye-dreli","7":"pa_asukoht-mustamae","8":"pa_seisukord-ispolzovano","10":"first","11":"instock","12":"taxable","13":"shipping-taxable","14":"purchasable","15":"product-type-simple"},"_links":{"self":[{"href":"https:\/\/a-pant.ee\/ru\/wp-json\/wp\/v2\/product\/22356","targetHints":{"allow":["GET"]}}],"collection":[{"href":"https:\/\/a-pant.ee\/ru\/wp-json\/wp\/v2\/product"}],"about":[{"href":"https:\/\/a-pant.ee\/ru\/wp-json\/wp\/v2\/types\/product"}],"replies":[{"embeddable":true,"href":"https:\/\/a-pant.ee\/ru\/wp-json\/wp\/v2\/comments?post=22356"}],"wp:featuredmedia":[{"embeddable":true,"href":"https:\/\/a-pant.ee\/ru\/wp-json\/wp\/v2\/media\/22357"}],"wp:attachment":[{"href":"https:\/\/a-pant.ee\/ru\/wp-json\/wp\/v2\/media?parent=22356"}],"wp:term":[{"taxonomy":"product_brand","embeddable":true,"href":"https:\/\/a-pant.ee\/ru\/wp-json\/wp\/v2\/product_brand?post=22356"},{"taxonomy":"product_cat","embeddable":true,"href":"https:\/\/a-pant.ee\/ru\/wp-json\/wp\/v2\/product_cat?post=22356"},{"taxonomy":"product_tag","embeddable":true,"href":"https:\/\/a-pant.ee\/ru\/wp-json\/wp\/v2\/product_tag?post=22356"}],"curies":[{"name":"wp","href":"https:\/\/api.w.org\/{rel}","templated":true}]}}