{"id":22350,"date":"2026-02-03T23:38:55","date_gmt":"2026-02-03T20:38:55","guid":{"rendered":"https:\/\/a-pant.ee\/product\/elektrolobzik-dewalt-dw343-qs-chemodan\/"},"modified":"2026-02-22T12:50:46","modified_gmt":"2026-02-22T09:50:46","slug":"elektrolobzik-dewalt-dw343-qs-chemodan","status":"publish","type":"product","link":"https:\/\/a-pant.ee\/ru\/product\/elektrolobzik-dewalt-dw343-qs-chemodan\/","title":{"rendered":"\u042d\u043b\u0435\u043a\u0442\u0440\u043e\u043b\u043e\u0431\u0437\u0438\u043a DeWALT DW343-qs + \u0427\u0435\u043c\u043e\u0434\u0430\u043d"},"content":{"rendered":"\n<p> Tikksaag DeWALT DW343-qs + Kohver, heas seisu- ja t\u00f6\u00f6korras! <\/p><p> KIRJELDUS <\/p><p> Puidust kanalisatsiooni s\u00fcgavus 85 mm <br \/> Terase s\u00fcgavus j\u00f5id 10 mm <br \/> Maksimaalne frend faili liikumisest 3100 k\u00e4igu\/min <br \/> Juudi 20 mm insult <br \/> Kaal 2 kg <br \/> Funktsioneerib pendli kursus, kiiruse reguleerimine <br \/> Kujunduse omadused on faili kiire -ja pakitud fail, v\u00f5imalus \u00fchendada tolmuimeja, puhudes saepuru <\/p>\n","protected":false},"excerpt":{"rendered":"<p>Tikksaag DeWALT DW343-qs + Kohver, heas seisu- ja t\u00f6\u00f6korras! KIRJELDUS Puidust kanalisatsiooni s\u00fcgavus 85 mm Terase s\u00fcgavus j\u00f5id 10 mm Maksimaalne frend faili liikumisest 3100 k\u00e4igu\/min Juudi 20 mm insult Kaal 2 kg Funktsioneerib pendli kursus, kiiruse reguleerimine Kujunduse omadused on faili kiire -ja pakitud fail, v\u00f5imalus \u00fchendada tolmuimeja, puhudes saepuru<\/p>\n","protected":false},"featured_media":22351,"comment_status":"closed","ping_status":"open","template":"","meta":{"inline_featured_image":false},"product_brand":[],"product_cat":[244],"product_tag":[],"class_list":{"0":"post-22350","1":"product","2":"type-product","3":"status-publish","4":"has-post-thumbnail","6":"product_cat-lobziki","7":"pa_asukoht-mustamae","8":"pa_seisukord-ispolzovano","10":"first","11":"instock","12":"taxable","13":"shipping-taxable","14":"purchasable","15":"product-type-simple"},"_links":{"self":[{"href":"https:\/\/a-pant.ee\/ru\/wp-json\/wp\/v2\/product\/22350","targetHints":{"allow":["GET"]}}],"collection":[{"href":"https:\/\/a-pant.ee\/ru\/wp-json\/wp\/v2\/product"}],"about":[{"href":"https:\/\/a-pant.ee\/ru\/wp-json\/wp\/v2\/types\/product"}],"replies":[{"embeddable":true,"href":"https:\/\/a-pant.ee\/ru\/wp-json\/wp\/v2\/comments?post=22350"}],"wp:featuredmedia":[{"embeddable":true,"href":"https:\/\/a-pant.ee\/ru\/wp-json\/wp\/v2\/media\/22351"}],"wp:attachment":[{"href":"https:\/\/a-pant.ee\/ru\/wp-json\/wp\/v2\/media?parent=22350"}],"wp:term":[{"taxonomy":"product_brand","embeddable":true,"href":"https:\/\/a-pant.ee\/ru\/wp-json\/wp\/v2\/product_brand?post=22350"},{"taxonomy":"product_cat","embeddable":true,"href":"https:\/\/a-pant.ee\/ru\/wp-json\/wp\/v2\/product_cat?post=22350"},{"taxonomy":"product_tag","embeddable":true,"href":"https:\/\/a-pant.ee\/ru\/wp-json\/wp\/v2\/product_tag?post=22350"}],"curies":[{"name":"wp","href":"https:\/\/api.w.org\/{rel}","templated":true}]}}