{"id":22340,"date":"2026-02-03T23:38:55","date_gmt":"2026-02-03T20:38:55","guid":{"rendered":"https:\/\/a-pant.ee\/product\/benzopila-mcculloch-cs-35\/"},"modified":"2026-02-22T12:50:46","modified_gmt":"2026-02-22T09:50:46","slug":"benzopila-mcculloch-cs-35","status":"publish","type":"product","link":"https:\/\/a-pant.ee\/ru\/product\/benzopila-mcculloch-cs-35\/","title":{"rendered":"\u0411\u0435\u043d\u0437\u043e\u043f\u0438\u043b\u0430 McCulloch CS 35"},"content":{"rendered":"\n<p> Bensiini saag McCulloch CS 35, heas seisu- ja t\u00f6\u00f6korras! <\/p><p> KIRJELDUS <\/p><p> Tehnilised kirjeldused ja omadused: <\/p><p> Silindri t\u00f6\u00f6maht 42 cm\u00b3 <\/p><p> V\u00f5imsus 1,5 kW <\/p><p> Maksimaalne v\u00f5imsuse kiirus on 9000 p.\/min. <\/p><p> K\u00fctusepaagi maht 0,3 l <\/p><p> S\u00fc\u00fctek\u00fc\u00fcnal Husqvarna HQT-1 <\/p><p> Keti samm 3\/8&#8243; <\/p><p> Keti kiirus maksimaalse v\u00f5imsusega 20 m\/s <\/p><p> \u00d5lipaagi maht 0,2 l <\/p><p> Ekvivalentne vibratsioonitase (ahv, eq) esimene\/tagumine k\u00e4epide 5.22\/6.24 m\/s\u00b2 <\/p><p> Helir\u00f5hutase operaatori k\u00f5rva juures 98,7 dB(A) <\/p><p> Garanteeritud heliv\u00f5imsuse tase (LWA) 115 dB(A) <\/p><p> Kaal (ilma l\u00f5ikamisseadmeta) 4,9 kg <\/p>\n","protected":false},"excerpt":{"rendered":"<p>Bensiini saag McCulloch CS 35, heas seisu- ja t\u00f6\u00f6korras! KIRJELDUS Tehnilised kirjeldused ja omadused: Silindri t\u00f6\u00f6maht 42 cm\u00b3 V\u00f5imsus 1,5 kW Maksimaalne v\u00f5imsuse kiirus on 9000 p.\/min. K\u00fctusepaagi maht 0,3 l S\u00fc\u00fctek\u00fc\u00fcnal Husqvarna HQT-1 Keti samm 3\/8&#8243; Keti kiirus maksimaalse v\u00f5imsusega 20 m\/s \u00d5lipaagi maht 0,2 l Ekvivalentne vibratsioonitase (ahv, eq) esimene\/tagumine k\u00e4epide 5.22\/6.24 m\/s\u00b2 [&hellip;]<\/p>\n","protected":false},"featured_media":22341,"comment_status":"closed","ping_status":"closed","template":"","meta":{"inline_featured_image":false},"product_brand":[],"product_cat":[220],"product_tag":[],"class_list":{"0":"post-22340","1":"product","2":"type-product","3":"status-publish","4":"has-post-thumbnail","6":"product_cat-sadovye-instrumenty","7":"product_shipping_class-oversize","8":"pa_asukoht-mustamae","9":"pa_seisukord-ispolzovano","11":"first","12":"instock","13":"taxable","14":"shipping-taxable","15":"purchasable","16":"product-type-simple"},"_links":{"self":[{"href":"https:\/\/a-pant.ee\/ru\/wp-json\/wp\/v2\/product\/22340","targetHints":{"allow":["GET"]}}],"collection":[{"href":"https:\/\/a-pant.ee\/ru\/wp-json\/wp\/v2\/product"}],"about":[{"href":"https:\/\/a-pant.ee\/ru\/wp-json\/wp\/v2\/types\/product"}],"replies":[{"embeddable":true,"href":"https:\/\/a-pant.ee\/ru\/wp-json\/wp\/v2\/comments?post=22340"}],"wp:featuredmedia":[{"embeddable":true,"href":"https:\/\/a-pant.ee\/ru\/wp-json\/wp\/v2\/media\/22341"}],"wp:attachment":[{"href":"https:\/\/a-pant.ee\/ru\/wp-json\/wp\/v2\/media?parent=22340"}],"wp:term":[{"taxonomy":"product_brand","embeddable":true,"href":"https:\/\/a-pant.ee\/ru\/wp-json\/wp\/v2\/product_brand?post=22340"},{"taxonomy":"product_cat","embeddable":true,"href":"https:\/\/a-pant.ee\/ru\/wp-json\/wp\/v2\/product_cat?post=22340"},{"taxonomy":"product_tag","embeddable":true,"href":"https:\/\/a-pant.ee\/ru\/wp-json\/wp\/v2\/product_tag?post=22340"}],"curies":[{"name":"wp","href":"https:\/\/api.w.org\/{rel}","templated":true}]}}