{"id":22328,"date":"2026-02-03T23:38:55","date_gmt":"2026-02-03T20:38:55","guid":{"rendered":"https:\/\/a-pant.ee\/product\/lobzik-makita-4351fct\/"},"modified":"2026-02-22T12:50:45","modified_gmt":"2026-02-22T09:50:45","slug":"lobzik-makita-4351fct","status":"publish","type":"product","link":"https:\/\/a-pant.ee\/ru\/product\/lobzik-makita-4351fct\/","title":{"rendered":"\u041b\u043e\u0431\u0437\u0438\u043a   Makita 4351FCT"},"content":{"rendered":"\n<p> Tikksaag Makita 4351FCT\u00a0, heas seisu- ja t\u00f6\u00f6korras! <\/p><p> KIRJELDUS <\/p><p> Mootori t\u00fc\u00fcp Elektri <\/p><p> Sisendv\u00f5imsus 720 W <\/p><p> Liikumiskiirus 800-2800 min-1 <\/p><p> Kiiruse reguleerimine vastavalt t\u00f6\u00f6ks erinevate materjalidega Jah <\/p><p> Max. paksus l\u00f5igataval puidul\/terasel\/alumiiniumil 135\/10\/20 mm <\/p><p> Pendli sammude arv 3 <\/p><p> Sisseehitatud LED-valgustus Jah <\/p><p> P\u00f6\u00f6rlev toime Jah <\/p><p> Kas komplekt sisaldab kandekohvrit Jah <\/p>\n","protected":false},"excerpt":{"rendered":"<p>Tikksaag Makita 4351FCT\u00a0, heas seisu- ja t\u00f6\u00f6korras! KIRJELDUS Mootori t\u00fc\u00fcp Elektri Sisendv\u00f5imsus 720 W Liikumiskiirus 800-2800 min-1 Kiiruse reguleerimine vastavalt t\u00f6\u00f6ks erinevate materjalidega Jah Max. paksus l\u00f5igataval puidul\/terasel\/alumiiniumil 135\/10\/20 mm Pendli sammude arv 3 Sisseehitatud LED-valgustus Jah P\u00f6\u00f6rlev toime Jah Kas komplekt sisaldab kandekohvrit Jah<\/p>\n","protected":false},"featured_media":22329,"comment_status":"closed","ping_status":"open","template":"","meta":{"inline_featured_image":false},"product_brand":[],"product_cat":[244],"product_tag":[],"class_list":{"0":"post-22328","1":"product","2":"type-product","3":"status-publish","4":"has-post-thumbnail","6":"product_cat-lobziki","7":"pa_asukoht-lasnamae","8":"pa_seisukord-ispolzovano","10":"first","11":"instock","12":"taxable","13":"shipping-taxable","14":"purchasable","15":"product-type-simple"},"_links":{"self":[{"href":"https:\/\/a-pant.ee\/ru\/wp-json\/wp\/v2\/product\/22328","targetHints":{"allow":["GET"]}}],"collection":[{"href":"https:\/\/a-pant.ee\/ru\/wp-json\/wp\/v2\/product"}],"about":[{"href":"https:\/\/a-pant.ee\/ru\/wp-json\/wp\/v2\/types\/product"}],"replies":[{"embeddable":true,"href":"https:\/\/a-pant.ee\/ru\/wp-json\/wp\/v2\/comments?post=22328"}],"wp:featuredmedia":[{"embeddable":true,"href":"https:\/\/a-pant.ee\/ru\/wp-json\/wp\/v2\/media\/22329"}],"wp:attachment":[{"href":"https:\/\/a-pant.ee\/ru\/wp-json\/wp\/v2\/media?parent=22328"}],"wp:term":[{"taxonomy":"product_brand","embeddable":true,"href":"https:\/\/a-pant.ee\/ru\/wp-json\/wp\/v2\/product_brand?post=22328"},{"taxonomy":"product_cat","embeddable":true,"href":"https:\/\/a-pant.ee\/ru\/wp-json\/wp\/v2\/product_cat?post=22328"},{"taxonomy":"product_tag","embeddable":true,"href":"https:\/\/a-pant.ee\/ru\/wp-json\/wp\/v2\/product_tag?post=22328"}],"curies":[{"name":"wp","href":"https:\/\/api.w.org\/{rel}","templated":true}]}}