{"id":22321,"date":"2026-02-03T23:38:55","date_gmt":"2026-02-03T20:38:55","guid":{"rendered":"https:\/\/a-pant.ee\/product\/besprovodnaya-kolonka-samsung-level-box-slim\/"},"modified":"2026-02-22T12:50:45","modified_gmt":"2026-02-22T09:50:45","slug":"besprovodnaya-kolonka-samsung-level-box-slim","status":"publish","type":"product","link":"https:\/\/a-pant.ee\/ru\/product\/besprovodnaya-kolonka-samsung-level-box-slim\/","title":{"rendered":"\u0411\u0435\u0441\u043f\u0440\u043e\u0432\u043e\u0434\u043d\u0430\u044f \u043a\u043e\u043b\u043e\u043d\u043a\u0430  Samsung Level Box Slim"},"content":{"rendered":"\n<p> K\u00f5lar Samsung Level Box Slim\u00a0, heas seisu- ja t\u00f6\u00f6korras! <\/p><p> KIRJELDUS <\/p><p> Kompaktne, v\u00f5imas ning veekindel juhtmevaba k\u00f5lar, mis toimib ka akupangana. <\/p><p> V\u00f5imsus (k\u00f5larid): 8 W <\/p><p> T\u00fc\u00fcp: Mobiilile <\/p><p> Seadmega \u00fchendamine: Bluetooth <\/p>\n","protected":false},"excerpt":{"rendered":"<p>K\u00f5lar Samsung Level Box Slim\u00a0, heas seisu- ja t\u00f6\u00f6korras! KIRJELDUS Kompaktne, v\u00f5imas ning veekindel juhtmevaba k\u00f5lar, mis toimib ka akupangana. V\u00f5imsus (k\u00f5larid): 8 W T\u00fc\u00fcp: Mobiilile Seadmega \u00fchendamine: Bluetooth<\/p>\n","protected":false},"featured_media":22322,"comment_status":"closed","ping_status":"open","template":"","meta":{"inline_featured_image":false},"product_brand":[],"product_cat":[167],"product_tag":[],"class_list":{"0":"post-22321","1":"product","2":"type-product","3":"status-publish","4":"has-post-thumbnail","6":"product_cat-kolonki","7":"pa_asukoht-lasnamae","8":"pa_seisukord-ispolzovano","10":"first","11":"instock","12":"taxable","13":"shipping-taxable","14":"purchasable","15":"product-type-simple"},"_links":{"self":[{"href":"https:\/\/a-pant.ee\/ru\/wp-json\/wp\/v2\/product\/22321","targetHints":{"allow":["GET"]}}],"collection":[{"href":"https:\/\/a-pant.ee\/ru\/wp-json\/wp\/v2\/product"}],"about":[{"href":"https:\/\/a-pant.ee\/ru\/wp-json\/wp\/v2\/types\/product"}],"replies":[{"embeddable":true,"href":"https:\/\/a-pant.ee\/ru\/wp-json\/wp\/v2\/comments?post=22321"}],"wp:featuredmedia":[{"embeddable":true,"href":"https:\/\/a-pant.ee\/ru\/wp-json\/wp\/v2\/media\/22322"}],"wp:attachment":[{"href":"https:\/\/a-pant.ee\/ru\/wp-json\/wp\/v2\/media?parent=22321"}],"wp:term":[{"taxonomy":"product_brand","embeddable":true,"href":"https:\/\/a-pant.ee\/ru\/wp-json\/wp\/v2\/product_brand?post=22321"},{"taxonomy":"product_cat","embeddable":true,"href":"https:\/\/a-pant.ee\/ru\/wp-json\/wp\/v2\/product_cat?post=22321"},{"taxonomy":"product_tag","embeddable":true,"href":"https:\/\/a-pant.ee\/ru\/wp-json\/wp\/v2\/product_tag?post=22321"}],"curies":[{"name":"wp","href":"https:\/\/api.w.org\/{rel}","templated":true}]}}