{"id":22315,"date":"2026-02-03T23:38:55","date_gmt":"2026-02-03T20:38:55","guid":{"rendered":"https:\/\/a-pant.ee\/product\/akudrel-dewalt-dcd791-aku-5-0ah\/"},"modified":"2026-02-22T12:50:45","modified_gmt":"2026-02-22T09:50:45","slug":"akkumulyatornaya-drel-dewalt-dcd791-akku-5-0ach","status":"publish","type":"product","link":"https:\/\/a-pant.ee\/ru\/product\/akkumulyatornaya-drel-dewalt-dcd791-akku-5-0ach\/","title":{"rendered":"\u0410\u043a\u043a\u0443\u043c\u0443\u043b\u044f\u0442\u043e\u0440\u043d\u0430\u044f \u0434\u0440\u0435\u043b\u044c Dewalt DCD791 + \u0430\u043a\u043a\u0443 5.0\u0410\u0447"},"content":{"rendered":"\n<p> AKUTRELL DEWALT DCD791 + AKU 5.0AH, heas seisu- ja t\u00f6\u00f6korras! <\/p><p> KIRJELDUS <\/p><p> Maksimaalne p\u00f6\u00f6rdemoment: 70 n \u00b7 m <br \/> Aku maht: 5 A \u00b7 H <br \/> Aku pinge: 18 tolli <br \/> Kiiruse arv: 2 <br \/> Patroni l\u00e4bim\u00f5\u00f5t: 1,5 &#8212; 13 mm <br \/> Max. Puurimise l\u00e4bim\u00f5\u00f5t (puit): 40 mm <br \/> Max. Puurimise l\u00e4bim\u00f5\u00f5t (metall): 13 mm <br \/> Funktsioonid: elektrooniline p\u00f6\u00f6rlemiskiirus, lukustusnupu lukk, punktvalgustuslamp <br \/> Kaal: 1,7 kg <\/p>\n","protected":false},"excerpt":{"rendered":"<p>AKUTRELL DEWALT DCD791 + AKU 5.0AH, heas seisu- ja t\u00f6\u00f6korras! KIRJELDUS Maksimaalne p\u00f6\u00f6rdemoment: 70 n \u00b7 m Aku maht: 5 A \u00b7 H Aku pinge: 18 tolli Kiiruse arv: 2 Patroni l\u00e4bim\u00f5\u00f5t: 1,5 &#8212; 13 mm Max. Puurimise l\u00e4bim\u00f5\u00f5t (puit): 40 mm Max. Puurimise l\u00e4bim\u00f5\u00f5t (metall): 13 mm Funktsioonid: elektrooniline p\u00f6\u00f6rlemiskiirus, lukustusnupu lukk, punktvalgustuslamp Kaal: [&hellip;]<\/p>\n","protected":false},"featured_media":22316,"comment_status":"closed","ping_status":"open","template":"","meta":{"inline_featured_image":false},"product_brand":[],"product_cat":[221],"product_tag":[],"class_list":{"0":"post-22315","1":"product","2":"type-product","3":"status-publish","4":"has-post-thumbnail","6":"product_cat-akkumulyatornye-dreli","7":"pa_asukoht-mustamae","8":"pa_seisukord-ispolzovano","10":"first","11":"instock","12":"taxable","13":"shipping-taxable","14":"purchasable","15":"product-type-simple"},"_links":{"self":[{"href":"https:\/\/a-pant.ee\/ru\/wp-json\/wp\/v2\/product\/22315","targetHints":{"allow":["GET"]}}],"collection":[{"href":"https:\/\/a-pant.ee\/ru\/wp-json\/wp\/v2\/product"}],"about":[{"href":"https:\/\/a-pant.ee\/ru\/wp-json\/wp\/v2\/types\/product"}],"replies":[{"embeddable":true,"href":"https:\/\/a-pant.ee\/ru\/wp-json\/wp\/v2\/comments?post=22315"}],"wp:featuredmedia":[{"embeddable":true,"href":"https:\/\/a-pant.ee\/ru\/wp-json\/wp\/v2\/media\/22316"}],"wp:attachment":[{"href":"https:\/\/a-pant.ee\/ru\/wp-json\/wp\/v2\/media?parent=22315"}],"wp:term":[{"taxonomy":"product_brand","embeddable":true,"href":"https:\/\/a-pant.ee\/ru\/wp-json\/wp\/v2\/product_brand?post=22315"},{"taxonomy":"product_cat","embeddable":true,"href":"https:\/\/a-pant.ee\/ru\/wp-json\/wp\/v2\/product_cat?post=22315"},{"taxonomy":"product_tag","embeddable":true,"href":"https:\/\/a-pant.ee\/ru\/wp-json\/wp\/v2\/product_tag?post=22315"}],"curies":[{"name":"wp","href":"https:\/\/api.w.org\/{rel}","templated":true}]}}