{"id":22308,"date":"2026-02-03T23:38:55","date_gmt":"2026-02-03T20:38:55","guid":{"rendered":"https:\/\/a-pant.ee\/product\/umnye-chasy-huawei-gt2-zaryadka-korobka\/"},"modified":"2026-02-22T12:50:45","modified_gmt":"2026-02-22T09:50:45","slug":"umnye-chasy-huawei-gt2-zaryadka-korobka","status":"publish","type":"product","link":"https:\/\/a-pant.ee\/ru\/product\/umnye-chasy-huawei-gt2-zaryadka-korobka\/","title":{"rendered":"\u0423\u043c\u043d\u044b\u0435 \u0447\u0430\u0441\u044b Huawei GT2 + \u0437\u0430\u0440\u044f\u0434\u043a\u0430 + \u043a\u043e\u0440\u043e\u0431\u043a\u0430"},"content":{"rendered":"\n<p> Nutikellad Huawei GT2 + laadija + karp (ekraan katki)\u00a0, heas seisu- ja t\u00f6\u00f6korras! <\/p><p> KIRJELDUS <\/p><p> Kategooria: Nutikellad (smartwatch) <\/p><p> T\u00fc\u00fcp: Nutikellad <\/p><p> Kaubam\u00e4rk: Huawei <\/p><p> Ekraani suurus (tollid): 1,2 <\/p><p> V\u00e4rv: H\u00f5be <\/p><p> Ekraani t\u00fc\u00fcp: AMOLED <\/p><p> Ekraani resolutsioon: 390 x 390 <\/p><p> Puutetundlik ekraan: Jah <\/p><p> K\u00e4ev\u00f5ru t\u00fc\u00fcp: Nahk <\/p><p> Veekindlus: Jah <\/p><p> Veekindluse tase: 5 ATM <\/p><p> Bluetooth: Jah <\/p><p> NFC: Ei <\/p><p> Wi-Fi: Ei <\/p><p> GPS: Jah <\/p><p> SIM-kaardi pesa: Ei <\/p><p> \u00dchilduvus: Android 4.4+,iOS 9+ <\/p><p> Aku eluiga: 7 p\u00e4eva h <\/p><p> Lisafunktsioonid: P\u00f5letatud kalorite arvutamine, Une j\u00e4lgimine, Pedomeeter, \u00c4ratus, SMS-i ja k\u00f5ne m\u00e4rguanded, Kiirendusm\u00f5\u00f5tur, S\u00fcdame l\u00f6\u00f6gisageduse sensor, Muusikam\u00e4ngija, Baromeeter, Ilm, G\u00fcroskoopia sensor, \u0160viesos jutiklis, Spordire\u017eiimid, Stressi j\u00e4lgimine <\/p><p> Pulsomeeter(HR): Jah <\/p><p> Randme \u00fcmberm\u00f5\u00f5t (cm): 3 \u2013 20 <\/p><p> Vaade: Huawei, nutikellad nutikellad (smartwatch) <\/p><p> K\u00f5ik tooted sellelt kaubam\u00e4rgilt: K\u00f5ik Huawei tooted <\/p>\n","protected":false},"excerpt":{"rendered":"<p>Nutikellad Huawei GT2 + laadija + karp (ekraan katki)\u00a0, heas seisu- ja t\u00f6\u00f6korras! KIRJELDUS Kategooria: Nutikellad (smartwatch) T\u00fc\u00fcp: Nutikellad Kaubam\u00e4rk: Huawei Ekraani suurus (tollid): 1,2 V\u00e4rv: H\u00f5be Ekraani t\u00fc\u00fcp: AMOLED Ekraani resolutsioon: 390 x 390 Puutetundlik ekraan: Jah K\u00e4ev\u00f5ru t\u00fc\u00fcp: Nahk Veekindlus: Jah Veekindluse tase: 5 ATM Bluetooth: Jah NFC: Ei Wi-Fi: Ei GPS: Jah [&hellip;]<\/p>\n","protected":false},"featured_media":22309,"comment_status":"closed","ping_status":"closed","template":"","meta":{"inline_featured_image":false},"product_brand":[],"product_cat":[176],"product_tag":[],"class_list":{"0":"post-22308","1":"product","2":"type-product","3":"status-publish","4":"has-post-thumbnail","6":"product_cat-smart-chasy","7":"pa_asukoht-lasnamae","8":"pa_seisukord-ispolzovano","10":"first","11":"outofstock","12":"taxable","13":"shipping-taxable","14":"purchasable","15":"product-type-simple"},"_links":{"self":[{"href":"https:\/\/a-pant.ee\/ru\/wp-json\/wp\/v2\/product\/22308","targetHints":{"allow":["GET"]}}],"collection":[{"href":"https:\/\/a-pant.ee\/ru\/wp-json\/wp\/v2\/product"}],"about":[{"href":"https:\/\/a-pant.ee\/ru\/wp-json\/wp\/v2\/types\/product"}],"replies":[{"embeddable":true,"href":"https:\/\/a-pant.ee\/ru\/wp-json\/wp\/v2\/comments?post=22308"}],"wp:featuredmedia":[{"embeddable":true,"href":"https:\/\/a-pant.ee\/ru\/wp-json\/wp\/v2\/media\/22309"}],"wp:attachment":[{"href":"https:\/\/a-pant.ee\/ru\/wp-json\/wp\/v2\/media?parent=22308"}],"wp:term":[{"taxonomy":"product_brand","embeddable":true,"href":"https:\/\/a-pant.ee\/ru\/wp-json\/wp\/v2\/product_brand?post=22308"},{"taxonomy":"product_cat","embeddable":true,"href":"https:\/\/a-pant.ee\/ru\/wp-json\/wp\/v2\/product_cat?post=22308"},{"taxonomy":"product_tag","embeddable":true,"href":"https:\/\/a-pant.ee\/ru\/wp-json\/wp\/v2\/product_tag?post=22308"}],"curies":[{"name":"wp","href":"https:\/\/api.w.org\/{rel}","templated":true}]}}