{"id":22302,"date":"2026-02-03T23:38:55","date_gmt":"2026-02-03T20:38:55","guid":{"rendered":"https:\/\/a-pant.ee\/product\/akkumulyatornaya-drel-shurupovert-bosch-gsr-18v-8\/"},"modified":"2026-02-22T12:50:45","modified_gmt":"2026-02-22T09:50:45","slug":"akkumulyatornaya-drel-shurupovert-bosch-professiomal-gsr-18v-8","status":"publish","type":"product","link":"https:\/\/a-pant.ee\/ru\/product\/akkumulyatornaya-drel-shurupovert-bosch-professiomal-gsr-18v-8\/","title":{"rendered":"\u0410\u043a\u043a\u0443\u043c\u0443\u043b\u044f\u0442\u043e\u0440\u043d\u0430\u044f \u0434\u0440\u0435\u043b\u044c-\u0448\u0443\u0440\u0443\u043f\u043e\u0432\u0435\u0440\u0442 Bosch professiomal GSR 18V-8"},"content":{"rendered":"\n<p> Akutrell Bosch professiomal GSR 18V-85C + Aku, heas seisu- ja t\u00f6\u00f6korras! <\/p><p> KIRJELDUS <\/p><p> Aku pinge 18 sisse <br \/> Maksimaalne p\u00f6\u00f6rdemoment <br \/> 85 n \u00b7 m <br \/> Max. Puurimise l\u00e4bim\u00f5\u00f5t (puit) <br \/> 82 mm <br \/> Max. Puurimise l\u00e4bim\u00f5\u00f5t (metall) <br \/> 13 mm <br \/> Kaal <br \/> 2,48 kg <br \/> Bosch Pro-Mix 18 V akus\u00fcsteem <br \/> Pakendi\u00fcmbris <br \/> Kujundusfunktsioonid lisak\u00e4epidemed <br \/> Kasseti l\u00e4bim\u00f5\u00f5t on 1,5\u201313 mm <br \/> Tagurpidi funktsioonid <br \/> Kasseti t\u00fc\u00fcp on kiire <br \/> Max. T\u00fchik\u00e4igukiiruse arv 2100 p \/ min <\/p>\n","protected":false},"excerpt":{"rendered":"<p>Akutrell Bosch professiomal GSR 18V-85C + Aku, heas seisu- ja t\u00f6\u00f6korras! KIRJELDUS Aku pinge 18 sisse Maksimaalne p\u00f6\u00f6rdemoment 85 n \u00b7 m Max. Puurimise l\u00e4bim\u00f5\u00f5t (puit) 82 mm Max. Puurimise l\u00e4bim\u00f5\u00f5t (metall) 13 mm Kaal 2,48 kg Bosch Pro-Mix 18 V akus\u00fcsteem Pakendi\u00fcmbris Kujundusfunktsioonid lisak\u00e4epidemed Kasseti l\u00e4bim\u00f5\u00f5t on 1,5\u201313 mm Tagurpidi funktsioonid Kasseti t\u00fc\u00fcp on [&hellip;]<\/p>\n","protected":false},"featured_media":22303,"comment_status":"closed","ping_status":"open","template":"","meta":{"inline_featured_image":false},"product_brand":[],"product_cat":[221],"product_tag":[],"class_list":{"0":"post-22302","1":"product","2":"type-product","3":"status-publish","4":"has-post-thumbnail","6":"product_cat-akkumulyatornye-dreli","7":"pa_asukoht-mustamae","8":"pa_seisukord-ispolzovano","10":"first","11":"instock","12":"taxable","13":"shipping-taxable","14":"purchasable","15":"product-type-simple"},"_links":{"self":[{"href":"https:\/\/a-pant.ee\/ru\/wp-json\/wp\/v2\/product\/22302","targetHints":{"allow":["GET"]}}],"collection":[{"href":"https:\/\/a-pant.ee\/ru\/wp-json\/wp\/v2\/product"}],"about":[{"href":"https:\/\/a-pant.ee\/ru\/wp-json\/wp\/v2\/types\/product"}],"replies":[{"embeddable":true,"href":"https:\/\/a-pant.ee\/ru\/wp-json\/wp\/v2\/comments?post=22302"}],"wp:featuredmedia":[{"embeddable":true,"href":"https:\/\/a-pant.ee\/ru\/wp-json\/wp\/v2\/media\/22303"}],"wp:attachment":[{"href":"https:\/\/a-pant.ee\/ru\/wp-json\/wp\/v2\/media?parent=22302"}],"wp:term":[{"taxonomy":"product_brand","embeddable":true,"href":"https:\/\/a-pant.ee\/ru\/wp-json\/wp\/v2\/product_brand?post=22302"},{"taxonomy":"product_cat","embeddable":true,"href":"https:\/\/a-pant.ee\/ru\/wp-json\/wp\/v2\/product_cat?post=22302"},{"taxonomy":"product_tag","embeddable":true,"href":"https:\/\/a-pant.ee\/ru\/wp-json\/wp\/v2\/product_tag?post=22302"}],"curies":[{"name":"wp","href":"https:\/\/api.w.org\/{rel}","templated":true}]}}