{"id":22289,"date":"2026-02-03T23:38:55","date_gmt":"2026-02-03T20:38:55","guid":{"rendered":"https:\/\/a-pant.ee\/product\/noutbuk-dell-vostro-14-3000-zaryadka\/"},"modified":"2026-02-22T12:50:44","modified_gmt":"2026-02-22T09:50:44","slug":"noutbuk-dell-vostro-14-3000-zaryadka-sumka","status":"publish","type":"product","link":"https:\/\/a-pant.ee\/ru\/product\/noutbuk-dell-vostro-14-3000-zaryadka-sumka\/","title":{"rendered":"\u041d\u043e\u0443\u0442\u0431\u0443\u043a Dell Vostro 14 3000 + \u0437\u0430\u0440\u044f\u0434\u043a\u0430 + \u0421\u0443\u043c\u043a\u0430"},"content":{"rendered":"\n<div id=\"description\"><div><p><b> Sulearvuti Dell Vostro 14 3000 + laadija\u00a0 <\/b> , heas seisu- ja t\u00f6\u00f6korras! <\/p><p> Protsessor (CPU): intel Core TM i3-1005G1 CPU 1,20Ghz <br \/> Operatiiv m\u00e4lu: 8 GB DDR4 <br \/> Videokaart : Intel UHD Graphics Family 128mb <br \/> K\u00f5vaketas: ST1000Lm035-1RK172 1TB <br \/> Operatsioonis\u00fcsteem: Windows 11 <\/p><\/div><\/div>\n","protected":false},"excerpt":{"rendered":"<p>Sulearvuti Dell Vostro 14 3000 + laadija\u00a0 , heas seisu- ja t\u00f6\u00f6korras! Protsessor (CPU): intel Core TM i3-1005G1 CPU 1,20Ghz Operatiiv m\u00e4lu: 8 GB DDR4 Videokaart : Intel UHD Graphics Family 128mb K\u00f5vaketas: ST1000Lm035-1RK172 1TB Operatsioonis\u00fcsteem: Windows 11<\/p>\n","protected":false},"featured_media":22290,"comment_status":"closed","ping_status":"closed","template":"","meta":{"inline_featured_image":false},"product_brand":[],"product_cat":[179],"product_tag":[],"class_list":{"0":"post-22289","1":"product","2":"type-product","3":"status-publish","4":"has-post-thumbnail","6":"product_cat-noutbuki","7":"pa_asukoht-mustamae","8":"pa_seisukord-ispolzovano","10":"first","11":"instock","12":"sale","13":"taxable","14":"shipping-taxable","15":"purchasable","16":"product-type-simple"},"_links":{"self":[{"href":"https:\/\/a-pant.ee\/ru\/wp-json\/wp\/v2\/product\/22289","targetHints":{"allow":["GET"]}}],"collection":[{"href":"https:\/\/a-pant.ee\/ru\/wp-json\/wp\/v2\/product"}],"about":[{"href":"https:\/\/a-pant.ee\/ru\/wp-json\/wp\/v2\/types\/product"}],"replies":[{"embeddable":true,"href":"https:\/\/a-pant.ee\/ru\/wp-json\/wp\/v2\/comments?post=22289"}],"wp:featuredmedia":[{"embeddable":true,"href":"https:\/\/a-pant.ee\/ru\/wp-json\/wp\/v2\/media\/22290"}],"wp:attachment":[{"href":"https:\/\/a-pant.ee\/ru\/wp-json\/wp\/v2\/media?parent=22289"}],"wp:term":[{"taxonomy":"product_brand","embeddable":true,"href":"https:\/\/a-pant.ee\/ru\/wp-json\/wp\/v2\/product_brand?post=22289"},{"taxonomy":"product_cat","embeddable":true,"href":"https:\/\/a-pant.ee\/ru\/wp-json\/wp\/v2\/product_cat?post=22289"},{"taxonomy":"product_tag","embeddable":true,"href":"https:\/\/a-pant.ee\/ru\/wp-json\/wp\/v2\/product_tag?post=22289"}],"curies":[{"name":"wp","href":"https:\/\/api.w.org\/{rel}","templated":true}]}}