{"id":22281,"date":"2026-02-03T23:38:55","date_gmt":"2026-02-03T20:38:55","guid":{"rendered":"https:\/\/a-pant.ee\/product\/akkumulyatornaya-drel-festool-txs-2-6-plus\/"},"modified":"2026-02-22T12:50:44","modified_gmt":"2026-02-22T09:50:44","slug":"akkumulyatornaya-drel-shurupovyort-festool-txs-26-plus","status":"publish","type":"product","link":"https:\/\/a-pant.ee\/ru\/product\/akkumulyatornaya-drel-shurupovyort-festool-txs-26-plus\/","title":{"rendered":"\u0410\u043a\u043a\u0443\u043c\u0443\u043b\u044f\u0442\u043e\u0440\u043d\u0430\u044f \u0434\u0440\u0435\u043b\u044c-\u0448\u0443\u0440\u0443\u043f\u043e\u0432\u0451\u0440\u0442 Festool TXS 2,6-Plus"},"content":{"rendered":"\n<div id=\"description\"><div><p> M\u00fc\u00fcakse\u00a0 <b> Aku-trell Festool TXS 2,6-Plus\u00a0 <\/b> , heas seisu- ja t\u00f6\u00f6korras! <\/p><p> karp + aku + laadija <\/p><p> Tehnilised detailid <br \/> Puuri l\u00e4bim\u00f5\u00f5t puit\/teras (mm) 12\/8 <br \/> Padruni kinnitusvahemik (mm) 1\u201310 <br \/> Liitiumioonaku mahutavus. (Ah) 2,60 <br \/> Max p\u00f6\u00f6rdemoment dr\/st (Nm) 10\/16 <br \/> Kaal koos liitiumiooniga (kg) 0,90 <br \/> Aku pinge (V) 10.8 <br \/> P\u00f6\u00f6rdemomendi reguleerimine, 1\/2 kiirust (Nm) 0,3 &#8212; 3,4 <br \/> Kiirus 2 <br \/> Vol. k\u00fclm k\u00e4ik 1\/2-kiirus (rpm) 0 &#8212; 430\/0 &#8212; 1300 <br \/> M\u00fcra tase ja vibratsioon <br \/> Kruvikeeramine: A-korr. helitase. survet LpA (dB(A)) 65,00 <br \/> Kruvikeeramine: A-korr. heliv\u00f5imsuse tase. k\u00f5ikumine LWA (dB(A)) 76,00 <br \/> Kruvikeeramine: \u00dcldine keskmine vibratsiooni v\u00e4\u00e4rtus ah (m\/s\u00b2) 4,00 <br \/> Kruvimine: m\u00e4\u00e4ramatus (vibratsioon) K (dB(A)) 1,50 <br \/> Kruvimine: M\u00e4\u00e4ramatus (m\u00fcra) K (dB) 3,00 <br \/> Metalli puurimine: A-korr. helitase. survet LpA (dB(A)) 65,00 <br \/> Metalli puurimine: A-korr. heliv\u00f5imsuse tase. k\u00f5ikumine LWA (dB(A)) 76,00 <br \/> Metalli puurimine: keskmine vibratsiooni \u00fcldv\u00e4\u00e4rtus ah (m\/s\u00b2) 3,00 <br \/> Metalli puurimine: m\u00f5\u00f5tem\u00e4\u00e4ramatus (vibratsioon) K (m\/s\u00b2) 1,50 <br \/> Metalli puurimine: m\u00e4\u00e4ramatus (m\u00fcra) K (dB) 3,00 <\/p><\/div><\/div>\n","protected":false},"excerpt":{"rendered":"<p>M\u00fc\u00fcakse\u00a0 Aku-trell Festool TXS 2,6-Plus\u00a0 , heas seisu- ja t\u00f6\u00f6korras! karp + aku + laadija Tehnilised detailid Puuri l\u00e4bim\u00f5\u00f5t puit\/teras (mm) 12\/8 Padruni kinnitusvahemik (mm) 1\u201310 Liitiumioonaku mahutavus. (Ah) 2,60 Max p\u00f6\u00f6rdemoment dr\/st (Nm) 10\/16 Kaal koos liitiumiooniga (kg) 0,90 Aku pinge (V) 10.8 P\u00f6\u00f6rdemomendi reguleerimine, 1\/2 kiirust (Nm) 0,3 &#8212; 3,4 Kiirus 2 Vol. [&hellip;]<\/p>\n","protected":false},"featured_media":22282,"comment_status":"closed","ping_status":"open","template":"","meta":{"inline_featured_image":false},"product_brand":[],"product_cat":[221],"product_tag":[],"class_list":{"0":"post-22281","1":"product","2":"type-product","3":"status-publish","4":"has-post-thumbnail","6":"product_cat-akkumulyatornye-dreli","7":"pa_asukoht-mustamae","8":"pa_seisukord-ispolzovano","10":"first","11":"instock","12":"taxable","13":"shipping-taxable","14":"purchasable","15":"product-type-simple"},"_links":{"self":[{"href":"https:\/\/a-pant.ee\/ru\/wp-json\/wp\/v2\/product\/22281","targetHints":{"allow":["GET"]}}],"collection":[{"href":"https:\/\/a-pant.ee\/ru\/wp-json\/wp\/v2\/product"}],"about":[{"href":"https:\/\/a-pant.ee\/ru\/wp-json\/wp\/v2\/types\/product"}],"replies":[{"embeddable":true,"href":"https:\/\/a-pant.ee\/ru\/wp-json\/wp\/v2\/comments?post=22281"}],"wp:featuredmedia":[{"embeddable":true,"href":"https:\/\/a-pant.ee\/ru\/wp-json\/wp\/v2\/media\/22282"}],"wp:attachment":[{"href":"https:\/\/a-pant.ee\/ru\/wp-json\/wp\/v2\/media?parent=22281"}],"wp:term":[{"taxonomy":"product_brand","embeddable":true,"href":"https:\/\/a-pant.ee\/ru\/wp-json\/wp\/v2\/product_brand?post=22281"},{"taxonomy":"product_cat","embeddable":true,"href":"https:\/\/a-pant.ee\/ru\/wp-json\/wp\/v2\/product_cat?post=22281"},{"taxonomy":"product_tag","embeddable":true,"href":"https:\/\/a-pant.ee\/ru\/wp-json\/wp\/v2\/product_tag?post=22281"}],"curies":[{"name":"wp","href":"https:\/\/api.w.org\/{rel}","templated":true}]}}