{"id":22265,"date":"2026-02-03T23:38:55","date_gmt":"2026-02-03T20:38:55","guid":{"rendered":"https:\/\/a-pant.ee\/product\/stabilizator-feiyutech-vlog-pocket\/"},"modified":"2026-02-22T12:50:44","modified_gmt":"2026-02-22T09:50:44","slug":"stabilizator-feiyutech-vlog-pocket","status":"publish","type":"product","link":"https:\/\/a-pant.ee\/ru\/product\/stabilizator-feiyutech-vlog-pocket\/","title":{"rendered":"\u0421\u0442\u0430\u0431\u0438\u043b\u0438\u0437\u0430\u0442\u043e\u0440   Feiyutech Vlog Pocket"},"content":{"rendered":"\n<p> Stabilisaatorid Feiyutech Vlog Pocket Mobiiltelefon\u00a0, heas seisu- ja t\u00f6\u00f6korras! <\/p><p> KIRJELDUS <\/p><p> Kaamerahaldus: Bluetooth 4.1 <\/p><p> \u00dchilduvate telefonide m\u00f5\u00f5tmed: 42 &#8212; 88 mm <\/p><p> Volditud m\u00f5\u00f5tmed: 108,61 x 55,56 x 145,62 mm <\/p><p> M\u00f5\u00f5tmed t\u00f6\u00f6korras: 66,76 x 90,96 x 242,08 mm <\/p><p> Kaal: 272g (ilma telefonita) <\/p><p> Kandev\u00f5ime: 240 g <\/p><p> Aku: 7,4 V, 1300 mAh, 9,62 Wh <\/p><p> T\u00f6\u00f6aeg: kuni 8 tundi <\/p><p> Ooteaeg: kuni 14 tundi <\/p>\n","protected":false},"excerpt":{"rendered":"<p>Stabilisaatorid Feiyutech Vlog Pocket Mobiiltelefon\u00a0, heas seisu- ja t\u00f6\u00f6korras! KIRJELDUS Kaamerahaldus: Bluetooth 4.1 \u00dchilduvate telefonide m\u00f5\u00f5tmed: 42 &#8212; 88 mm Volditud m\u00f5\u00f5tmed: 108,61 x 55,56 x 145,62 mm M\u00f5\u00f5tmed t\u00f6\u00f6korras: 66,76 x 90,96 x 242,08 mm Kaal: 272g (ilma telefonita) Kandev\u00f5ime: 240 g Aku: 7,4 V, 1300 mAh, 9,62 Wh T\u00f6\u00f6aeg: kuni 8 tundi Ooteaeg: [&hellip;]<\/p>\n","protected":false},"featured_media":22266,"comment_status":"closed","ping_status":"open","template":"","meta":{"inline_featured_image":false},"product_brand":[],"product_cat":[172],"product_tag":[],"class_list":{"0":"post-22265","1":"product","2":"type-product","3":"status-publish","4":"has-post-thumbnail","6":"product_cat-vse-dlya-telefonov","7":"pa_asukoht-lasnamae","8":"pa_seisukord-ispolzovano","10":"first","11":"instock","12":"taxable","13":"shipping-taxable","14":"purchasable","15":"product-type-simple"},"_links":{"self":[{"href":"https:\/\/a-pant.ee\/ru\/wp-json\/wp\/v2\/product\/22265","targetHints":{"allow":["GET"]}}],"collection":[{"href":"https:\/\/a-pant.ee\/ru\/wp-json\/wp\/v2\/product"}],"about":[{"href":"https:\/\/a-pant.ee\/ru\/wp-json\/wp\/v2\/types\/product"}],"replies":[{"embeddable":true,"href":"https:\/\/a-pant.ee\/ru\/wp-json\/wp\/v2\/comments?post=22265"}],"wp:featuredmedia":[{"embeddable":true,"href":"https:\/\/a-pant.ee\/ru\/wp-json\/wp\/v2\/media\/22266"}],"wp:attachment":[{"href":"https:\/\/a-pant.ee\/ru\/wp-json\/wp\/v2\/media?parent=22265"}],"wp:term":[{"taxonomy":"product_brand","embeddable":true,"href":"https:\/\/a-pant.ee\/ru\/wp-json\/wp\/v2\/product_brand?post=22265"},{"taxonomy":"product_cat","embeddable":true,"href":"https:\/\/a-pant.ee\/ru\/wp-json\/wp\/v2\/product_cat?post=22265"},{"taxonomy":"product_tag","embeddable":true,"href":"https:\/\/a-pant.ee\/ru\/wp-json\/wp\/v2\/product_tag?post=22265"}],"curies":[{"name":"wp","href":"https:\/\/api.w.org\/{rel}","templated":true}]}}