{"id":22238,"date":"2026-02-03T23:32:18","date_gmt":"2026-02-03T20:32:18","guid":{"rendered":"https:\/\/a-pant.ee\/product\/toster-dlya-sandvichey-lono-komplekt\/"},"modified":"2026-02-22T12:50:49","modified_gmt":"2026-02-22T09:50:49","slug":"toster-dlya-sandvichej-lono-komplekt-korobka","status":"publish","type":"product","link":"https:\/\/a-pant.ee\/ru\/product\/toster-dlya-sandvichej-lono-komplekt-korobka\/","title":{"rendered":"\u0422\u043e\u0441\u0442\u0435\u0440 \u0434\u043b\u044f \u0441\u0430\u043d\u0434\u0432\u0438\u0447\u0435\u0439 Lono (\u043a\u043e\u043c\u043f\u043b\u0435\u043a\u0442) + \u043a\u043e\u0440\u043e\u0431\u043a\u0430"},"content":{"rendered":"\n<p> Sandwich toaster Lono (komplekt) + karp\u00a0, heas seisu- ja t\u00f6\u00f6korras! <\/p><p> KIRJELDUS <\/p><p> Valmistatud kvaliteetsest Cromarganist <br \/> \u2022 Sobib ka suuremate saiaviilude jaoks <br \/> \u2022 Muudetav k\u00e4epideme lukustus kaheastmelise k\u00f5rguse reguleerimisega v\u00f5ileiva paksusega kohandumiseks <br \/> \u2022 Ruumis\u00e4\u00e4stev hoiustamine t\u00e4nu juhtmehoidikule <br \/> \u2022 Lihtne puhastada t\u00e4nu spetsiaalsele plaatide disainile ja nakkumatule pinnale <br \/> \u2022 LED-indikaator <br \/> \u2022 Sisse\/v\u00e4lja l\u00fcliti <br \/> \u2022 V\u00f5imsus: 800 W <\/p>\n","protected":false},"excerpt":{"rendered":"<p>Sandwich toaster Lono (komplekt) + karp\u00a0, heas seisu- ja t\u00f6\u00f6korras! KIRJELDUS Valmistatud kvaliteetsest Cromarganist \u2022 Sobib ka suuremate saiaviilude jaoks \u2022 Muudetav k\u00e4epideme lukustus kaheastmelise k\u00f5rguse reguleerimisega v\u00f5ileiva paksusega kohandumiseks \u2022 Ruumis\u00e4\u00e4stev hoiustamine t\u00e4nu juhtmehoidikule \u2022 Lihtne puhastada t\u00e4nu spetsiaalsele plaatide disainile ja nakkumatule pinnale \u2022 LED-indikaator \u2022 Sisse\/v\u00e4lja l\u00fcliti \u2022 V\u00f5imsus: 800 W<\/p>\n","protected":false},"featured_media":22239,"comment_status":"closed","ping_status":"open","template":"","meta":{"inline_featured_image":false},"product_brand":[],"product_cat":[166],"product_tag":[],"class_list":{"0":"post-22238","1":"product","2":"type-product","3":"status-publish","4":"has-post-thumbnail","6":"product_cat-bytovaya-tehnika","7":"pa_asukoht-lasnamae","8":"pa_seisukord-ispolzovano","10":"first","11":"instock","12":"taxable","13":"shipping-taxable","14":"purchasable","15":"product-type-simple"},"_links":{"self":[{"href":"https:\/\/a-pant.ee\/ru\/wp-json\/wp\/v2\/product\/22238","targetHints":{"allow":["GET"]}}],"collection":[{"href":"https:\/\/a-pant.ee\/ru\/wp-json\/wp\/v2\/product"}],"about":[{"href":"https:\/\/a-pant.ee\/ru\/wp-json\/wp\/v2\/types\/product"}],"replies":[{"embeddable":true,"href":"https:\/\/a-pant.ee\/ru\/wp-json\/wp\/v2\/comments?post=22238"}],"wp:featuredmedia":[{"embeddable":true,"href":"https:\/\/a-pant.ee\/ru\/wp-json\/wp\/v2\/media\/22239"}],"wp:attachment":[{"href":"https:\/\/a-pant.ee\/ru\/wp-json\/wp\/v2\/media?parent=22238"}],"wp:term":[{"taxonomy":"product_brand","embeddable":true,"href":"https:\/\/a-pant.ee\/ru\/wp-json\/wp\/v2\/product_brand?post=22238"},{"taxonomy":"product_cat","embeddable":true,"href":"https:\/\/a-pant.ee\/ru\/wp-json\/wp\/v2\/product_cat?post=22238"},{"taxonomy":"product_tag","embeddable":true,"href":"https:\/\/a-pant.ee\/ru\/wp-json\/wp\/v2\/product_tag?post=22238"}],"curies":[{"name":"wp","href":"https:\/\/api.w.org\/{rel}","templated":true}]}}