{"id":22219,"date":"2026-02-03T23:32:18","date_gmt":"2026-02-03T20:32:18","guid":{"rendered":"https:\/\/a-pant.ee\/product\/shurupovert-makita-dtd153-ak-3-0ah\/"},"modified":"2026-02-22T12:50:49","modified_gmt":"2026-02-22T09:50:49","slug":"udarnaya-drel-shurupovert-makita-dtd-153-4-ah","status":"publish","type":"product","link":"https:\/\/a-pant.ee\/ru\/product\/udarnaya-drel-shurupovert-makita-dtd-153-4-ah\/","title":{"rendered":"\u0423\u0434\u0430\u0440\u043d\u0430\u044f \u0434\u0440\u0435\u043b\u044c-\u0448\u0443\u0440\u0443\u043f\u043e\u0432\u0435\u0440\u0442 Makita DTD 153 + 4 ah"},"content":{"rendered":"\n<p> Akul\u00f6\u00f6kkruvikeeraja\u00a0Makita DTD153 + aku 3,0Ah\u00a0, heas seisu- ja t\u00f6\u00f6korras! <\/p><p> KIRJELDUS <\/p><p> Kategooria: K\u00e4sit\u00f6\u00f6riistad <\/p><p> T\u00fc\u00fcp: Kruvikeerajad ja tarvikud <\/p><p> Etten\u00e4htud: Puurimisvahendid <\/p><p> Kaubam\u00e4rk: Makita <\/p><p> Vaade: Makita, kruvikeerajad ja tarvikud k\u00e4sit\u00f6\u00f6riistad <\/p><p> K\u00f5ik tooted sellelt kaubam\u00e4rgilt: K\u00f5ik Makita tooted <\/p>\n","protected":false},"excerpt":{"rendered":"<p>Akul\u00f6\u00f6kkruvikeeraja\u00a0Makita DTD153 + aku 3,0Ah\u00a0, heas seisu- ja t\u00f6\u00f6korras! KIRJELDUS Kategooria: K\u00e4sit\u00f6\u00f6riistad T\u00fc\u00fcp: Kruvikeerajad ja tarvikud Etten\u00e4htud: Puurimisvahendid Kaubam\u00e4rk: Makita Vaade: Makita, kruvikeerajad ja tarvikud k\u00e4sit\u00f6\u00f6riistad K\u00f5ik tooted sellelt kaubam\u00e4rgilt: K\u00f5ik Makita tooted<\/p>\n","protected":false},"featured_media":22220,"comment_status":"closed","ping_status":"open","template":"","meta":{"inline_featured_image":false},"product_brand":[],"product_cat":[221],"product_tag":[],"class_list":{"0":"post-22219","1":"product","2":"type-product","3":"status-publish","4":"has-post-thumbnail","6":"product_cat-akkumulyatornye-dreli","7":"pa_asukoht-lasnamae","8":"pa_seisukord-ispolzovano","10":"first","11":"instock","12":"taxable","13":"shipping-taxable","14":"purchasable","15":"product-type-simple"},"_links":{"self":[{"href":"https:\/\/a-pant.ee\/ru\/wp-json\/wp\/v2\/product\/22219","targetHints":{"allow":["GET"]}}],"collection":[{"href":"https:\/\/a-pant.ee\/ru\/wp-json\/wp\/v2\/product"}],"about":[{"href":"https:\/\/a-pant.ee\/ru\/wp-json\/wp\/v2\/types\/product"}],"replies":[{"embeddable":true,"href":"https:\/\/a-pant.ee\/ru\/wp-json\/wp\/v2\/comments?post=22219"}],"wp:featuredmedia":[{"embeddable":true,"href":"https:\/\/a-pant.ee\/ru\/wp-json\/wp\/v2\/media\/22220"}],"wp:attachment":[{"href":"https:\/\/a-pant.ee\/ru\/wp-json\/wp\/v2\/media?parent=22219"}],"wp:term":[{"taxonomy":"product_brand","embeddable":true,"href":"https:\/\/a-pant.ee\/ru\/wp-json\/wp\/v2\/product_brand?post=22219"},{"taxonomy":"product_cat","embeddable":true,"href":"https:\/\/a-pant.ee\/ru\/wp-json\/wp\/v2\/product_cat?post=22219"},{"taxonomy":"product_tag","embeddable":true,"href":"https:\/\/a-pant.ee\/ru\/wp-json\/wp\/v2\/product_tag?post=22219"}],"curies":[{"name":"wp","href":"https:\/\/api.w.org\/{rel}","templated":true}]}}