{"id":22212,"date":"2026-02-03T23:32:18","date_gmt":"2026-02-03T20:32:18","guid":{"rendered":"https:\/\/a-pant.ee\/product\/akkumulyatornaya-drel-makita-df347d\/"},"modified":"2026-02-22T12:50:49","modified_gmt":"2026-02-22T09:50:49","slug":"akkumulyatornaya-drel-makita-df347d-zaryadka-dc18wa","status":"publish","type":"product","link":"https:\/\/a-pant.ee\/ru\/product\/akkumulyatornaya-drel-makita-df347d-zaryadka-dc18wa\/","title":{"rendered":"\u0410\u043a\u043a\u0443\u043c\u0443\u043b\u044f\u0442\u043e\u0440\u043d\u0430\u044f \u0434\u0440\u0435\u043b\u044c Makita DF347D + \u0417\u0430\u0440\u044f\u0434\u043a\u0430 DC18WA"},"content":{"rendered":"\n<p> Akutrell Makita DF347D + Laadija DC18WA, heas seisu- ja t\u00f6\u00f6korras! <\/p><p> Vaata meie teised kuulutused! <\/p><p> Mustam\u00e4e, Vilde Tee 96 <\/p><p> KIRJELDUS <\/p><p> Aku pinge 14,4 sisse <br \/> Maksimaalne p\u00f6\u00f6rdemoment <br \/> 30 n \u00b7 m <br \/> Max. Puurimise l\u00e4bim\u00f5\u00f5t (puit) <br \/> 25 mm <br \/> Max. Puurimise l\u00e4bim\u00f5\u00f5t (metall) <br \/> 10 mm <br \/> Kaal <br \/> 1,4 kg <br \/> Aku maht 1,5 a \u00b7 h <br \/> Akude arv 2 tk. <br \/> Pakendi\u00fcmbris <br \/> Spindli fikseerimise disainfunktsioonid, lukustusnupp <br \/> Kasseti l\u00e4bim\u00f5\u00f5t on 1,5\u201310 mm <br \/> P\u00f6\u00f6rdfunktsioonid, mootori pidur, p\u00f6\u00f6rlemissageduse reguleerimine <br \/> Kasseti t\u00fc\u00fcp on kiire <br \/> Max. T\u00fchik\u00e4igu p\u00f6\u00f6rlemiste arv on 1400 p \/ min <\/p><p> \u00dchilduv kaubam\u00e4rk <br \/> Makita <br \/> T\u00fc\u00fcp <br \/> Laadija <br \/> Aku t\u00fc\u00fcp <br \/> Li-ioon <br \/> Aku kujundus <br \/> Liugur <br \/> Pinge <br \/> 14.4 sajand <br \/> \u00dchilduvus <br \/> G-t\u00fc\u00fcpi akud 14,4 ja 18 volti, BL1815G; BL1415G; BL1813G <br \/> Lisainformatsioon <br \/> Laadimisaeg 1,5 a\/h &#8212; 60 minutit, v\u00f5rgujuht 2,0 m, t\u00f6\u00f6riista m\u00f5\u00f5tmed (d x w x c): 150 x 100 x 65 mm <\/p>\n","protected":false},"excerpt":{"rendered":"<p>Akutrell Makita DF347D + Laadija DC18WA, heas seisu- ja t\u00f6\u00f6korras! Vaata meie teised kuulutused! Mustam\u00e4e, Vilde Tee 96 KIRJELDUS Aku pinge 14,4 sisse Maksimaalne p\u00f6\u00f6rdemoment 30 n \u00b7 m Max. Puurimise l\u00e4bim\u00f5\u00f5t (puit) 25 mm Max. Puurimise l\u00e4bim\u00f5\u00f5t (metall) 10 mm Kaal 1,4 kg Aku maht 1,5 a \u00b7 h Akude arv 2 tk. Pakendi\u00fcmbris [&hellip;]<\/p>\n","protected":false},"featured_media":22213,"comment_status":"closed","ping_status":"open","template":"","meta":{"inline_featured_image":false},"product_brand":[],"product_cat":[221],"product_tag":[],"class_list":{"0":"post-22212","1":"product","2":"type-product","3":"status-publish","4":"has-post-thumbnail","6":"product_cat-akkumulyatornye-dreli","7":"pa_asukoht-mustamae","8":"pa_seisukord-ispolzovano","10":"first","11":"instock","12":"taxable","13":"shipping-taxable","14":"purchasable","15":"product-type-simple"},"_links":{"self":[{"href":"https:\/\/a-pant.ee\/ru\/wp-json\/wp\/v2\/product\/22212","targetHints":{"allow":["GET"]}}],"collection":[{"href":"https:\/\/a-pant.ee\/ru\/wp-json\/wp\/v2\/product"}],"about":[{"href":"https:\/\/a-pant.ee\/ru\/wp-json\/wp\/v2\/types\/product"}],"replies":[{"embeddable":true,"href":"https:\/\/a-pant.ee\/ru\/wp-json\/wp\/v2\/comments?post=22212"}],"wp:featuredmedia":[{"embeddable":true,"href":"https:\/\/a-pant.ee\/ru\/wp-json\/wp\/v2\/media\/22213"}],"wp:attachment":[{"href":"https:\/\/a-pant.ee\/ru\/wp-json\/wp\/v2\/media?parent=22212"}],"wp:term":[{"taxonomy":"product_brand","embeddable":true,"href":"https:\/\/a-pant.ee\/ru\/wp-json\/wp\/v2\/product_brand?post=22212"},{"taxonomy":"product_cat","embeddable":true,"href":"https:\/\/a-pant.ee\/ru\/wp-json\/wp\/v2\/product_cat?post=22212"},{"taxonomy":"product_tag","embeddable":true,"href":"https:\/\/a-pant.ee\/ru\/wp-json\/wp\/v2\/product_tag?post=22212"}],"curies":[{"name":"wp","href":"https:\/\/api.w.org\/{rel}","templated":true}]}}