{"id":22207,"date":"2026-02-03T23:32:18","date_gmt":"2026-02-03T20:32:18","guid":{"rendered":"https:\/\/a-pant.ee\/product\/noutbuk-lenovo-80qr-zaryadka\/"},"modified":"2026-02-22T12:50:49","modified_gmt":"2026-02-22T09:50:49","slug":"noutbuk-lenovo-80qr-zaryadka","status":"publish","type":"product","link":"https:\/\/a-pant.ee\/ru\/product\/noutbuk-lenovo-80qr-zaryadka\/","title":{"rendered":"\u041d\u043e\u0443\u0442\u0431\u0443\u043a Lenovo 80QR + \u0417\u0430\u0440\u044f\u0434\u043a\u0430"},"content":{"rendered":"\n<p> S\u00fclearvuti Lenovo 80QR + Laadija (ei ole originaal), heas seisu- ja t\u00f6\u00f6korras! <\/p><p> KIRJELDUS <\/p><p> Protsessor: Intel R Celeron R CPU N2840 @ 2.160Hz (2CPUs), 2.2GHz <\/p><p> RAM: 4Gb <\/p><p> Videokaart: Intel HD graafika 1792MB <\/p><p> K\u00f5va ketas: Samsung MZYLF128HCHP-000L2 128GB <\/p><p> Windows: 10 Home <\/p>\n","protected":false},"excerpt":{"rendered":"<p>S\u00fclearvuti Lenovo 80QR + Laadija (ei ole originaal), heas seisu- ja t\u00f6\u00f6korras! KIRJELDUS Protsessor: Intel R Celeron R CPU N2840 @ 2.160Hz (2CPUs), 2.2GHz RAM: 4Gb Videokaart: Intel HD graafika 1792MB K\u00f5va ketas: Samsung MZYLF128HCHP-000L2 128GB Windows: 10 Home<\/p>\n","protected":false},"featured_media":22208,"comment_status":"closed","ping_status":"closed","template":"","meta":{"inline_featured_image":false},"product_brand":[],"product_cat":[179],"product_tag":[],"class_list":{"0":"post-22207","1":"product","2":"type-product","3":"status-publish","4":"has-post-thumbnail","6":"product_cat-noutbuki","7":"pa_asukoht-mustamae","8":"pa_seisukord-ispolzovano","10":"first","11":"outofstock","12":"taxable","13":"shipping-taxable","14":"purchasable","15":"product-type-simple"},"_links":{"self":[{"href":"https:\/\/a-pant.ee\/ru\/wp-json\/wp\/v2\/product\/22207","targetHints":{"allow":["GET"]}}],"collection":[{"href":"https:\/\/a-pant.ee\/ru\/wp-json\/wp\/v2\/product"}],"about":[{"href":"https:\/\/a-pant.ee\/ru\/wp-json\/wp\/v2\/types\/product"}],"replies":[{"embeddable":true,"href":"https:\/\/a-pant.ee\/ru\/wp-json\/wp\/v2\/comments?post=22207"}],"wp:featuredmedia":[{"embeddable":true,"href":"https:\/\/a-pant.ee\/ru\/wp-json\/wp\/v2\/media\/22208"}],"wp:attachment":[{"href":"https:\/\/a-pant.ee\/ru\/wp-json\/wp\/v2\/media?parent=22207"}],"wp:term":[{"taxonomy":"product_brand","embeddable":true,"href":"https:\/\/a-pant.ee\/ru\/wp-json\/wp\/v2\/product_brand?post=22207"},{"taxonomy":"product_cat","embeddable":true,"href":"https:\/\/a-pant.ee\/ru\/wp-json\/wp\/v2\/product_cat?post=22207"},{"taxonomy":"product_tag","embeddable":true,"href":"https:\/\/a-pant.ee\/ru\/wp-json\/wp\/v2\/product_tag?post=22207"}],"curies":[{"name":"wp","href":"https:\/\/api.w.org\/{rel}","templated":true}]}}