{"id":22200,"date":"2026-02-03T23:32:18","date_gmt":"2026-02-03T20:32:18","guid":{"rendered":"https:\/\/a-pant.ee\/product\/bessprovodnye-naushniki-apple-airpods-2-gen\/"},"modified":"2026-02-22T12:50:48","modified_gmt":"2026-02-22T09:50:48","slug":"besprovodnye-naushniki-apple-airpods-2nd-gen","status":"publish","type":"product","link":"https:\/\/a-pant.ee\/ru\/product\/besprovodnye-naushniki-apple-airpods-2nd-gen\/","title":{"rendered":"\u0411\u0435\u0441\u043f\u0440\u043e\u0432\u043e\u0434\u043d\u044b\u0435 \u043d\u0430\u0443\u0448\u043d\u0438\u043a\u0438 Apple AirPods (2nd gen)"},"content":{"rendered":"\n<p><strong> J <\/strong> uhtmevabad in-ear k\u00f5rvaklapid Apple AirPods (2nd gen), heas seisu- ja t\u00f6\u00f6korras! <\/p><p> KIRJELDUS <\/p><p> Kaubam\u00e4rk: Apple <\/p><p> T\u00fc\u00fcp: Juhtmevabad k\u00f5rvaklapid <\/p><p> Kandmise viis: N\u00f6\u00f6pk\u00f5rvaklapid (In-Ear) <\/p><p> Eesm\u00e4rk:Universaalne <\/p><p> V\u00e4rv: Valge <\/p><p> Liidese t\u00fc\u00fcp: Bluetooth <\/p><p> Sageduskaja: Pole t\u00e4psustatud <\/p><p> Mikrofon:Jah <\/p><p> Toetatavad tehnoloogiad:Bluetooth <\/p><p> Maksimaalne t\u00f6\u00f6piirkond (m): 10 m <\/p><p> M\u00e4lukaardi pesa: Ei <\/p><p> Maksimaalne t\u00f6\u00f6aeg: 5 h <\/p><p> Kaal: 46 g <\/p>\n","protected":false},"excerpt":{"rendered":"<p>J uhtmevabad in-ear k\u00f5rvaklapid Apple AirPods (2nd gen), heas seisu- ja t\u00f6\u00f6korras! KIRJELDUS Kaubam\u00e4rk: Apple T\u00fc\u00fcp: Juhtmevabad k\u00f5rvaklapid Kandmise viis: N\u00f6\u00f6pk\u00f5rvaklapid (In-Ear) Eesm\u00e4rk:Universaalne V\u00e4rv: Valge Liidese t\u00fc\u00fcp: Bluetooth Sageduskaja: Pole t\u00e4psustatud Mikrofon:Jah Toetatavad tehnoloogiad:Bluetooth Maksimaalne t\u00f6\u00f6piirkond (m): 10 m M\u00e4lukaardi pesa: Ei Maksimaalne t\u00f6\u00f6aeg: 5 h Kaal: 46 g<\/p>\n","protected":false},"featured_media":22201,"comment_status":"closed","ping_status":"closed","template":"","meta":{"inline_featured_image":false},"product_brand":[],"product_cat":[168],"product_tag":[],"class_list":{"0":"post-22200","1":"product","2":"type-product","3":"status-publish","4":"has-post-thumbnail","6":"product_cat-naushniki","7":"pa_asukoht-mustamae","8":"pa_seisukord-ispolzovano","10":"first","11":"outofstock","12":"taxable","13":"shipping-taxable","14":"purchasable","15":"product-type-simple"},"_links":{"self":[{"href":"https:\/\/a-pant.ee\/ru\/wp-json\/wp\/v2\/product\/22200","targetHints":{"allow":["GET"]}}],"collection":[{"href":"https:\/\/a-pant.ee\/ru\/wp-json\/wp\/v2\/product"}],"about":[{"href":"https:\/\/a-pant.ee\/ru\/wp-json\/wp\/v2\/types\/product"}],"replies":[{"embeddable":true,"href":"https:\/\/a-pant.ee\/ru\/wp-json\/wp\/v2\/comments?post=22200"}],"wp:featuredmedia":[{"embeddable":true,"href":"https:\/\/a-pant.ee\/ru\/wp-json\/wp\/v2\/media\/22201"}],"wp:attachment":[{"href":"https:\/\/a-pant.ee\/ru\/wp-json\/wp\/v2\/media?parent=22200"}],"wp:term":[{"taxonomy":"product_brand","embeddable":true,"href":"https:\/\/a-pant.ee\/ru\/wp-json\/wp\/v2\/product_brand?post=22200"},{"taxonomy":"product_cat","embeddable":true,"href":"https:\/\/a-pant.ee\/ru\/wp-json\/wp\/v2\/product_cat?post=22200"},{"taxonomy":"product_tag","embeddable":true,"href":"https:\/\/a-pant.ee\/ru\/wp-json\/wp\/v2\/product_tag?post=22200"}],"curies":[{"name":"wp","href":"https:\/\/api.w.org\/{rel}","templated":true}]}}