{"id":22195,"date":"2026-02-03T23:32:18","date_gmt":"2026-02-03T20:32:18","guid":{"rendered":"https:\/\/a-pant.ee\/product\/beprovodnye-naushniki-jabra-elite-active-65t\/"},"modified":"2026-02-22T12:50:48","modified_gmt":"2026-02-22T09:50:48","slug":"besprovodnye-naushniki-jabra-elite-active-65t","status":"publish","type":"product","link":"https:\/\/a-pant.ee\/ru\/product\/besprovodnye-naushniki-jabra-elite-active-65t\/","title":{"rendered":"\u0411\u0435\u0441\u043f\u0440\u043e\u0432\u043e\u0434\u043d\u044b\u0435 \u043d\u0430\u0443\u0448\u043d\u0438\u043a\u0438  Jabra Elite Active 65T"},"content":{"rendered":"\n<p> K\u00f5rvaklapid Jabra Elite Active 65T\u00a0, heas seisu- ja t\u00f6\u00f6korras! <\/p><p> KIRJELDUS <\/p><p> Liidese t\u00fc\u00fcp: Bluetooth <\/p><p> Mikrofon:Jah <\/p><p> Maksimaalne t\u00f6\u00f6piirkond (m): 10 m <\/p>\n","protected":false},"excerpt":{"rendered":"<p>K\u00f5rvaklapid Jabra Elite Active 65T\u00a0, heas seisu- ja t\u00f6\u00f6korras! KIRJELDUS Liidese t\u00fc\u00fcp: Bluetooth Mikrofon:Jah Maksimaalne t\u00f6\u00f6piirkond (m): 10 m<\/p>\n","protected":false},"featured_media":22196,"comment_status":"closed","ping_status":"open","template":"","meta":{"inline_featured_image":false},"product_brand":[],"product_cat":[168],"product_tag":[],"class_list":{"0":"post-22195","1":"product","2":"type-product","3":"status-publish","4":"has-post-thumbnail","6":"product_cat-naushniki","7":"pa_asukoht-lasnamae","8":"pa_seisukord-ispolzovano","10":"first","11":"instock","12":"taxable","13":"shipping-taxable","14":"purchasable","15":"product-type-simple"},"_links":{"self":[{"href":"https:\/\/a-pant.ee\/ru\/wp-json\/wp\/v2\/product\/22195","targetHints":{"allow":["GET"]}}],"collection":[{"href":"https:\/\/a-pant.ee\/ru\/wp-json\/wp\/v2\/product"}],"about":[{"href":"https:\/\/a-pant.ee\/ru\/wp-json\/wp\/v2\/types\/product"}],"replies":[{"embeddable":true,"href":"https:\/\/a-pant.ee\/ru\/wp-json\/wp\/v2\/comments?post=22195"}],"wp:featuredmedia":[{"embeddable":true,"href":"https:\/\/a-pant.ee\/ru\/wp-json\/wp\/v2\/media\/22196"}],"wp:attachment":[{"href":"https:\/\/a-pant.ee\/ru\/wp-json\/wp\/v2\/media?parent=22195"}],"wp:term":[{"taxonomy":"product_brand","embeddable":true,"href":"https:\/\/a-pant.ee\/ru\/wp-json\/wp\/v2\/product_brand?post=22195"},{"taxonomy":"product_cat","embeddable":true,"href":"https:\/\/a-pant.ee\/ru\/wp-json\/wp\/v2\/product_cat?post=22195"},{"taxonomy":"product_tag","embeddable":true,"href":"https:\/\/a-pant.ee\/ru\/wp-json\/wp\/v2\/product_tag?post=22195"}],"curies":[{"name":"wp","href":"https:\/\/api.w.org\/{rel}","templated":true}]}}