{"id":22188,"date":"2026-02-03T23:32:18","date_gmt":"2026-02-03T20:32:18","guid":{"rendered":"https:\/\/a-pant.ee\/product\/umnye-chasy-samsung-galaxy-watch-3-41mm\/"},"modified":"2026-02-22T12:50:48","modified_gmt":"2026-02-22T09:50:48","slug":"smart-chasy-samsung-galaxy-watch-6-44mm-lte-zaryadka","status":"publish","type":"product","link":"https:\/\/a-pant.ee\/ru\/product\/smart-chasy-samsung-galaxy-watch-6-44mm-lte-zaryadka\/","title":{"rendered":"\u0421\u043c\u0430\u0440\u0442-\u0447\u0430\u0441\u044b Samsung Galaxy Watch 6 44mm LTE + \u0417\u0430\u0440\u044f\u0434\u043a\u0430"},"content":{"rendered":"\n<p> Nutikellad Samsung Galaxy Watch 3 41mm + juhend + laadija + karp\u00a0, heas seisu- ja t\u00f6\u00f6korras! <\/p><p> KIRJELDUS <\/p><p> Veekindel kuni 50 m s\u00fcgavuseni (IP68 sertifikaat); <br \/> \u2022 8 GB sisem\u00e4lu; <br \/> \u2022 GPS moodul: <br \/> \u2022 Sporditegevuse j\u00e4lgimine (spordire\u017eiimid, treeneri funktsioon); <br \/> \u2022 Tervise j\u00e4lgimise rakendus \u201eSamsung Health\u201c (pulsi j\u00e4lgimine, une kvaliteedi j\u00e4lgimine, vere hapniku j\u00e4lgimine); <br \/> \u2022 Lisafunktsioonid (sissetulevate k\u00f5nede teatised, teksts\u00f5numid, e-kirjad, kalendrite meeldetuletused, ilm); <br \/> \u2022 \u00dche laadimisega peaks kell kestma kuni 43 tundi. (s\u00f5ltuvalt kasutamise intensiivsusest); <br \/> \u2022 Silikone rihm. <\/p>\n","protected":false},"excerpt":{"rendered":"<p>Nutikellad Samsung Galaxy Watch 3 41mm + juhend + laadija + karp\u00a0, heas seisu- ja t\u00f6\u00f6korras! KIRJELDUS Veekindel kuni 50 m s\u00fcgavuseni (IP68 sertifikaat); \u2022 8 GB sisem\u00e4lu; \u2022 GPS moodul: \u2022 Sporditegevuse j\u00e4lgimine (spordire\u017eiimid, treeneri funktsioon); \u2022 Tervise j\u00e4lgimise rakendus \u201eSamsung Health\u201c (pulsi j\u00e4lgimine, une kvaliteedi j\u00e4lgimine, vere hapniku j\u00e4lgimine); \u2022 Lisafunktsioonid (sissetulevate k\u00f5nede [&hellip;]<\/p>\n","protected":false},"featured_media":22189,"comment_status":"closed","ping_status":"open","template":"","meta":{"inline_featured_image":false},"product_brand":[],"product_cat":[176],"product_tag":[],"class_list":{"0":"post-22188","1":"product","2":"type-product","3":"status-publish","4":"has-post-thumbnail","6":"product_cat-smart-chasy","7":"pa_asukoht-lasnamae","8":"pa_seisukord-ispolzovano","10":"first","11":"instock","12":"taxable","13":"shipping-taxable","14":"purchasable","15":"product-type-simple"},"_links":{"self":[{"href":"https:\/\/a-pant.ee\/ru\/wp-json\/wp\/v2\/product\/22188","targetHints":{"allow":["GET"]}}],"collection":[{"href":"https:\/\/a-pant.ee\/ru\/wp-json\/wp\/v2\/product"}],"about":[{"href":"https:\/\/a-pant.ee\/ru\/wp-json\/wp\/v2\/types\/product"}],"replies":[{"embeddable":true,"href":"https:\/\/a-pant.ee\/ru\/wp-json\/wp\/v2\/comments?post=22188"}],"wp:featuredmedia":[{"embeddable":true,"href":"https:\/\/a-pant.ee\/ru\/wp-json\/wp\/v2\/media\/22189"}],"wp:attachment":[{"href":"https:\/\/a-pant.ee\/ru\/wp-json\/wp\/v2\/media?parent=22188"}],"wp:term":[{"taxonomy":"product_brand","embeddable":true,"href":"https:\/\/a-pant.ee\/ru\/wp-json\/wp\/v2\/product_brand?post=22188"},{"taxonomy":"product_cat","embeddable":true,"href":"https:\/\/a-pant.ee\/ru\/wp-json\/wp\/v2\/product_cat?post=22188"},{"taxonomy":"product_tag","embeddable":true,"href":"https:\/\/a-pant.ee\/ru\/wp-json\/wp\/v2\/product_tag?post=22188"}],"curies":[{"name":"wp","href":"https:\/\/api.w.org\/{rel}","templated":true}]}}