{"id":22181,"date":"2026-02-03T23:32:18","date_gmt":"2026-02-03T20:32:18","guid":{"rendered":"https:\/\/a-pant.ee\/product\/udarnaya-drel-kawasaki-k-ed-e-850-korobka\/"},"modified":"2026-02-22T12:50:48","modified_gmt":"2026-02-22T09:50:48","slug":"udarnaya-drel-kawasaki-k-ed-e-850-korobka","status":"publish","type":"product","link":"https:\/\/a-pant.ee\/ru\/product\/udarnaya-drel-kawasaki-k-ed-e-850-korobka\/","title":{"rendered":"\u0423\u0434\u0430\u0440\u043d\u0430\u044f \u0414\u0440\u0435\u043b\u044c Kawasaki K-ED-E 850 + \u041a\u043e\u0440\u043e\u0431\u043a\u0430"},"content":{"rendered":"\n<p> L\u00f6\u00f6ktrell Kawasaki K-ED-E 850 + Karp,\u00a0heas seisu- ja t\u00f6\u00f6korras! <\/p><p> KIRJELDUS <\/p><table><tbody><tr><td scope=\"row\"> Komplekti kuulub <\/td><td> S\u00fcgavuspiirik <\/td><\/tr><tr><td scope=\"row\"> K\u00fclgk\u00e4epide <\/td><td> Jah <\/td><\/tr><tr><td scope=\"row\"> L\u00f6\u00f6gisagedus, l\u00f6\u00f6k\/min <\/td><td> 40000 <\/td><\/tr><tr><td scope=\"row\"> L\u00f6\u00f6kfunktsioon <\/td><td> Jah <\/td><\/tr><tr><td scope=\"row\"> Padrun, mm <\/td><td> 13 <\/td><\/tr><tr><td scope=\"row\"> Padruni t\u00fc\u00fcp <\/td><td> kiirpadrun <\/td><\/tr><tr><td scope=\"row\"> P\u00f6\u00f6rlemiskiirus, p\/min <\/td><td> 2800 <\/td><\/tr><tr><td scope=\"row\"> Reguleeritav kiirus <\/td><td> Jah <\/td><\/tr><tr><td scope=\"row\"> Toitejuhtme pikkus, m <\/td><td> 2 <\/td><\/tr><tr><td scope=\"row\"> V\u00f5imsus, W <\/td><td> 850 <\/td><\/tr><\/tbody><\/table>\n","protected":false},"excerpt":{"rendered":"<p>L\u00f6\u00f6ktrell Kawasaki K-ED-E 850 + Karp,\u00a0heas seisu- ja t\u00f6\u00f6korras! KIRJELDUS Komplekti kuulub S\u00fcgavuspiirik K\u00fclgk\u00e4epide Jah L\u00f6\u00f6gisagedus, l\u00f6\u00f6k\/min 40000 L\u00f6\u00f6kfunktsioon Jah Padrun, mm 13 Padruni t\u00fc\u00fcp kiirpadrun P\u00f6\u00f6rlemiskiirus, p\/min 2800 Reguleeritav kiirus Jah Toitejuhtme pikkus, m 2 V\u00f5imsus, W 850<\/p>\n","protected":false},"featured_media":22182,"comment_status":"closed","ping_status":"open","template":"","meta":{"inline_featured_image":false},"product_brand":[],"product_cat":[239],"product_tag":[],"class_list":{"0":"post-22181","1":"product","2":"type-product","3":"status-publish","4":"has-post-thumbnail","6":"product_cat-perforatory-i-dreli","7":"pa_asukoht-mustamae","8":"pa_seisukord-ispolzovano","10":"first","11":"instock","12":"taxable","13":"shipping-taxable","14":"purchasable","15":"product-type-simple"},"_links":{"self":[{"href":"https:\/\/a-pant.ee\/ru\/wp-json\/wp\/v2\/product\/22181","targetHints":{"allow":["GET"]}}],"collection":[{"href":"https:\/\/a-pant.ee\/ru\/wp-json\/wp\/v2\/product"}],"about":[{"href":"https:\/\/a-pant.ee\/ru\/wp-json\/wp\/v2\/types\/product"}],"replies":[{"embeddable":true,"href":"https:\/\/a-pant.ee\/ru\/wp-json\/wp\/v2\/comments?post=22181"}],"wp:featuredmedia":[{"embeddable":true,"href":"https:\/\/a-pant.ee\/ru\/wp-json\/wp\/v2\/media\/22182"}],"wp:attachment":[{"href":"https:\/\/a-pant.ee\/ru\/wp-json\/wp\/v2\/media?parent=22181"}],"wp:term":[{"taxonomy":"product_brand","embeddable":true,"href":"https:\/\/a-pant.ee\/ru\/wp-json\/wp\/v2\/product_brand?post=22181"},{"taxonomy":"product_cat","embeddable":true,"href":"https:\/\/a-pant.ee\/ru\/wp-json\/wp\/v2\/product_cat?post=22181"},{"taxonomy":"product_tag","embeddable":true,"href":"https:\/\/a-pant.ee\/ru\/wp-json\/wp\/v2\/product_tag?post=22181"}],"curies":[{"name":"wp","href":"https:\/\/api.w.org\/{rel}","templated":true}]}}